{"id":13238,"date":"2025-07-31T03:18:33","date_gmt":"2025-07-31T03:18:33","guid":{"rendered":"https:\/\/www.cfaebooks.com\/?post_type=product&#038;p=13238"},"modified":"2026-04-03T08:05:13","modified_gmt":"2026-04-03T08:05:13","slug":"cfa-2026-niveau-1-ift-studienoter-med-formelark","status":"publish","type":"product","link":"https:\/\/www.cfaebooks.com\/da\/products\/cfa-2026-niveau-1-ift-studienoter-med-formelark\/","title":{"rendered":"CFA 2026 Level 1 IFT Study Notes med formelark"},"content":{"rendered":"<p>For sale is an e-Book 2026 CFA Level 1 IFT Study Notes with Formula Sheet PDF.<\/p>\n\n\n\n<p>Indeholder f\u00f8lgende emner: <\/p>\n\n\n\n<ol class=\"wp-block-list\">\n<li>Foruds\u00e6tninger for l\u00e6sning<\/li>\n\n\n\n<li><em>Kvantitative metoder<\/em><\/li>\n\n\n\n<li><em>\u00d8konomi<\/em><\/li>\n\n\n\n<li><em>Virksomhedsudstedere<\/em><\/li>\n\n\n\n<li><em>Analyse af \u00e5rsregnskab<\/em><\/li>\n\n\n\n<li><em>Egenkapitalinvesteringer<\/em><\/li>\n\n\n\n<li><em>Fast indkomst<\/em><\/li>\n\n\n\n<li><em>Derivater<\/em><\/li>\n\n\n\n<li><em>Alternative investeringer<\/em><\/li>\n\n\n\n<li><em>Portef\u00f8ljeforvaltning<\/em><\/li>\n\n\n\n<li><em>Etiske og professionelle standarder<\/em>.<\/li>\n<\/ol>\n\n\n\n<p>Du f\u00e5r detaljerede studienoter, der d\u00e6kker alle LOS, og som inkluderer: <strong><em>Resum\u00e9 af hver l\u00e6sning og eksempler<\/em><\/strong><\/p>\n\n\n\n<ul class=\"wp-block-list\">\n<li>Efter checkout kan du downloade e-bogen med det samme.<\/li>\n\n\n\n<li>Dette er ikke en fysisk bog, men en digital PDF-kopi. K\u00f8b den ikke, hvis du vil have en fysisk kopi.<\/li>\n<\/ul>","protected":false},"excerpt":{"rendered":"<p>For sale is an e-Book 2026 CFA Level 1 IFT Study Notes with Formula Sheet PDF. Includes the following topics: You will get detailed Study Notes covering all LOS, and which include: Summary of each reading and Examples<\/p>","protected":false},"featured_media":13387,"comment_status":"closed","ping_status":"closed","template":"","meta":[],"product_brand":[],"product_cat":[260],"product_tag":[369,93,88,90,370,87,91,92,167,168],"class_list":{"0":"post-13238","1":"product","2":"type-product","3":"status-publish","4":"has-post-thumbnail","6":"product_cat-cfa-level-1","7":"product_tag-cfa-2026","8":"product_tag-cfa-books","9":"product_tag-cfa-ebooks","10":"product_tag-cfa-exam","11":"product_tag-cfa-level-1-2026","12":"product_tag-cfa-level-i","13":"product_tag-cfa-prep","14":"product_tag-cfa-test","15":"product_tag-ift","16":"product_tag-study-notes","18":"first","19":"instock","20":"downloadable","21":"virtual","22":"sold-individually","23":"purchasable","24":"product-type-simple"},"_links":{"self":[{"href":"https:\/\/www.cfaebooks.com\/da\/wp-json\/wp\/v2\/product\/13238","targetHints":{"allow":["GET"]}}],"collection":[{"href":"https:\/\/www.cfaebooks.com\/da\/wp-json\/wp\/v2\/product"}],"about":[{"href":"https:\/\/www.cfaebooks.com\/da\/wp-json\/wp\/v2\/types\/product"}],"replies":[{"embeddable":true,"href":"https:\/\/www.cfaebooks.com\/da\/wp-json\/wp\/v2\/comments?post=13238"}],"wp:featuredmedia":[{"embeddable":true,"href":"https:\/\/www.cfaebooks.com\/da\/wp-json\/wp\/v2\/media\/13387"}],"wp:attachment":[{"href":"https:\/\/www.cfaebooks.com\/da\/wp-json\/wp\/v2\/media?parent=13238"}],"wp:term":[{"taxonomy":"product_brand","embeddable":true,"href":"https:\/\/www.cfaebooks.com\/da\/wp-json\/wp\/v2\/product_brand?post=13238"},{"taxonomy":"product_cat","embeddable":true,"href":"https:\/\/www.cfaebooks.com\/da\/wp-json\/wp\/v2\/product_cat?post=13238"},{"taxonomy":"product_tag","embeddable":true,"href":"https:\/\/www.cfaebooks.com\/da\/wp-json\/wp\/v2\/product_tag?post=13238"}],"curies":[{"name":"wp","href":"https:\/\/api.w.org\/{rel}","templated":true}]}}