{"id":12947,"date":"2025-06-22T06:15:37","date_gmt":"2025-06-22T06:15:37","guid":{"rendered":"https:\/\/www.cfaebooks.com\/?post_type=product&#038;p=12947"},"modified":"2026-04-03T08:05:08","modified_gmt":"2026-04-03T08:05:08","slug":"caia-2025-uppermark-mock-eksamener-niveau-2","status":"publish","type":"product","link":"https:\/\/www.cfaebooks.com\/da\/products\/caia-2025-uppermark-mock-eksamener-niveau-2\/","title":{"rendered":"CAIA 2025 UpperMark Mock-eksamener niveau 2"},"content":{"rendered":"<p>Til salg er en e-bog CAIA 2025 UpperMark Mock Exams Level 2.<\/p>\n\n\n\n<p><strong>Inkluderet er <strong>4 fulde pr\u00f8veeksamener<\/strong>hver med to sessioner - designet til at afspejle det faktiske CAIA Level II-eksamensformat.<\/strong><\/p>\n\n\n\n<p><strong>Indeholder et svar til hvert sp\u00f8rgsm\u00e5l.<\/strong><\/p>\n\n\n\n<p>Dette er ikke en fysisk bog, men en digital PDF-kopi. K\u00f8b den ikke, hvis du vil have en fysisk udgave. N\u00e5r du er g\u00e5et til kassen, kan du downloade e-bogen med det samme.<\/p>","protected":false},"excerpt":{"rendered":"<p>For sale is an e-Book CAIA 2025 UpperMark Mock Exams Level 2. Included are 4 full mock exams, each with two sessions\u2014designed to mirror the actual CAIA Level II exam format. Includes an answer for every question. This is not a physical book it is a&nbsp;PDF&nbsp;digital copy. Please do not purchase if you want a [&hellip;]<\/p>\n","protected":false},"featured_media":12948,"comment_status":"closed","ping_status":"closed","template":"","meta":[],"product_brand":[],"product_cat":[318],"product_tag":[247,319,251,250,248,322,253,366,252,249],"class_list":{"0":"post-12947","1":"product","2":"type-product","3":"status-publish","4":"has-post-thumbnail","6":"product_cat-caia-level-2","7":"product_tag-caia","8":"product_tag-caia-2025","9":"product_tag-caia-books","10":"product_tag-caia-ebooks","11":"product_tag-caia-exam","12":"product_tag-caia-level-2","13":"product_tag-caia-level-ii","14":"product_tag-caia-mock-exams","15":"product_tag-caia-prep","16":"product_tag-caia-test","18":"first","19":"instock","20":"downloadable","21":"virtual","22":"sold-individually","23":"purchasable","24":"product-type-simple"},"_links":{"self":[{"href":"https:\/\/www.cfaebooks.com\/da\/wp-json\/wp\/v2\/product\/12947","targetHints":{"allow":["GET"]}}],"collection":[{"href":"https:\/\/www.cfaebooks.com\/da\/wp-json\/wp\/v2\/product"}],"about":[{"href":"https:\/\/www.cfaebooks.com\/da\/wp-json\/wp\/v2\/types\/product"}],"replies":[{"embeddable":true,"href":"https:\/\/www.cfaebooks.com\/da\/wp-json\/wp\/v2\/comments?post=12947"}],"wp:featuredmedia":[{"embeddable":true,"href":"https:\/\/www.cfaebooks.com\/da\/wp-json\/wp\/v2\/media\/12948"}],"wp:attachment":[{"href":"https:\/\/www.cfaebooks.com\/da\/wp-json\/wp\/v2\/media?parent=12947"}],"wp:term":[{"taxonomy":"product_brand","embeddable":true,"href":"https:\/\/www.cfaebooks.com\/da\/wp-json\/wp\/v2\/product_brand?post=12947"},{"taxonomy":"product_cat","embeddable":true,"href":"https:\/\/www.cfaebooks.com\/da\/wp-json\/wp\/v2\/product_cat?post=12947"},{"taxonomy":"product_tag","embeddable":true,"href":"https:\/\/www.cfaebooks.com\/da\/wp-json\/wp\/v2\/product_tag?post=12947"}],"curies":[{"name":"wp","href":"https:\/\/api.w.org\/{rel}","templated":true}]}}