{"id":12941,"date":"2025-06-22T05:08:46","date_gmt":"2025-06-22T05:08:46","guid":{"rendered":"https:\/\/www.cfaebooks.com\/?post_type=product&#038;p=12941"},"modified":"2026-04-03T08:05:05","modified_gmt":"2026-04-03T08:05:05","slug":"caia-2025-level-2-uppermark-question-bank-crq-and-essay-questions","status":"publish","type":"product","link":"https:\/\/www.cfaebooks.com\/da\/products\/caia-2025-level-2-uppermark-question-bank-crq-and-essay-questions\/","title":{"rendered":"CAIA 2025 Level 2 UpperMark sp\u00f8rgsm\u00e5lsbank, CRQ og essay-sp\u00f8rgsm\u00e5l"},"content":{"rendered":"<p>For sale is an e-Book 2025 CAIA Level 2 UpperMark Question Bank, CRQ and Essay Questions.<\/p>\n\n\n\n<p><strong>Testbanken indeholder over 2.000 sp\u00f8rgsm\u00e5l med detaljerede svar.<\/strong><\/p>\n\n\n\n<p><strong>Konstruktive svar p\u00e5 sp\u00f8rgsm\u00e5l<\/strong> (CRQ)<\/p>\n\n\n\n<p><strong>Essay-sp\u00f8rgsm\u00e5l med model-svar<\/strong><\/p>\n\n\n\n<p><strong>QBank Emne d\u00e6kket:<\/strong><\/p>\n\n\n\n<ul class=\"wp-block-list\">\n<li>Emne 1 Institutionelle kapitalejere og investeringspolitikker<\/li>\n\n\n\n<li>Emne 2 Fordeling af aktiver<\/li>\n\n\n\n<li>Emne 3 Risiko og risikostyring<\/li>\n\n\n\n<li>Emne 4 Metoder og modeller<\/li>\n\n\n\n<li>Emne 5 Adgang til alternative investeringer<\/li>\n\n\n\n<li>Emne 6 Due Diligence og udv\u00e6lgelse af ledere<\/li>\n\n\n\n<li>Emne 7 Volatilitet og komplekse strategier<\/li>\n<\/ul>\n\n\n\n<p><strong>CRQ Emne d\u00e6kket:<\/strong><\/p>\n\n\n\n<ul class=\"wp-block-list\">\n<li>Emne 1 Institutionelle kapitalejere og investeringspolitikker<\/li>\n\n\n\n<li>Emne 2 Fordeling af aktiver<\/li>\n\n\n\n<li>Emne 3 Risiko og risikostyring<\/li>\n\n\n\n<li>Emne 4 Metoder og modeller<\/li>\n\n\n\n<li>Emne 5 Adgang til alternative investeringer<\/li>\n\n\n\n<li>Emne 6 Due Diligence og udv\u00e6lgelse af ledere<\/li>\n\n\n\n<li>Emne 7 Volatilitet og komplekse strategier<\/li>\n\n\n\n<li>Emne 8 Universelle investeringsovervejelser<\/li>\n\n\n\n<li>Emne 9 Nye emner<\/li>\n<\/ul>\n\n\n\n<p>Dette er ikke en fysisk bog, men en digital PDF-kopi. K\u00f8b den ikke, hvis du vil have en fysisk udgave. N\u00e5r du er g\u00e5et til kassen, kan du downloade e-bogen med det samme.<\/p>","protected":false},"excerpt":{"rendered":"<p>For sale is an e-Book 2025 CAIA Level 2 UpperMark Question Bank, CRQ and Essay Questions. The test bank includes over 2,000 questions with detailed answers. Constructive Response Questions (CRQ) Essay Questions with Model Answers QBank Topic covered: CRQ Topic covered: This is not a physical book it is a&nbsp;PDF&nbsp;digital copy. Please do not purchase [&hellip;]<\/p>\n","protected":false},"featured_media":12942,"comment_status":"closed","ping_status":"closed","template":"","meta":[],"product_brand":[],"product_cat":[318],"product_tag":[247,319,251,368,250,248,253,252,330,331,249],"class_list":{"0":"post-12941","1":"product","2":"type-product","3":"status-publish","4":"has-post-thumbnail","6":"product_cat-caia-level-2","7":"product_tag-caia","8":"product_tag-caia-2025","9":"product_tag-caia-books","10":"product_tag-caia-crq","11":"product_tag-caia-ebooks","12":"product_tag-caia-exam","13":"product_tag-caia-level-ii","14":"product_tag-caia-prep","15":"product_tag-caia-qbank","16":"product_tag-caia-question-bank","17":"product_tag-caia-test","19":"first","20":"instock","21":"downloadable","22":"virtual","23":"sold-individually","24":"purchasable","25":"product-type-simple"},"_links":{"self":[{"href":"https:\/\/www.cfaebooks.com\/da\/wp-json\/wp\/v2\/product\/12941","targetHints":{"allow":["GET"]}}],"collection":[{"href":"https:\/\/www.cfaebooks.com\/da\/wp-json\/wp\/v2\/product"}],"about":[{"href":"https:\/\/www.cfaebooks.com\/da\/wp-json\/wp\/v2\/types\/product"}],"replies":[{"embeddable":true,"href":"https:\/\/www.cfaebooks.com\/da\/wp-json\/wp\/v2\/comments?post=12941"}],"wp:featuredmedia":[{"embeddable":true,"href":"https:\/\/www.cfaebooks.com\/da\/wp-json\/wp\/v2\/media\/12942"}],"wp:attachment":[{"href":"https:\/\/www.cfaebooks.com\/da\/wp-json\/wp\/v2\/media?parent=12941"}],"wp:term":[{"taxonomy":"product_brand","embeddable":true,"href":"https:\/\/www.cfaebooks.com\/da\/wp-json\/wp\/v2\/product_brand?post=12941"},{"taxonomy":"product_cat","embeddable":true,"href":"https:\/\/www.cfaebooks.com\/da\/wp-json\/wp\/v2\/product_cat?post=12941"},{"taxonomy":"product_tag","embeddable":true,"href":"https:\/\/www.cfaebooks.com\/da\/wp-json\/wp\/v2\/product_tag?post=12941"}],"curies":[{"name":"wp","href":"https:\/\/api.w.org\/{rel}","templated":true}]}}