{"id":12889,"date":"2025-06-21T01:24:57","date_gmt":"2025-06-21T01:24:57","guid":{"rendered":"https:\/\/www.cfaebooks.com\/?post_type=product&#038;p=12889"},"modified":"2026-04-03T08:04:47","modified_gmt":"2026-04-03T08:04:47","slug":"cfa-2025-uworld-question-bank-level-3-portfolio-management-pathway","status":"publish","type":"product","link":"https:\/\/www.cfaebooks.com\/da\/products\/cfa-2025-uworld-question-bank-level-3-portfolio-management-pathway\/","title":{"rendered":"CFA 2025 UWorld sp\u00f8rgsm\u00e5lsbank Niveau 3 Portef\u00f8ljestyringsforl\u00f8b (MCQ'er + CRQ'er)"},"content":{"rendered":"<p>Til salg er en e-bog\u00a0<strong>2025 CFA UWorld Question bank Level 3 Portfolio management pathway<\/strong>\u00a0PDF.<\/p>\n\n\n\n<p>Inkluderer <strong>MCQs and CRQs<\/strong>, hvor hver del d\u00e6kker <strong>core topics and Portfolio management pathway<\/strong> sp\u00f8rgsm\u00e5l og svar.<\/p>\n\n\n\n<p>Indeholder f\u00f8lgende emner:&nbsp;<\/p>\n\n\n\n<ul class=\"wp-block-list\">\n<li>Allokering af aktiver<\/li>\n\n\n\n<li>Konstruktion af portef\u00f8lje<\/li>\n\n\n\n<li>Ledelse af pr\u00e6stationer<\/li>\n\n\n\n<li>Derivater og risikostyring<\/li>\n\n\n\n<li>Etiske og professionelle standarder<\/li>\n\n\n\n<li><strong>Vejen til portef\u00f8ljeforvaltning<\/strong><\/li>\n<\/ul>\n\n\n\n<p>Teksten er s\u00f8gbar ved hj\u00e6lp af s\u00f8gefunktionen p\u00e5 dit computertastatur 'ctrl+f' og via s\u00f8gning p\u00e5 din smartphone\/tablet. N\u00e5r du er g\u00e5et til kassen, kan du downloade sp\u00f8rgsm\u00e5lsbanken med det samme.<\/p>","protected":false},"excerpt":{"rendered":"<p>For sale is an e-Book\u00a02025 CFA UWorld Question bank Level 3 Portfolio management pathway\u00a0PDF. Includes MCQs and CRQs, with each part covering core topics and Portfolio management pathway questions and answers. Includes the following topics:&nbsp; The text is searchable using the find feature on your computer keyboard \u2018ctrl+f\u2019 and through search on your smartphone\/tablet. After [&hellip;]<\/p>\n","protected":false},"featured_media":12900,"comment_status":"closed","ping_status":"closed","template":"","meta":[],"product_brand":[],"product_cat":[265],"product_tag":[261,93,88,90,180,91,166,92,365],"class_list":{"0":"post-12889","1":"product","2":"type-product","3":"status-publish","4":"has-post-thumbnail","6":"product_cat-cfa-level-3","7":"product_tag-cfa-2025","8":"product_tag-cfa-books","9":"product_tag-cfa-ebooks","10":"product_tag-cfa-exam","11":"product_tag-cfa-level-3","12":"product_tag-cfa-prep","13":"product_tag-cfa-question-bank","14":"product_tag-cfa-test","15":"product_tag-cfa-uworld","17":"first","18":"instock","19":"downloadable","20":"virtual","21":"sold-individually","22":"purchasable","23":"product-type-simple"},"_links":{"self":[{"href":"https:\/\/www.cfaebooks.com\/da\/wp-json\/wp\/v2\/product\/12889","targetHints":{"allow":["GET"]}}],"collection":[{"href":"https:\/\/www.cfaebooks.com\/da\/wp-json\/wp\/v2\/product"}],"about":[{"href":"https:\/\/www.cfaebooks.com\/da\/wp-json\/wp\/v2\/types\/product"}],"replies":[{"embeddable":true,"href":"https:\/\/www.cfaebooks.com\/da\/wp-json\/wp\/v2\/comments?post=12889"}],"wp:featuredmedia":[{"embeddable":true,"href":"https:\/\/www.cfaebooks.com\/da\/wp-json\/wp\/v2\/media\/12900"}],"wp:attachment":[{"href":"https:\/\/www.cfaebooks.com\/da\/wp-json\/wp\/v2\/media?parent=12889"}],"wp:term":[{"taxonomy":"product_brand","embeddable":true,"href":"https:\/\/www.cfaebooks.com\/da\/wp-json\/wp\/v2\/product_brand?post=12889"},{"taxonomy":"product_cat","embeddable":true,"href":"https:\/\/www.cfaebooks.com\/da\/wp-json\/wp\/v2\/product_cat?post=12889"},{"taxonomy":"product_tag","embeddable":true,"href":"https:\/\/www.cfaebooks.com\/da\/wp-json\/wp\/v2\/product_tag?post=12889"}],"curies":[{"name":"wp","href":"https:\/\/api.w.org\/{rel}","templated":true}]}}