{"id":12763,"date":"2025-06-06T04:35:56","date_gmt":"2025-06-06T04:35:56","guid":{"rendered":"https:\/\/www.cfaebooks.com\/?post_type=product&#038;p=12763"},"modified":"2026-04-03T08:04:17","modified_gmt":"2026-04-03T08:04:17","slug":"cfa-2025-analystprep-sporgsmalsbank-niveau-3-alle-veje","status":"publish","type":"product","link":"https:\/\/www.cfaebooks.com\/da\/products\/cfa-2025-analystprep-sporgsmalsbank-niveau-3-alle-veje\/","title":{"rendered":"CFA 2025 AnalystPrep Question Bank Level 3 All Pathways"},"content":{"rendered":"<p>Til salg er en e-bog <strong>2025 CFA AnalystPrep Question Bank Level 3 All Pathways<\/strong> PDF.<\/p>\n\n\n\n<p>Indeholder f\u00f8lgende emner:&nbsp;<\/p>\n\n\n\n<ul class=\"wp-block-list\">\n<li><strong>Kapitel 1:<\/strong> Allokering af aktiver<\/li>\n\n\n\n<li><strong>Kapitel 2:<\/strong> Konstruktion af portef\u00f8lje<\/li>\n\n\n\n<li><strong>Kapitel 3:<\/strong> Ledelse af pr\u00e6stationer<\/li>\n\n\n\n<li><strong>Kapitel 4:<\/strong> Derivater og risikostyring<\/li>\n\n\n\n<li><strong>Kapitel 5:<\/strong> Etiske standarder<\/li>\n\n\n\n<li><strong>Vejen til portef\u00f8ljeforvaltning<\/strong><\/li>\n\n\n\n<li><strong>Vejen til private markeder<\/strong><\/li>\n\n\n\n<li><strong>Vejen til privat formue<\/strong><\/li>\n<\/ul>\n\n\n\n<p>Dette er ikke en fysisk bog, men en digital PDF-kopi. K\u00f8b den ikke, hvis du vil have en fysisk udgave. N\u00e5r du er g\u00e5et til kassen, kan du downloade e-bogen med det samme.<\/p>","protected":false},"excerpt":{"rendered":"<p>For sale is an e-Book 2025 CFA AnalystPrep Question Bank Level 3 All Pathways PDF. Includes the following topics:&nbsp; This is not a physical book it is a&nbsp;PDF&nbsp;digital copy. Please do not purchase if you want a physical hard copy. After checkout you can download the e-Book immediately.<\/p>","protected":false},"featured_media":12600,"comment_status":"closed","ping_status":"closed","template":"","meta":[],"product_brand":[],"product_cat":[265],"product_tag":[261,93,88,90,180,91,166,92,162],"class_list":{"0":"post-12763","1":"product","2":"type-product","3":"status-publish","4":"has-post-thumbnail","6":"product_cat-cfa-level-3","7":"product_tag-cfa-2025","8":"product_tag-cfa-books","9":"product_tag-cfa-ebooks","10":"product_tag-cfa-exam","11":"product_tag-cfa-level-3","12":"product_tag-cfa-prep","13":"product_tag-cfa-question-bank","14":"product_tag-cfa-test","15":"product_tag-qbank","17":"first","18":"instock","19":"downloadable","20":"virtual","21":"sold-individually","22":"purchasable","23":"product-type-simple"},"_links":{"self":[{"href":"https:\/\/www.cfaebooks.com\/da\/wp-json\/wp\/v2\/product\/12763","targetHints":{"allow":["GET"]}}],"collection":[{"href":"https:\/\/www.cfaebooks.com\/da\/wp-json\/wp\/v2\/product"}],"about":[{"href":"https:\/\/www.cfaebooks.com\/da\/wp-json\/wp\/v2\/types\/product"}],"replies":[{"embeddable":true,"href":"https:\/\/www.cfaebooks.com\/da\/wp-json\/wp\/v2\/comments?post=12763"}],"wp:featuredmedia":[{"embeddable":true,"href":"https:\/\/www.cfaebooks.com\/da\/wp-json\/wp\/v2\/media\/12600"}],"wp:attachment":[{"href":"https:\/\/www.cfaebooks.com\/da\/wp-json\/wp\/v2\/media?parent=12763"}],"wp:term":[{"taxonomy":"product_brand","embeddable":true,"href":"https:\/\/www.cfaebooks.com\/da\/wp-json\/wp\/v2\/product_brand?post=12763"},{"taxonomy":"product_cat","embeddable":true,"href":"https:\/\/www.cfaebooks.com\/da\/wp-json\/wp\/v2\/product_cat?post=12763"},{"taxonomy":"product_tag","embeddable":true,"href":"https:\/\/www.cfaebooks.com\/da\/wp-json\/wp\/v2\/product_tag?post=12763"}],"curies":[{"name":"wp","href":"https:\/\/api.w.org\/{rel}","templated":true}]}}