{"id":12560,"date":"2025-05-09T08:51:29","date_gmt":"2025-05-09T08:51:29","guid":{"rendered":"https:\/\/www.cfaebooks.com\/?post_type=product&#038;p=12560"},"modified":"2026-04-03T08:03:51","modified_gmt":"2026-04-03T08:03:51","slug":"cfa-niveau-3-officielle-proveeksamener-2020-2025-med-svar-2","status":"publish","type":"product","link":"https:\/\/www.cfaebooks.com\/da\/products\/cfa-niveau-3-officielle-proveeksamener-2020-2025-med-svar-2\/","title":{"rendered":"CFA Level 3 Official Mock Exams 2020 - 2025 med svar"},"content":{"rendered":"<p>Til salg er en e-bog <strong>CFA Level 3 Official Mock Exams 2020 - 2025 med svar<\/strong> PDF.<\/p>\n\n\n\n<p><strong>Hver pr\u00f8veeksamen indeholder sp\u00f8rgsm\u00e5l og svar.<\/strong><\/p>\n\n\n\n<ul class=\"wp-block-list\">\n<li>Dette er ikke en fysisk bog, men en digital PDF-kopi. <\/li>\n\n\n\n<li>K\u00f8b ikke, hvis du vil have en fysisk udgave. N\u00e5r du er g\u00e5et til kassen, kan du downloade e-bogen med det samme.<\/li>\n<\/ul>","protected":false},"excerpt":{"rendered":"<p>Til salg er en e-bog CFA Level 3 Official Mock Exams 2020 - 2025 with Answers PDF. Hver pr\u00f8veeksamen indeholder sp\u00f8rgsm\u00e5l og svar.<\/p>","protected":false},"featured_media":12561,"comment_status":"closed","ping_status":"closed","template":"","meta":[],"product_brand":[],"product_cat":[265],"product_tag":[261,93,88,90,180,360,91,92,176],"class_list":{"0":"post-12560","1":"product","2":"type-product","3":"status-publish","4":"has-post-thumbnail","6":"product_cat-cfa-level-3","7":"product_tag-cfa-2025","8":"product_tag-cfa-books","9":"product_tag-cfa-ebooks","10":"product_tag-cfa-exam","11":"product_tag-cfa-level-3","12":"product_tag-cfa-level-3-mock-exams","13":"product_tag-cfa-prep","14":"product_tag-cfa-test","15":"product_tag-mock-exam","17":"first","18":"instock","19":"downloadable","20":"virtual","21":"sold-individually","22":"purchasable","23":"product-type-simple"},"_links":{"self":[{"href":"https:\/\/www.cfaebooks.com\/da\/wp-json\/wp\/v2\/product\/12560","targetHints":{"allow":["GET"]}}],"collection":[{"href":"https:\/\/www.cfaebooks.com\/da\/wp-json\/wp\/v2\/product"}],"about":[{"href":"https:\/\/www.cfaebooks.com\/da\/wp-json\/wp\/v2\/types\/product"}],"replies":[{"embeddable":true,"href":"https:\/\/www.cfaebooks.com\/da\/wp-json\/wp\/v2\/comments?post=12560"}],"wp:featuredmedia":[{"embeddable":true,"href":"https:\/\/www.cfaebooks.com\/da\/wp-json\/wp\/v2\/media\/12561"}],"wp:attachment":[{"href":"https:\/\/www.cfaebooks.com\/da\/wp-json\/wp\/v2\/media?parent=12560"}],"wp:term":[{"taxonomy":"product_brand","embeddable":true,"href":"https:\/\/www.cfaebooks.com\/da\/wp-json\/wp\/v2\/product_brand?post=12560"},{"taxonomy":"product_cat","embeddable":true,"href":"https:\/\/www.cfaebooks.com\/da\/wp-json\/wp\/v2\/product_cat?post=12560"},{"taxonomy":"product_tag","embeddable":true,"href":"https:\/\/www.cfaebooks.com\/da\/wp-json\/wp\/v2\/product_tag?post=12560"}],"curies":[{"name":"wp","href":"https:\/\/api.w.org\/{rel}","templated":true}]}}