{"id":12500,"date":"2025-05-02T03:18:12","date_gmt":"2025-05-02T03:18:12","guid":{"rendered":"https:\/\/www.cfaebooks.com\/?post_type=product&#038;p=12500"},"modified":"2026-04-03T08:03:44","modified_gmt":"2026-04-03T08:03:44","slug":"cfa-2025-ift-high-yield-study-notes-niveau-2","status":"publish","type":"product","link":"https:\/\/www.cfaebooks.com\/da\/products\/cfa-2025-ift-high-yield-study-notes-niveau-2\/","title":{"rendered":"CFA 2025 IFT High Yield Study Notes Niveau 1"},"content":{"rendered":"<p>Til salg er en e-bog <strong>2025 CFA Level 1 IFT High Yield Notes <\/strong> PDF.<\/p>\n\n\n\n<p><strong>Emne inkluderet:<\/strong><\/p>\n\n\n\n<ul class=\"wp-block-list\">\n<li><strong><em>Kvantitative metoder<\/em><\/strong><\/li>\n\n\n\n<li><strong><em>\u00d8konomi<\/em><\/strong><\/li>\n\n\n\n<li><strong><em>Virksomhedsudstedere<\/em><\/strong><\/li>\n\n\n\n<li><strong><em>Analyse af \u00e5rsregnskab<\/em><\/strong><\/li>\n\n\n\n<li><strong><em>Egenkapital<\/em> Investeringer<\/strong><\/li>\n\n\n\n<li><strong><em>Fast indkomst<\/em><\/strong><\/li>\n\n\n\n<li><strong><em>Derivater<\/em><\/strong><\/li>\n\n\n\n<li><strong><em>Alternative investeringer<\/em><\/strong><\/li>\n\n\n\n<li><strong><em>Portef\u00f8ljeforvaltning<\/em><\/strong><\/li>\n\n\n\n<li><strong><strong><em>Etiske og professionelle standarder<\/em><\/strong>.<\/strong><\/li>\n<\/ul>\n\n\n\n<p>N\u00e5r du er g\u00e5et til kassen, kan du downloade e-b\u00f8gerne med det samme. Det er ikke fysiske b\u00f8ger, men digitale PDF-kopier. K\u00f8b dem ikke, hvis du vil have et fysisk eksemplar.<\/p>","protected":false},"excerpt":{"rendered":"<p>For sale is an e-Book 2025 CFA Level 1 IFT High Yield Notes PDF. Topic Included: After checkout you can download the e-Books immediately. These are not physical books they are PDF digital copies. Please do not purchase if you want a physical hard copy.<\/p>","protected":false},"featured_media":12501,"comment_status":"closed","ping_status":"closed","template":"","meta":[],"product_brand":[],"product_cat":[260],"product_tag":[261,93,90,87,311,91,92,335,167],"class_list":{"0":"post-12500","1":"product","2":"type-product","3":"status-publish","4":"has-post-thumbnail","6":"product_cat-cfa-level-1","7":"product_tag-cfa-2025","8":"product_tag-cfa-books","9":"product_tag-cfa-exam","10":"product_tag-cfa-level-i","11":"product_tag-cfa-mocks","12":"product_tag-cfa-prep","13":"product_tag-cfa-test","14":"product_tag-high-yield-notes","15":"product_tag-ift","17":"first","18":"instock","19":"downloadable","20":"virtual","21":"sold-individually","22":"purchasable","23":"product-type-simple"},"_links":{"self":[{"href":"https:\/\/www.cfaebooks.com\/da\/wp-json\/wp\/v2\/product\/12500","targetHints":{"allow":["GET"]}}],"collection":[{"href":"https:\/\/www.cfaebooks.com\/da\/wp-json\/wp\/v2\/product"}],"about":[{"href":"https:\/\/www.cfaebooks.com\/da\/wp-json\/wp\/v2\/types\/product"}],"replies":[{"embeddable":true,"href":"https:\/\/www.cfaebooks.com\/da\/wp-json\/wp\/v2\/comments?post=12500"}],"wp:featuredmedia":[{"embeddable":true,"href":"https:\/\/www.cfaebooks.com\/da\/wp-json\/wp\/v2\/media\/12501"}],"wp:attachment":[{"href":"https:\/\/www.cfaebooks.com\/da\/wp-json\/wp\/v2\/media?parent=12500"}],"wp:term":[{"taxonomy":"product_brand","embeddable":true,"href":"https:\/\/www.cfaebooks.com\/da\/wp-json\/wp\/v2\/product_brand?post=12500"},{"taxonomy":"product_cat","embeddable":true,"href":"https:\/\/www.cfaebooks.com\/da\/wp-json\/wp\/v2\/product_cat?post=12500"},{"taxonomy":"product_tag","embeddable":true,"href":"https:\/\/www.cfaebooks.com\/da\/wp-json\/wp\/v2\/product_tag?post=12500"}],"curies":[{"name":"wp","href":"https:\/\/api.w.org\/{rel}","templated":true}]}}