{"id":12330,"date":"2025-04-09T06:46:35","date_gmt":"2025-04-09T06:46:35","guid":{"rendered":"https:\/\/www.cfaebooks.com\/?post_type=product&#038;p=12330"},"modified":"2026-04-03T08:03:29","modified_gmt":"2026-04-03T08:03:29","slug":"cfa-2025-schweser-proveeksamener-niveau-3-portefoljestyringsforlob","status":"publish","type":"product","link":"https:\/\/www.cfaebooks.com\/da\/products\/cfa-2025-schweser-proveeksamener-niveau-3-portefoljestyringsforlob\/","title":{"rendered":"CFA 2025 Schweser Mock Exams Level 3 Portfolio Management Pathway"},"content":{"rendered":"<p>Til salg er en e-bog\u00a0<strong>2025 CFA Schweser pr\u00f8veeksamener niveau 3 portef\u00f8ljestyringsforl\u00f8b<\/strong>\u00a0PDF<\/p>\n\n\n\n<ul class=\"wp-block-list\">\n<li>Indeholder 6 pr\u00f8veeksamener<\/li>\n\n\n\n<li>Over 500+ sp\u00f8rgsm\u00e5l og svar<\/li>\n\n\n\n<li>Indeholder sp\u00f8rgsm\u00e5l og svar til hvert sp\u00f8rgsm\u00e5l<\/li>\n<\/ul>\n\n\n\n<p>Teksten er s\u00f8gbar ved hj\u00e6lp af s\u00f8gefunktionen p\u00e5 dit computertastatur 'ctrl+f' og via s\u00f8gning p\u00e5 din smartphone\/tablet.<\/p>\n\n\n\n<p>N\u00e5r du er g\u00e5et til kassen, kan du downloade e-bogen med det samme. Dette er ikke en fysisk bog, det er en digital PDF-kopi. K\u00f8b den ikke, hvis du vil have en fysisk udgave.<\/p>","protected":false},"excerpt":{"rendered":"<p>For sale is an e-Book\u00a02025 CFA Schweser\u00a0Mock Exams Level 3 Portfolio Management Pathway\u00a0PDF The text is searchable using the find feature on your computer keyboard \u2018ctrl+f\u2019 and through search on your smartphone\/tablet After checkout you can download the e-Book immediately. This is not a physical book it is a&nbsp;PDF&nbsp;digital copy. Please do not purchase if [&hellip;]<\/p>\n","protected":false},"featured_media":12331,"comment_status":"closed","ping_status":"closed","template":"","meta":[],"product_brand":[],"product_cat":[265],"product_tag":[261,93,88,90,180,267,311,91,92],"class_list":{"0":"post-12330","1":"product","2":"type-product","3":"status-publish","4":"has-post-thumbnail","6":"product_cat-cfa-level-3","7":"product_tag-cfa-2025","8":"product_tag-cfa-books","9":"product_tag-cfa-ebooks","10":"product_tag-cfa-exam","11":"product_tag-cfa-level-3","12":"product_tag-cfa-level-3-2025","13":"product_tag-cfa-mocks","14":"product_tag-cfa-prep","15":"product_tag-cfa-test","17":"first","18":"instock","19":"downloadable","20":"virtual","21":"sold-individually","22":"purchasable","23":"product-type-simple"},"_links":{"self":[{"href":"https:\/\/www.cfaebooks.com\/da\/wp-json\/wp\/v2\/product\/12330","targetHints":{"allow":["GET"]}}],"collection":[{"href":"https:\/\/www.cfaebooks.com\/da\/wp-json\/wp\/v2\/product"}],"about":[{"href":"https:\/\/www.cfaebooks.com\/da\/wp-json\/wp\/v2\/types\/product"}],"replies":[{"embeddable":true,"href":"https:\/\/www.cfaebooks.com\/da\/wp-json\/wp\/v2\/comments?post=12330"}],"wp:featuredmedia":[{"embeddable":true,"href":"https:\/\/www.cfaebooks.com\/da\/wp-json\/wp\/v2\/media\/12331"}],"wp:attachment":[{"href":"https:\/\/www.cfaebooks.com\/da\/wp-json\/wp\/v2\/media?parent=12330"}],"wp:term":[{"taxonomy":"product_brand","embeddable":true,"href":"https:\/\/www.cfaebooks.com\/da\/wp-json\/wp\/v2\/product_brand?post=12330"},{"taxonomy":"product_cat","embeddable":true,"href":"https:\/\/www.cfaebooks.com\/da\/wp-json\/wp\/v2\/product_cat?post=12330"},{"taxonomy":"product_tag","embeddable":true,"href":"https:\/\/www.cfaebooks.com\/da\/wp-json\/wp\/v2\/product_tag?post=12330"}],"curies":[{"name":"wp","href":"https:\/\/api.w.org\/{rel}","templated":true}]}}