{"id":12324,"date":"2025-04-09T06:07:10","date_gmt":"2025-04-09T06:07:10","guid":{"rendered":"https:\/\/www.cfaebooks.com\/?post_type=product&#038;p=12324"},"modified":"2026-04-03T08:03:27","modified_gmt":"2026-04-03T08:03:27","slug":"cfa-2025-schweser-mock-exams-level-2","status":"publish","type":"product","link":"https:\/\/www.cfaebooks.com\/da\/products\/cfa-2025-schweser-mock-exams-level-2\/","title":{"rendered":"CFA 2025 Schweser Mock Exams niveau 2"},"content":{"rendered":"<p>Til salg er en e-bog\u00a0<strong>2025 CFA Schweser\u00a0Mock Exams Level 2<\/strong>\u00a0PDF<\/p>\n\n\n\n<ul class=\"wp-block-list\">\n<li>Indeholder 6 pr\u00f8veeksamener<\/li>\n\n\n\n<li>Over 500+ sp\u00f8rgsm\u00e5l og svar<\/li>\n\n\n\n<li>Indeholder sp\u00f8rgsm\u00e5l og svar til hvert sp\u00f8rgsm\u00e5l<\/li>\n<\/ul>\n\n\n\n<p>Teksten er s\u00f8gbar ved hj\u00e6lp af s\u00f8gefunktionen p\u00e5 dit computertastatur 'ctrl+f' og via s\u00f8gning p\u00e5 din smartphone\/tablet.<\/p>\n\n\n\n<p>Dette er ikke fysiske b\u00f8ger, men digitale PDF-kopier. K\u00f8b dem ikke, hvis du vil have en fysisk udgave.<\/p>\n\n\n\n<p>Efter checkout kan du downloade e-b\u00f8gerne med det samme.<\/p>","protected":false},"excerpt":{"rendered":"<p>For sale is an e-Book\u00a02025 CFA Schweser\u00a0Mock Exams Level 2\u00a0PDF The text is searchable using the find feature on your computer keyboard \u2018ctrl+f\u2019 and through search on your smartphone\/tablet These are not physical books they are PDF digital copies. Please do not purchase if you want a physical hard copy After checkout you can download [&hellip;]<\/p>\n","protected":false},"featured_media":12325,"comment_status":"closed","ping_status":"closed","template":"","meta":[],"product_brand":[],"product_cat":[266],"product_tag":[261,93,88,90,293,166,92],"class_list":{"0":"post-12324","1":"product","2":"type-product","3":"status-publish","4":"has-post-thumbnail","6":"product_cat-cfa-level-2","7":"product_tag-cfa-2025","8":"product_tag-cfa-books","9":"product_tag-cfa-ebooks","10":"product_tag-cfa-exam","11":"product_tag-cfa-level-2-2025","12":"product_tag-cfa-question-bank","13":"product_tag-cfa-test","15":"first","16":"instock","17":"downloadable","18":"virtual","19":"sold-individually","20":"purchasable","21":"product-type-simple"},"_links":{"self":[{"href":"https:\/\/www.cfaebooks.com\/da\/wp-json\/wp\/v2\/product\/12324","targetHints":{"allow":["GET"]}}],"collection":[{"href":"https:\/\/www.cfaebooks.com\/da\/wp-json\/wp\/v2\/product"}],"about":[{"href":"https:\/\/www.cfaebooks.com\/da\/wp-json\/wp\/v2\/types\/product"}],"replies":[{"embeddable":true,"href":"https:\/\/www.cfaebooks.com\/da\/wp-json\/wp\/v2\/comments?post=12324"}],"wp:featuredmedia":[{"embeddable":true,"href":"https:\/\/www.cfaebooks.com\/da\/wp-json\/wp\/v2\/media\/12325"}],"wp:attachment":[{"href":"https:\/\/www.cfaebooks.com\/da\/wp-json\/wp\/v2\/media?parent=12324"}],"wp:term":[{"taxonomy":"product_brand","embeddable":true,"href":"https:\/\/www.cfaebooks.com\/da\/wp-json\/wp\/v2\/product_brand?post=12324"},{"taxonomy":"product_cat","embeddable":true,"href":"https:\/\/www.cfaebooks.com\/da\/wp-json\/wp\/v2\/product_cat?post=12324"},{"taxonomy":"product_tag","embeddable":true,"href":"https:\/\/www.cfaebooks.com\/da\/wp-json\/wp\/v2\/product_tag?post=12324"}],"curies":[{"name":"wp","href":"https:\/\/api.w.org\/{rel}","templated":true}]}}