{"id":12284,"date":"2025-04-07T07:51:06","date_gmt":"2025-04-07T07:51:06","guid":{"rendered":"https:\/\/www.cfaebooks.com\/?post_type=product&#038;p=12284"},"modified":"2026-04-03T08:03:08","modified_gmt":"2026-04-03T08:03:08","slug":"frm-2026-schweser-videoer-del-2-med-arbejdsbog","status":"publish","type":"product","link":"https:\/\/www.cfaebooks.com\/da\/products\/frm-2026-schweser-videoer-del-2-med-arbejdsbog\/","title":{"rendered":"FRM 2026 Schweser-videoer del 2 med arbejdsbog"},"content":{"rendered":"<p>Til salg: FRM Schweser-videoforel\u00e6sninger 2026, del 2, med arbejdsbog.<\/p>\n\n\n\n<p><strong>D\u00e6kkede emner:<\/strong><\/p>\n\n\n\n<ul class=\"wp-block-list\">\n<li>M\u00e5ling og styring af markedsrisiko<\/li>\n\n\n\n<li>M\u00e5ling og styring af kreditrisiko<\/li>\n\n\n\n<li>Operationel risiko og modstandsdygtighed<\/li>\n\n\n\n<li>M\u00e5ling og styring af likviditets- og finansrisiko<\/li>\n\n\n\n<li>Risikostyring, investeringsstyring og aktuelle sp\u00f8rgsm\u00e5l p\u00e5 de finansielle markeder<\/li>\n<\/ul>\n\n\n\n<p><strong>Hvad er inkluderet?<\/strong><\/p>\n\n\n\n<ul class=\"wp-block-list\">\n<li><strong>Videoforel\u00e6sninger<\/strong>: Dybdeg\u00e5ende pr\u00e6sentationer af erfarne instrukt\u00f8rer, der d\u00e6kker alle vigtige emner i del 2.<\/li>\n\n\n\n<li><strong>Arbejdsbog<\/strong>: Velstrukturerede slides, der opsummerer de vigtigste punkter, perfekt til hurtig og effektiv repetition.<\/li>\n<\/ul>\n\n\n\n<p>Efter checkout kan du downloade med det samme.<\/p>","protected":false},"excerpt":{"rendered":"<p>For sale is the 2026 FRM Schweser Video Lectures Part 2 with Workbook. Topics Covered: What\u2019s Included: After checkout you can download instantly.<\/p>","protected":false},"featured_media":17229,"comment_status":"closed","ping_status":"closed","template":"","meta":[],"product_brand":[],"product_cat":[325],"product_tag":[184,409,181,411,182,183,175,271],"class_list":{"0":"post-12284","1":"product","2":"type-product","3":"status-publish","4":"has-post-thumbnail","6":"product_cat-frm-part-2","7":"product_tag-frm","8":"product_tag-frm-2026","9":"product_tag-frm-exam","10":"product_tag-frm-part-2-2026","11":"product_tag-frm-prep","12":"product_tag-frm-test","13":"product_tag-video","14":"product_tag-video-lectures","16":"first","17":"instock","18":"downloadable","19":"virtual","20":"sold-individually","21":"purchasable","22":"product-type-simple"},"_links":{"self":[{"href":"https:\/\/www.cfaebooks.com\/da\/wp-json\/wp\/v2\/product\/12284","targetHints":{"allow":["GET"]}}],"collection":[{"href":"https:\/\/www.cfaebooks.com\/da\/wp-json\/wp\/v2\/product"}],"about":[{"href":"https:\/\/www.cfaebooks.com\/da\/wp-json\/wp\/v2\/types\/product"}],"replies":[{"embeddable":true,"href":"https:\/\/www.cfaebooks.com\/da\/wp-json\/wp\/v2\/comments?post=12284"}],"wp:featuredmedia":[{"embeddable":true,"href":"https:\/\/www.cfaebooks.com\/da\/wp-json\/wp\/v2\/media\/17229"}],"wp:attachment":[{"href":"https:\/\/www.cfaebooks.com\/da\/wp-json\/wp\/v2\/media?parent=12284"}],"wp:term":[{"taxonomy":"product_brand","embeddable":true,"href":"https:\/\/www.cfaebooks.com\/da\/wp-json\/wp\/v2\/product_brand?post=12284"},{"taxonomy":"product_cat","embeddable":true,"href":"https:\/\/www.cfaebooks.com\/da\/wp-json\/wp\/v2\/product_cat?post=12284"},{"taxonomy":"product_tag","embeddable":true,"href":"https:\/\/www.cfaebooks.com\/da\/wp-json\/wp\/v2\/product_tag?post=12284"}],"curies":[{"name":"wp","href":"https:\/\/api.w.org\/{rel}","templated":true}]}}