{"id":11866,"date":"2025-05-03T02:54:41","date_gmt":"2025-05-03T02:54:41","guid":{"rendered":"https:\/\/www.cfaebooks.com\/?post_type=product&#038;p=11866"},"modified":"2026-04-03T08:02:02","modified_gmt":"2026-04-03T08:02:02","slug":"cfa-2025-niveau-3-ift-high-yield-notes-alle-3-veje-2","status":"publish","type":"product","link":"https:\/\/www.cfaebooks.com\/da\/products\/cfa-2025-niveau-3-ift-high-yield-notes-alle-3-veje-2\/","title":{"rendered":"CFA 2025 Level 3 IFT High Yield Notes Alle 3 veje"},"content":{"rendered":"<p>For sale is an e-Book 2025 CFA Level 3 IFT High Yield Notes All Pathways PDF.<\/p>\n\n\n\n<p><strong>Emne inkluderet:<\/strong><\/p>\n\n\n\n<ul class=\"wp-block-list\">\n<li>Bind 1 - Fordeling af aktiver<\/li>\n\n\n\n<li>Bind 2 - Portef\u00f8ljekonstruktion<\/li>\n\n\n\n<li>Bind 3 - M\u00e5ling af pr\u00e6stationer<\/li>\n\n\n\n<li>Bind 4 - Derivater og risikostyring<\/li>\n\n\n\n<li>Bind 5 - Etiske og professionelle standarder<\/li>\n\n\n\n<li>Vejen til portef\u00f8ljeforvaltning<\/li>\n\n\n\n<li>Vejen til private markeder<\/li>\n\n\n\n<li>Vejen til privat formue<\/li>\n<\/ul>\n\n\n\n<p>N\u00e5r du er g\u00e5et til kassen, kan du downloade e-bogen med det samme. Dette er ikke en fysisk bog, det er en digital PDF-kopi. K\u00f8b den ikke, hvis du vil have en fysisk udgave.<\/p>","protected":false},"excerpt":{"rendered":"<p>For sale is an e-Book 2025 CFA Level 3 IFT High Yield Notes All Pathways PDF. Topic Included: After checkout you can download the e-Book immediately. This is not a physical book it is a&nbsp;PDF&nbsp;digital copy. Please do not purchase if you want a physical hard copy.<\/p>","protected":false},"featured_media":12518,"comment_status":"closed","ping_status":"closed","template":"","meta":[],"product_brand":[],"product_cat":[265],"product_tag":[261,93,88,90,180,267,91,92,335,167,332],"class_list":{"0":"post-11866","1":"product","2":"type-product","3":"status-publish","4":"has-post-thumbnail","6":"product_cat-cfa-level-3","7":"product_tag-cfa-2025","8":"product_tag-cfa-books","9":"product_tag-cfa-ebooks","10":"product_tag-cfa-exam","11":"product_tag-cfa-level-3","12":"product_tag-cfa-level-3-2025","13":"product_tag-cfa-prep","14":"product_tag-cfa-test","15":"product_tag-high-yield-notes","16":"product_tag-ift","17":"product_tag-ift-2025","19":"first","20":"instock","21":"downloadable","22":"virtual","23":"sold-individually","24":"purchasable","25":"product-type-simple"},"_links":{"self":[{"href":"https:\/\/www.cfaebooks.com\/da\/wp-json\/wp\/v2\/product\/11866","targetHints":{"allow":["GET"]}}],"collection":[{"href":"https:\/\/www.cfaebooks.com\/da\/wp-json\/wp\/v2\/product"}],"about":[{"href":"https:\/\/www.cfaebooks.com\/da\/wp-json\/wp\/v2\/types\/product"}],"replies":[{"embeddable":true,"href":"https:\/\/www.cfaebooks.com\/da\/wp-json\/wp\/v2\/comments?post=11866"}],"wp:featuredmedia":[{"embeddable":true,"href":"https:\/\/www.cfaebooks.com\/da\/wp-json\/wp\/v2\/media\/12518"}],"wp:attachment":[{"href":"https:\/\/www.cfaebooks.com\/da\/wp-json\/wp\/v2\/media?parent=11866"}],"wp:term":[{"taxonomy":"product_brand","embeddable":true,"href":"https:\/\/www.cfaebooks.com\/da\/wp-json\/wp\/v2\/product_brand?post=11866"},{"taxonomy":"product_cat","embeddable":true,"href":"https:\/\/www.cfaebooks.com\/da\/wp-json\/wp\/v2\/product_cat?post=11866"},{"taxonomy":"product_tag","embeddable":true,"href":"https:\/\/www.cfaebooks.com\/da\/wp-json\/wp\/v2\/product_tag?post=11866"}],"curies":[{"name":"wp","href":"https:\/\/api.w.org\/{rel}","templated":true}]}}