{"id":11815,"date":"2025-01-30T10:43:45","date_gmt":"2025-01-30T10:43:45","guid":{"rendered":"https:\/\/www.cfaebooks.com\/?post_type=product&#038;p=11815"},"modified":"2026-04-03T08:02:00","modified_gmt":"2026-04-03T08:02:00","slug":"2025-frm-del-1-schweser-noter-med-quicksheet-2","status":"publish","type":"product","link":"https:\/\/www.cfaebooks.com\/da\/products\/2025-frm-del-1-schweser-noter-med-quicksheet-2\/","title":{"rendered":"2025 FRM del 1 Schweser noter med hurtigark"},"content":{"rendered":"<p>For sale is an e-Book 2025 FRM Schweser Notes Part 1 with Quicksheet PDF.<\/p>\n\n\n\n<p>Indeholder et s\u00e6t med 4 b\u00f8ger: <\/p>\n\n\n\n<ul class=\"wp-block-list\">\n<li><strong>Bog 1 - Grundlaget for risikostyring<\/strong><\/li>\n\n\n\n<li><strong>Bog 2 - Kvantitativ analyse<\/strong><\/li>\n\n\n\n<li><strong>Bog 3 - Finansielle markeder og produkter<\/strong><\/li>\n\n\n\n<li><strong>Bog 4 - V\u00e6rdians\u00e6ttelses- og risikomodeller<\/strong><\/li>\n<\/ul>\n\n\n\n<p>Teksten kan s\u00f8ges ved hj\u00e6lp af s\u00f8gefunktionen p\u00e5 dit tastatur \u2018ctrl+f\u2019 og via s\u00f8gning p\u00e5 din smartphone\/tablet. Dette er ikke fysiske b\u00f8ger, men digitale PDF-kopier. K\u00f8b ikke, hvis du \u00f8nsker en fysisk papirkopi. Efter k\u00f8bet kan du straks downloade e-b\u00f8gerne.<\/p>","protected":false},"excerpt":{"rendered":"<p>For sale is an e-Book 2025 FRM Schweser Notes Part 1 with Quicksheet PDF. Includes Set of 4 books: The text is searchable using the find feature on your computer keyboard &#8216;ctrl+f&#8217; and through search on your smartphone\/tablet. These are not physical books they are PDF digital copies. Please do not purchase if you want [&hellip;]<\/p>\n","protected":false},"featured_media":11818,"comment_status":"closed","ping_status":"closed","template":"","meta":[],"product_brand":[],"product_cat":[324],"product_tag":[184,326,185,186,181,328,205,327,182,183,168],"class_list":{"0":"post-11815","1":"product","2":"type-product","3":"status-publish","4":"has-post-thumbnail","6":"product_cat-frm-part-1","7":"product_tag-frm","8":"product_tag-frm-2025","9":"product_tag-frm-books","10":"product_tag-frm-ebooks","11":"product_tag-frm-exam","12":"product_tag-frm-handbook","13":"product_tag-frm-part-1","14":"product_tag-frm-part-1-2025","15":"product_tag-frm-prep","16":"product_tag-frm-test","17":"product_tag-study-notes","19":"first","20":"instock","21":"downloadable","22":"virtual","23":"sold-individually","24":"purchasable","25":"product-type-simple"},"_links":{"self":[{"href":"https:\/\/www.cfaebooks.com\/da\/wp-json\/wp\/v2\/product\/11815","targetHints":{"allow":["GET"]}}],"collection":[{"href":"https:\/\/www.cfaebooks.com\/da\/wp-json\/wp\/v2\/product"}],"about":[{"href":"https:\/\/www.cfaebooks.com\/da\/wp-json\/wp\/v2\/types\/product"}],"replies":[{"embeddable":true,"href":"https:\/\/www.cfaebooks.com\/da\/wp-json\/wp\/v2\/comments?post=11815"}],"wp:featuredmedia":[{"embeddable":true,"href":"https:\/\/www.cfaebooks.com\/da\/wp-json\/wp\/v2\/media\/11818"}],"wp:attachment":[{"href":"https:\/\/www.cfaebooks.com\/da\/wp-json\/wp\/v2\/media?parent=11815"}],"wp:term":[{"taxonomy":"product_brand","embeddable":true,"href":"https:\/\/www.cfaebooks.com\/da\/wp-json\/wp\/v2\/product_brand?post=11815"},{"taxonomy":"product_cat","embeddable":true,"href":"https:\/\/www.cfaebooks.com\/da\/wp-json\/wp\/v2\/product_cat?post=11815"},{"taxonomy":"product_tag","embeddable":true,"href":"https:\/\/www.cfaebooks.com\/da\/wp-json\/wp\/v2\/product_tag?post=11815"}],"curies":[{"name":"wp","href":"https:\/\/api.w.org\/{rel}","templated":true}]}}