{"id":11595,"date":"2024-12-22T13:21:12","date_gmt":"2024-12-22T13:21:12","guid":{"rendered":"https:\/\/www.cfaebooks.com\/?post_type=product&#038;p=11595"},"modified":"2026-04-03T08:01:37","modified_gmt":"2026-04-03T08:01:37","slug":"caia-2025-schweser-notes-level-1-with-quicksheet","status":"publish","type":"product","link":"https:\/\/www.cfaebooks.com\/da\/products\/caia-2025-schweser-notes-level-1-with-quicksheet\/","title":{"rendered":"CAIA 2025 Schweser Notes Level 1 med Quicksheet"},"content":{"rendered":"<p>For sale is an e-Book 2025 CAIA Level 1 Schweser Notes with Quicksheet PDF.<\/p>\n\n\n\n<p><em>Indeholder et s\u00e6t med 3 b\u00f8ger: <\/em><\/p>\n\n\n\n<ul class=\"wp-block-list\">\n<li><em>Bog 1 - Professionelle standarder og etik og introduktion til alternative investeringer (del 1)<\/em><\/li>\n\n\n\n<li><em>Bog 2: Introduktion til alternative investeringer (del 2), reale aktiver og private equity<\/em><\/li>\n\n\n\n<li><em>Bog 3: Privat g\u00e6ld, hedgefonde, digitale aktiver og funds of funds.<\/em><\/li>\n<\/ul>\n\n\n\n<p>Dette er ikke en fysisk bog, men en digital PDF-kopi. K\u00f8b den ikke, hvis du vil have en fysisk udgave. N\u00e5r du er g\u00e5et til kassen, kan du downloade e-bogen med det samme.<\/p>","protected":false},"excerpt":{"rendered":"<p>For sale is an e-Book 2025 CAIA Level 1 Schweser Notes with Quicksheet PDF. Includes Set of 3 books: This is not a physical book it is a&nbsp;PDF&nbsp;digital copy. Please do not purchase if you want a physical hard copy. After checkout you can download the e-Book instantly.<\/p>","protected":false},"featured_media":11596,"comment_status":"closed","ping_status":"closed","template":"","meta":[],"product_brand":[],"product_cat":[317],"product_tag":[247,319,320,251,250,248,321,246,252,249],"class_list":{"0":"post-11595","1":"product","2":"type-product","3":"status-publish","4":"has-post-thumbnail","6":"product_cat-caia-level-1","7":"product_tag-caia","8":"product_tag-caia-2025","9":"product_tag-caia-2025-study-notes","10":"product_tag-caia-books","11":"product_tag-caia-ebooks","12":"product_tag-caia-exam","13":"product_tag-caia-formula-sheet","14":"product_tag-caia-level-i","15":"product_tag-caia-prep","16":"product_tag-caia-test","18":"first","19":"instock","20":"downloadable","21":"virtual","22":"sold-individually","23":"purchasable","24":"product-type-simple"},"_links":{"self":[{"href":"https:\/\/www.cfaebooks.com\/da\/wp-json\/wp\/v2\/product\/11595","targetHints":{"allow":["GET"]}}],"collection":[{"href":"https:\/\/www.cfaebooks.com\/da\/wp-json\/wp\/v2\/product"}],"about":[{"href":"https:\/\/www.cfaebooks.com\/da\/wp-json\/wp\/v2\/types\/product"}],"replies":[{"embeddable":true,"href":"https:\/\/www.cfaebooks.com\/da\/wp-json\/wp\/v2\/comments?post=11595"}],"wp:featuredmedia":[{"embeddable":true,"href":"https:\/\/www.cfaebooks.com\/da\/wp-json\/wp\/v2\/media\/11596"}],"wp:attachment":[{"href":"https:\/\/www.cfaebooks.com\/da\/wp-json\/wp\/v2\/media?parent=11595"}],"wp:term":[{"taxonomy":"product_brand","embeddable":true,"href":"https:\/\/www.cfaebooks.com\/da\/wp-json\/wp\/v2\/product_brand?post=11595"},{"taxonomy":"product_cat","embeddable":true,"href":"https:\/\/www.cfaebooks.com\/da\/wp-json\/wp\/v2\/product_cat?post=11595"},{"taxonomy":"product_tag","embeddable":true,"href":"https:\/\/www.cfaebooks.com\/da\/wp-json\/wp\/v2\/product_tag?post=11595"}],"curies":[{"name":"wp","href":"https:\/\/api.w.org\/{rel}","templated":true}]}}