{"id":11577,"date":"2024-12-20T11:33:44","date_gmt":"2024-12-20T11:33:44","guid":{"rendered":"https:\/\/www.cfaebooks.com\/?post_type=product&#038;p=11577"},"modified":"2026-04-03T08:01:34","modified_gmt":"2026-04-03T08:01:34","slug":"2025-frm-garp-handbog-del-2-komplet-saet-bog-1-2","status":"publish","type":"product","link":"https:\/\/www.cfaebooks.com\/da\/products\/2025-frm-garp-handbog-del-2-komplet-saet-bog-1-2\/","title":{"rendered":"2025 FRM GARP H\u00e5ndbog Del 2 Komplet s\u00e6t Bog 1 - 5"},"content":{"rendered":"<p>For sale is an e-Book 2025 FRM Part 2 GARP Handbook Full Set Book 1 &#8211; 5 PDF.<\/p>\n\n\n\n<p>Indeholder et s\u00e6t med 5 b\u00f8ger: <\/p>\n\n\n\n<ul class=\"wp-block-list\">\n<li>Bog 1 -Markedsrisikom\u00e5ling og -styring<\/li>\n\n\n\n<li>Bog 2 - M\u00e5ling og styring af kreditrisiko<\/li>\n\n\n\n<li>Bog 3 - Operationel risiko og modstandsdygtighed<\/li>\n\n\n\n<li>Bog 4 - M\u00e5ling af likviditets- og finansrisiko<\/li>\n\n\n\n<li>Bog 5 - Risikostyring og investeringsstyring.<\/li>\n<\/ul>\n\n\n\n<p>Dette er ikke en fysisk bog, men en digital PDF-kopi. K\u00f8b den ikke, hvis du vil have en fysisk udgave. N\u00e5r du er g\u00e5et til kassen, kan du downloade e-bogen med det samme.<\/p>","protected":false},"excerpt":{"rendered":"<p>For sale is an e-Book 2025 FRM Part 2 GARP Handbook Full Set Book 1 &#8211; 5 PDF. Includes Set of 5 books: This is not a physical book it is a\u00a0PDF\u00a0digital copy. Please do not purchase if you want a physical hard copy. After checkout you can download the e-Book instantly.<\/p>","protected":false},"featured_media":11578,"comment_status":"closed","ping_status":"closed","template":"","meta":[],"product_brand":[],"product_cat":[325],"product_tag":[184,326,185,186,181,328,188,329,182,183,187],"class_list":{"0":"post-11577","1":"product","2":"type-product","3":"status-publish","4":"has-post-thumbnail","6":"product_cat-frm-part-2","7":"product_tag-frm","8":"product_tag-frm-2025","9":"product_tag-frm-books","10":"product_tag-frm-ebooks","11":"product_tag-frm-exam","12":"product_tag-frm-handbook","13":"product_tag-frm-part-2","14":"product_tag-frm-part-2-2025","15":"product_tag-frm-prep","16":"product_tag-frm-test","17":"product_tag-garp","19":"first","20":"instock","21":"downloadable","22":"virtual","23":"sold-individually","24":"purchasable","25":"product-type-simple"},"_links":{"self":[{"href":"https:\/\/www.cfaebooks.com\/da\/wp-json\/wp\/v2\/product\/11577","targetHints":{"allow":["GET"]}}],"collection":[{"href":"https:\/\/www.cfaebooks.com\/da\/wp-json\/wp\/v2\/product"}],"about":[{"href":"https:\/\/www.cfaebooks.com\/da\/wp-json\/wp\/v2\/types\/product"}],"replies":[{"embeddable":true,"href":"https:\/\/www.cfaebooks.com\/da\/wp-json\/wp\/v2\/comments?post=11577"}],"wp:featuredmedia":[{"embeddable":true,"href":"https:\/\/www.cfaebooks.com\/da\/wp-json\/wp\/v2\/media\/11578"}],"wp:attachment":[{"href":"https:\/\/www.cfaebooks.com\/da\/wp-json\/wp\/v2\/media?parent=11577"}],"wp:term":[{"taxonomy":"product_brand","embeddable":true,"href":"https:\/\/www.cfaebooks.com\/da\/wp-json\/wp\/v2\/product_brand?post=11577"},{"taxonomy":"product_cat","embeddable":true,"href":"https:\/\/www.cfaebooks.com\/da\/wp-json\/wp\/v2\/product_cat?post=11577"},{"taxonomy":"product_tag","embeddable":true,"href":"https:\/\/www.cfaebooks.com\/da\/wp-json\/wp\/v2\/product_tag?post=11577"}],"curies":[{"name":"wp","href":"https:\/\/api.w.org\/{rel}","templated":true}]}}