{"id":10255,"date":"2024-09-02T14:52:31","date_gmt":"2024-09-02T14:52:31","guid":{"rendered":"https:\/\/www.cfaebooks.com\/?post_type=product&#038;p=10255"},"modified":"2026-04-03T07:59:22","modified_gmt":"2026-04-03T07:59:22","slug":"2025-cfa-schweser-notes-level-3-private-wealth-med-quicksheet","status":"publish","type":"product","link":"https:\/\/www.cfaebooks.com\/da\/products\/2025-cfa-schweser-notes-level-3-private-wealth-med-quicksheet\/","title":{"rendered":"2025 CFA Schweser Notes Level 3 Private Wealth med Quicksheet"},"content":{"rendered":"<p>For sale is an e-Book 2025 CFA Level 3 Schweser Notes Private Wealth Pathway with Quicksheet PDF.<\/p>\n\n\n\n<p>Indeholder et s\u00e6t med 4 b\u00f8ger: <\/p>\n\n\n\n<ul class=\"wp-block-list\">\n<li>Bog 1: Fordeling af aktiver<\/li>\n\n\n\n<li>Bog 2: Portef\u00f8ljekonstruktion og resultatm\u00e5ling<\/li>\n\n\n\n<li>Bog 3: Derivater, risikostyring og etiske og professionelle standarder<\/li>\n\n\n\n<li>Book 4: Private Wealth Pathway<\/li>\n<\/ul>\n\n\n\n<p>Dette er ikke en fysisk bog, men en digital PDF-kopi. K\u00f8b den ikke, hvis du vil have en fysisk udgave. N\u00e5r du er g\u00e5et til kassen, kan du downloade e-bogen med det samme.<\/p>","protected":false},"excerpt":{"rendered":"<p>For sale is an e-Book 2025 CFA Level 3 Schweser Notes Private Wealth Pathway with Quicksheet PDF. Includes Set of 4 books: This is not a physical book it is a&nbsp;PDF&nbsp;digital copy. Please do not purchase if you want a physical hard copy. After checkout you can download the e-Book immediately.<\/p>","protected":false},"featured_media":10256,"comment_status":"closed","ping_status":"closed","template":"","meta":[],"product_brand":[],"product_cat":[265],"product_tag":[261,93,88,90,180,91,92,168],"class_list":{"0":"post-10255","1":"product","2":"type-product","3":"status-publish","4":"has-post-thumbnail","6":"product_cat-cfa-level-3","7":"product_tag-cfa-2025","8":"product_tag-cfa-books","9":"product_tag-cfa-ebooks","10":"product_tag-cfa-exam","11":"product_tag-cfa-level-3","12":"product_tag-cfa-prep","13":"product_tag-cfa-test","14":"product_tag-study-notes","16":"first","17":"instock","18":"downloadable","19":"virtual","20":"sold-individually","21":"purchasable","22":"product-type-simple"},"_links":{"self":[{"href":"https:\/\/www.cfaebooks.com\/da\/wp-json\/wp\/v2\/product\/10255","targetHints":{"allow":["GET"]}}],"collection":[{"href":"https:\/\/www.cfaebooks.com\/da\/wp-json\/wp\/v2\/product"}],"about":[{"href":"https:\/\/www.cfaebooks.com\/da\/wp-json\/wp\/v2\/types\/product"}],"replies":[{"embeddable":true,"href":"https:\/\/www.cfaebooks.com\/da\/wp-json\/wp\/v2\/comments?post=10255"}],"wp:featuredmedia":[{"embeddable":true,"href":"https:\/\/www.cfaebooks.com\/da\/wp-json\/wp\/v2\/media\/10256"}],"wp:attachment":[{"href":"https:\/\/www.cfaebooks.com\/da\/wp-json\/wp\/v2\/media?parent=10255"}],"wp:term":[{"taxonomy":"product_brand","embeddable":true,"href":"https:\/\/www.cfaebooks.com\/da\/wp-json\/wp\/v2\/product_brand?post=10255"},{"taxonomy":"product_cat","embeddable":true,"href":"https:\/\/www.cfaebooks.com\/da\/wp-json\/wp\/v2\/product_cat?post=10255"},{"taxonomy":"product_tag","embeddable":true,"href":"https:\/\/www.cfaebooks.com\/da\/wp-json\/wp\/v2\/product_tag?post=10255"}],"curies":[{"name":"wp","href":"https:\/\/api.w.org\/{rel}","templated":true}]}}