{"id":8795,"date":"2024-03-22T13:16:51","date_gmt":"2024-03-22T13:16:51","guid":{"rendered":"https:\/\/www.cfaebooks.com\/?page_id=8795"},"modified":"2024-03-22T14:19:25","modified_gmt":"2024-03-22T14:19:25","slug":"terms-of-use","status":"publish","type":"page","link":"https:\/\/www.cfaebooks.com\/da\/terms-of-use\/","title":{"rendered":"Vilk\u00e5r for brug"},"content":{"rendered":"<p>CFAeBooks stilles til r\u00e5dighed over hele verden for alle personer, uanset alder, k\u00f8n, race, nationalitet eller religion.<\/p>\n\n\n\n<h3 class=\"wp-block-heading\">Ansvarsfraskrivelse for ophavsret<\/h3>\n\n\n\n<p>Afsnit 107 i Copyright Act Fair Use Indhold. Form\u00e5l med uddannelse og undervisning. Ikke til kommercielle form\u00e5l.<\/p>\n\n\n\n<h3 class=\"wp-block-heading\">Ansvarsfraskrivelse for eksterne links<\/h3>\n\n\n\n<p>Webstedet kan indeholde (eller du kan blive sendt via webstedet) links til andre websteder eller indhold, der tilh\u00f8rer eller stammer fra tredjeparter, eller links til websteder og funktioner i bannere eller anden reklame. S\u00e5danne eksterne links er ikke unders\u00f8gt, overv\u00e5get eller kontrolleret for n\u00f8jagtighed, tilstr\u00e6kkelighed, gyldighed, p\u00e5lidelighed, tilg\u00e6ngelighed eller fuldst\u00e6ndighed af os. VI GARANTERER IKKE, ST\u00d8TTER IKKE, GARANTERER IKKE OG P\u00c5TAGER OS IKKE ANSVARET FOR N\u00d8JAGTIGHEDEN ELLER P\u00c5LIDELIGHEDEN AF OPLYSNINGER, DER TILBYDES AF TREDJEPARTSWEBSTEDER, DER ER LINKET TIL VIA WEBSTEDET ELLER ET WEBSTED ELLER EN FUNKTION, DER ER LINKET TIL I ET BANNER ELLER ANDEN REKLAME. VI VIL IKKE V\u00c6RE PART I ELLER P\u00c5 NOGEN M\u00c5DE V\u00c6RE ANSVARLIGE FOR AT OVERV\u00c5GE NOGEN TRANSAKTION MELLEM DIG OG TREDJEPARTSUDBYDERE AF PRODUKTER ELLER TJENESTER.<\/p>\n\n\n\n<h3 class=\"wp-block-heading\">Ansvarsfraskrivelse for varem\u00e6rker, logoer og m\u00e6rkenavne<\/h3>\n\n\n\n<p>Alle varem\u00e6rker, logoer og brandnavne tilh\u00f8rer deres respektive ejere eller tilknyttede selskaber.<\/p>\n\n\n\n<h3 class=\"wp-block-heading\">DMCA-ansvarsfraskrivelse<\/h3>\n\n\n\n<p>Vi er IKKE v\u00e6rt for noget ophavsretligt beskyttet indhold p\u00e5 vores hjemmeside, det er et katalog over links, der allerede findes p\u00e5 internettet. Tjek vores\u00a0<a href=\"\/da\/dmca\/\">DMCA-politik<\/a>. Hvis du mener, at dine ophavsrettigheder er blevet kr\u00e6nket, bedes du kontakte os med det samme, og det p\u00e5g\u00e6ldende indhold vil blive fjernet permanent inden for 24 timer.\u00a0<a href=\"\/da\/kontakt\/\">Kontakt os<\/a>.<\/p>\n\n\n\n<h2 class=\"wp-block-heading\">Politik for beskyttelse af personlige oplysninger og cookies<\/h2>\n\n\n\n<p>CFAeBooks st\u00f8tter fuldt ud og overholder principperne for databeskyttelse, som beskrevet i EU's generelle databeskyttelsesforordning (GDPR) 2018. CFAeBooks er forpligtet til at beskytte brugernes privatliv. Vi forst\u00e5r, at bes\u00f8gende og brugere af dette websted er bekymrede for fortroligheden og sikkerheden af alle oplysninger, der gives til os.<\/p>\n\n\n\n<p>Se venligst vores&nbsp;<a href=\"\/da\/privacy-policy\/\">Fortrolighedspolitik her<\/a><\/p>\n\n\n\n<p>Se venligst vores&nbsp;<a href=\"\/da\/privacy-policy\/#cookies\">Cookiepolitik her<\/a><\/p>\n\n\n\n<p>Hvis du har sp\u00f8rgsm\u00e5l til dette dokument eller vores brugsbetingelser, bedes du&nbsp;<a href=\"\/da\/kontakt\/\">kontakt os<\/a>.<\/p>","protected":false},"excerpt":{"rendered":"<p>CFAeBooks&nbsp;are made available worldwide to all persons, regardless of age, gender, race, nationality, or religion. Copyright Disclaimer Section 107 of the Copyright Act Fair Use Contents. Purpose of Education &amp; Teaching Intention. Not for commercial purpose. External Links Disclaimer The Site may contain (or you may be sent through the Site) links to other websites [&hellip;]<\/p>\n","protected":false},"author":1,"featured_media":0,"parent":0,"menu_order":0,"comment_status":"closed","ping_status":"closed","template":"template-fullwidth.php","meta":{"footnotes":""},"class_list":["post-8795","page","type-page","status-publish","hentry"],"_links":{"self":[{"href":"https:\/\/www.cfaebooks.com\/da\/wp-json\/wp\/v2\/pages\/8795","targetHints":{"allow":["GET"]}}],"collection":[{"href":"https:\/\/www.cfaebooks.com\/da\/wp-json\/wp\/v2\/pages"}],"about":[{"href":"https:\/\/www.cfaebooks.com\/da\/wp-json\/wp\/v2\/types\/page"}],"author":[{"embeddable":true,"href":"https:\/\/www.cfaebooks.com\/da\/wp-json\/wp\/v2\/users\/1"}],"replies":[{"embeddable":true,"href":"https:\/\/www.cfaebooks.com\/da\/wp-json\/wp\/v2\/comments?post=8795"}],"version-history":[{"count":0,"href":"https:\/\/www.cfaebooks.com\/da\/wp-json\/wp\/v2\/pages\/8795\/revisions"}],"wp:attachment":[{"href":"https:\/\/www.cfaebooks.com\/da\/wp-json\/wp\/v2\/media?parent=8795"}],"curies":[{"name":"wp","href":"https:\/\/api.w.org\/{rel}","templated":true}]}}