{"id":8773,"date":"2024-03-22T08:22:58","date_gmt":"2024-03-22T08:22:58","guid":{"rendered":"https:\/\/www.cfaebooks.com\/?page_id=8773"},"modified":"2026-03-15T00:26:12","modified_gmt":"2026-03-15T00:26:12","slug":"download-instructions","status":"publish","type":"page","link":"https:\/\/www.cfaebooks.com\/da\/download-instructions\/","title":{"rendered":"Download instruktioner"},"content":{"rendered":"<h2 class=\"wp-block-heading\">Hvordan foretager jeg et k\u00f8b?<\/h2>\n\n\n\n<ol class=\"wp-block-list\">\n<li>V\u00e6lg det produkt, der passer til dit behov, og\u00a0<strong>L\u00e6g den i indk\u00f8bskurven<\/strong>\u00a0og klik p\u00e5 '<strong>Kasse<\/strong>&#8216;.<\/li>\n\n\n\n<li>Checkout som en <strong>G\u00e6st<\/strong> or create a <strong>Gratis konto<\/strong> ved hj\u00e6lp af din e-mail.<\/li>\n\n\n\n<li>Complete the payment<\/li>\n\n\n\n<li>After successful payment, you can <strong>instantly download on the <strong>Order received page<\/strong><\/strong>.<\/li>\n<\/ol>\n\n\n\n<h2 class=\"wp-block-heading\">Payment Methods<\/h2>\n\n\n\n<p><strong>We accept credit\/debit cards and PayPal.<\/strong><\/p>\n\n\n\n<figure class=\"wp-block-image size-medium\"><a href=\"https:\/\/www.cfaebooks.com\/wp-content\/uploads\/2026\/02\/payment-card.png\"><img decoding=\"async\" width=\"300\" height=\"28\" src=\"https:\/\/www.cfaebooks.com\/wp-content\/uploads\/2026\/02\/payment-card-300x28.png\" alt=\"payment card\" class=\"wp-image-16252\" srcset=\"https:\/\/www.cfaebooks.com\/wp-content\/uploads\/2026\/02\/payment-card-300x28.png 300w, https:\/\/www.cfaebooks.com\/wp-content\/uploads\/2026\/02\/payment-card-768x71.png 768w, https:\/\/www.cfaebooks.com\/wp-content\/uploads\/2026\/02\/payment-card-18x2.png 18w, https:\/\/www.cfaebooks.com\/wp-content\/uploads\/2026\/02\/payment-card-441x41.png 441w, https:\/\/www.cfaebooks.com\/wp-content\/uploads\/2026\/02\/payment-card-150x14.png 150w, https:\/\/www.cfaebooks.com\/wp-content\/uploads\/2026\/02\/payment-card-64x6.png 64w, https:\/\/www.cfaebooks.com\/wp-content\/uploads\/2026\/02\/payment-card.png 774w\" sizes=\"(max-width: 300px) 100vw, 300px\" \/><\/a><\/figure>\n\n\n\n<h2 class=\"wp-block-heading\">How do I receive my download links after payment?<\/h2>\n\n\n\n<p><strong>1. Download links are provided immediately on the Order received page.<\/strong><\/p>\n\n\n\n<figure class=\"wp-block-image size-large\"><a href=\"https:\/\/www.cfaebooks.com\/wp-content\/uploads\/2025\/10\/download-instruction-1.png\"><img decoding=\"async\" width=\"1024\" height=\"420\" src=\"https:\/\/www.cfaebooks.com\/wp-content\/uploads\/2025\/10\/download-instruction-1-1024x420.png\" alt=\"Download instruktioner\" class=\"wp-image-14645\" srcset=\"https:\/\/www.cfaebooks.com\/wp-content\/uploads\/2025\/10\/download-instruction-1-1024x420.png 1024w, https:\/\/www.cfaebooks.com\/wp-content\/uploads\/2025\/10\/download-instruction-1-300x123.png 300w, https:\/\/www.cfaebooks.com\/wp-content\/uploads\/2025\/10\/download-instruction-1-768x315.png 768w, https:\/\/www.cfaebooks.com\/wp-content\/uploads\/2025\/10\/download-instruction-1-18x7.png 18w, https:\/\/www.cfaebooks.com\/wp-content\/uploads\/2025\/10\/download-instruction-1-990x406.png 990w, https:\/\/www.cfaebooks.com\/wp-content\/uploads\/2025\/10\/download-instruction-1-441x181.png 441w, https:\/\/www.cfaebooks.com\/wp-content\/uploads\/2025\/10\/download-instruction-1-800x328.png 800w, https:\/\/www.cfaebooks.com\/wp-content\/uploads\/2025\/10\/download-instruction-1-150x62.png 150w, https:\/\/www.cfaebooks.com\/wp-content\/uploads\/2025\/10\/download-instruction-1-64x26.png 64w, https:\/\/www.cfaebooks.com\/wp-content\/uploads\/2025\/10\/download-instruction-1.png 1365w\" sizes=\"(max-width: 1024px) 100vw, 1024px\" \/><\/a><\/figure>\n\n\n\n<p><strong>2. E-mail sendt til dig med links til download af dine filer (tjek din junk\/spam-postkasse, hvis du ikke kan se den)<\/strong><\/p>\n\n\n\n<figure class=\"wp-block-image size-full\"><img decoding=\"async\" width=\"629\" height=\"445\" src=\"https:\/\/www.cfaebooks.com\/wp-content\/uploads\/2025\/10\/download-instruction-3-1.png\" alt=\"Download instruktioner\" class=\"wp-image-14647\" srcset=\"https:\/\/www.cfaebooks.com\/wp-content\/uploads\/2025\/10\/download-instruction-3-1.png 629w, https:\/\/www.cfaebooks.com\/wp-content\/uploads\/2025\/10\/download-instruction-3-1-300x212.png 300w, https:\/\/www.cfaebooks.com\/wp-content\/uploads\/2025\/10\/download-instruction-3-1-18x12.png 18w, https:\/\/www.cfaebooks.com\/wp-content\/uploads\/2025\/10\/download-instruction-3-1-441x312.png 441w, https:\/\/www.cfaebooks.com\/wp-content\/uploads\/2025\/10\/download-instruction-3-1-150x106.png 150w, https:\/\/www.cfaebooks.com\/wp-content\/uploads\/2025\/10\/download-instruction-3-1-64x45.png 64w\" sizes=\"(max-width: 629px) 100vw, 629px\" \/><\/figure>\n\n\n\n<p><strong>3. My Downloads (files always available to download in your account)<\/strong><\/p>\n\n\n\n<figure class=\"wp-block-image size-large\"><img decoding=\"async\" width=\"1024\" height=\"436\" src=\"https:\/\/www.cfaebooks.com\/wp-content\/uploads\/2025\/10\/download-instruction-2-1024x436.png\" alt=\"Download instruktioner\" class=\"wp-image-14648\" srcset=\"https:\/\/www.cfaebooks.com\/wp-content\/uploads\/2025\/10\/download-instruction-2-1024x436.png 1024w, https:\/\/www.cfaebooks.com\/wp-content\/uploads\/2025\/10\/download-instruction-2-300x128.png 300w, https:\/\/www.cfaebooks.com\/wp-content\/uploads\/2025\/10\/download-instruction-2-768x327.png 768w, https:\/\/www.cfaebooks.com\/wp-content\/uploads\/2025\/10\/download-instruction-2-18x8.png 18w, https:\/\/www.cfaebooks.com\/wp-content\/uploads\/2025\/10\/download-instruction-2-990x421.png 990w, https:\/\/www.cfaebooks.com\/wp-content\/uploads\/2025\/10\/download-instruction-2-441x188.png 441w, https:\/\/www.cfaebooks.com\/wp-content\/uploads\/2025\/10\/download-instruction-2-800x341.png 800w, https:\/\/www.cfaebooks.com\/wp-content\/uploads\/2025\/10\/download-instruction-2-150x64.png 150w, https:\/\/www.cfaebooks.com\/wp-content\/uploads\/2025\/10\/download-instruction-2-64x27.png 64w, https:\/\/www.cfaebooks.com\/wp-content\/uploads\/2025\/10\/download-instruction-2.png 1346w\" sizes=\"(max-width: 1024px) 100vw, 1024px\" \/><\/figure>\n\n\n\n<h2 class=\"wp-block-heading\"><strong>Hvordan kan jeg finde\/s\u00f8ge efter produkter?<\/strong><\/h2>\n\n\n\n<p>Der er en&nbsp;<strong>S\u00f8gefelt<\/strong>&nbsp;\u00f8verst p\u00e5 siden. Skriv det produkt, du leder efter, v\u00e6lg s\u00f8g og se resultaterne.<\/p>\n\n\n\n<figure class=\"wp-block-image size-full\"><img decoding=\"async\" width=\"630\" height=\"552\" src=\"https:\/\/www.cfaebooks.com\/wp-content\/uploads\/2025\/10\/download-instruction-4.png\" alt=\"Download instruktioner\" class=\"wp-image-14649\" srcset=\"https:\/\/www.cfaebooks.com\/wp-content\/uploads\/2025\/10\/download-instruction-4.png 630w, https:\/\/www.cfaebooks.com\/wp-content\/uploads\/2025\/10\/download-instruction-4-300x263.png 300w, https:\/\/www.cfaebooks.com\/wp-content\/uploads\/2025\/10\/download-instruction-4-14x12.png 14w, https:\/\/www.cfaebooks.com\/wp-content\/uploads\/2025\/10\/download-instruction-4-441x386.png 441w, https:\/\/www.cfaebooks.com\/wp-content\/uploads\/2025\/10\/download-instruction-4-150x131.png 150w, https:\/\/www.cfaebooks.com\/wp-content\/uploads\/2025\/10\/download-instruction-4-64x56.png 64w\" sizes=\"(max-width: 630px) 100vw, 630px\" \/><\/figure>\n\n\n\n<p><\/p>","protected":false},"excerpt":{"rendered":"<p>How do I make a purchase? Payment Methods We accept credit\/debit cards and PayPal. How do I receive my download links after payment? 1. Download links are provided immediately on the Order received page. 2. Email sent to you with your file download links (check your junk\/spam mailbox if you don&#8217;t see it) 3. My [&hellip;]<\/p>\n","protected":false},"author":1,"featured_media":0,"parent":0,"menu_order":0,"comment_status":"closed","ping_status":"closed","template":"template-fullwidth.php","meta":{"footnotes":""},"class_list":["post-8773","page","type-page","status-publish","hentry"],"_links":{"self":[{"href":"https:\/\/www.cfaebooks.com\/da\/wp-json\/wp\/v2\/pages\/8773","targetHints":{"allow":["GET"]}}],"collection":[{"href":"https:\/\/www.cfaebooks.com\/da\/wp-json\/wp\/v2\/pages"}],"about":[{"href":"https:\/\/www.cfaebooks.com\/da\/wp-json\/wp\/v2\/types\/page"}],"author":[{"embeddable":true,"href":"https:\/\/www.cfaebooks.com\/da\/wp-json\/wp\/v2\/users\/1"}],"replies":[{"embeddable":true,"href":"https:\/\/www.cfaebooks.com\/da\/wp-json\/wp\/v2\/comments?post=8773"}],"version-history":[{"count":8,"href":"https:\/\/www.cfaebooks.com\/da\/wp-json\/wp\/v2\/pages\/8773\/revisions"}],"predecessor-version":[{"id":16794,"href":"https:\/\/www.cfaebooks.com\/da\/wp-json\/wp\/v2\/pages\/8773\/revisions\/16794"}],"wp:attachment":[{"href":"https:\/\/www.cfaebooks.com\/da\/wp-json\/wp\/v2\/media?parent=8773"}],"curies":[{"name":"wp","href":"https:\/\/api.w.org\/{rel}","templated":true}]}}