{"id":8770,"date":"2024-03-22T06:54:56","date_gmt":"2024-03-22T06:54:56","guid":{"rendered":"https:\/\/www.cfaebooks.com\/?page_id=8770"},"modified":"2026-03-14T02:35:20","modified_gmt":"2026-03-14T02:35:20","slug":"payment-and-refund-policy","status":"publish","type":"page","link":"https:\/\/www.cfaebooks.com\/da\/payment-and-refund-policy\/","title":{"rendered":"Betalings- og refusionspolitik"},"content":{"rendered":"<h3 class=\"wp-block-heading\">Betalingspolitik<\/h3>\n\n\n\n<p>We accept payment via PayPal and Debit \/ Credit Card.<\/p>\n\n\n\n<figure class=\"wp-block-image size-medium\"><img decoding=\"async\" width=\"300\" height=\"28\" src=\"https:\/\/www.cfaebooks.com\/wp-content\/uploads\/2026\/02\/payment-card-300x28.png\" alt=\"payment card\" class=\"wp-image-16252\" srcset=\"https:\/\/www.cfaebooks.com\/wp-content\/uploads\/2026\/02\/payment-card-300x28.png 300w, https:\/\/www.cfaebooks.com\/wp-content\/uploads\/2026\/02\/payment-card-768x71.png 768w, https:\/\/www.cfaebooks.com\/wp-content\/uploads\/2026\/02\/payment-card-18x2.png 18w, https:\/\/www.cfaebooks.com\/wp-content\/uploads\/2026\/02\/payment-card-441x41.png 441w, https:\/\/www.cfaebooks.com\/wp-content\/uploads\/2026\/02\/payment-card-150x14.png 150w, https:\/\/www.cfaebooks.com\/wp-content\/uploads\/2026\/02\/payment-card-64x6.png 64w, https:\/\/www.cfaebooks.com\/wp-content\/uploads\/2026\/02\/payment-card.png 774w\" sizes=\"(max-width: 300px) 100vw, 300px\" \/><\/figure>\n\n\n\n<h3 class=\"wp-block-heading\">Politik for tilbagebetaling<\/h3>\n\n\n\n<p>CFA eBooks giver fuld refusion under f\u00f8lgende betingelser:<\/p>\n\n\n\n<ul class=\"wp-block-list\">\n<li>Varen er ikke blevet downloadet.<\/li>\n\n\n\n<li>The product downloaded is not as described.<\/li>\n\n\n\n<li>K\u00f8bet blev foretaget ved en fejl.<\/li>\n<\/ul>\n\n\n\n<h3 class=\"wp-block-heading\">S\u00e5dan anmoder du om en refusion<\/h3>\n\n\n\n<p>Hvis du ved en fejl har foretaget et k\u00f8b, skal du undlade at downloade filen og kontakte os hurtigst muligt. Vores team vil gennemg\u00e5 din anmodning og behandle refusionen omg\u00e5ende.<\/p>\n\n\n\n<p>N\u00e5r varen er blevet downloadet, betragter vi imidlertid k\u00f8bet som endeligt og ikke-refunderbart.<\/p>\n\n\n\n<p>Vi v\u00e6rds\u00e6tter din forst\u00e5else og samarbejde med vores refusionspolitik. Hvis du har sp\u00f8rgsm\u00e5l eller \u00f8nsker yderligere forklaring, er du velkommen til at kontakte os.&nbsp;<a href=\"\/da\/kontakt\/\">kontakt<\/a>&nbsp;vores supportteam.<\/p>\n\n\n\n<p>Tak skal du have!<\/p>","protected":false},"excerpt":{"rendered":"<p>Payment Policy We accept payment via PayPal and Debit \/ Credit Card. Refund Policy CFA eBooks provides full refunds under the following conditions: How to Request a Refund If you made a purchase by mistake, please avoid downloading the file and contact us as soon as possible. Our team will review your request and process [&hellip;]<\/p>\n","protected":false},"author":1,"featured_media":0,"parent":0,"menu_order":0,"comment_status":"closed","ping_status":"closed","template":"template-fullwidth.php","meta":{"footnotes":""},"class_list":["post-8770","page","type-page","status-publish","hentry"],"_links":{"self":[{"href":"https:\/\/www.cfaebooks.com\/da\/wp-json\/wp\/v2\/pages\/8770","targetHints":{"allow":["GET"]}}],"collection":[{"href":"https:\/\/www.cfaebooks.com\/da\/wp-json\/wp\/v2\/pages"}],"about":[{"href":"https:\/\/www.cfaebooks.com\/da\/wp-json\/wp\/v2\/types\/page"}],"author":[{"embeddable":true,"href":"https:\/\/www.cfaebooks.com\/da\/wp-json\/wp\/v2\/users\/1"}],"replies":[{"embeddable":true,"href":"https:\/\/www.cfaebooks.com\/da\/wp-json\/wp\/v2\/comments?post=8770"}],"version-history":[{"count":4,"href":"https:\/\/www.cfaebooks.com\/da\/wp-json\/wp\/v2\/pages\/8770\/revisions"}],"predecessor-version":[{"id":16784,"href":"https:\/\/www.cfaebooks.com\/da\/wp-json\/wp\/v2\/pages\/8770\/revisions\/16784"}],"wp:attachment":[{"href":"https:\/\/www.cfaebooks.com\/da\/wp-json\/wp\/v2\/media?parent=8770"}],"curies":[{"name":"wp","href":"https:\/\/api.w.org\/{rel}","templated":true}]}}