{"id":9993,"date":"2024-08-11T01:56:34","date_gmt":"2024-08-11T01:56:34","guid":{"rendered":"https:\/\/www.cfaebooks.com\/?post_type=product&#038;p=9993"},"modified":"2026-04-03T07:58:56","modified_gmt":"2026-04-03T07:58:56","slug":"zkouska-cfa-3-urovne-2024-a-2","status":"publish","type":"product","link":"https:\/\/www.cfaebooks.com\/cs\/products\/zkouska-cfa-3-urovne-2024-a-2\/","title":{"rendered":"Zkou\u0161ka CFA 3. \u00farovn\u011b 2024 a 2023"},"content":{"rendered":"<p>Na prodej je elektronick\u00e1 kniha CFA Level 3 Mock Exams 2024 and 2023 ve form\u00e1tu PDF.<\/p>\n\n\n\n<ul class=\"wp-block-list\">\n<li>Nejedn\u00e1 se o fyzickou knihu, ale o digit\u00e1ln\u00ed kopii ve form\u00e1tu PDF. <\/li>\n\n\n\n<li>Pokud si p\u0159ejete fyzickou kopii, nekupujte ji. Po objedn\u00e1n\u00ed si m\u016f\u017eete e-knihu ihned st\u00e1hnout.<\/li>\n<\/ul>","protected":false},"excerpt":{"rendered":"<p>Na prodej je elektronick\u00e1 kniha CFA Level 3 Mock Exams 2024 and 2023 ve form\u00e1tu PDF.<\/p>","protected":false},"featured_media":9994,"comment_status":"closed","ping_status":"closed","template":"","meta":[],"product_brand":[],"product_cat":[351],"product_tag":[86,93,88,90,180,91,92,176],"class_list":{"0":"post-9993","1":"product","2":"type-product","3":"status-publish","4":"has-post-thumbnail","6":"product_cat-cfa-level-3-2024","7":"product_tag-cfa-2024","8":"product_tag-cfa-books","9":"product_tag-cfa-ebooks","10":"product_tag-cfa-exam","11":"product_tag-cfa-level-3","12":"product_tag-cfa-prep","13":"product_tag-cfa-test","14":"product_tag-mock-exam","16":"first","17":"instock","18":"downloadable","19":"virtual","20":"sold-individually","21":"purchasable","22":"product-type-simple"},"_links":{"self":[{"href":"https:\/\/www.cfaebooks.com\/cs\/wp-json\/wp\/v2\/product\/9993","targetHints":{"allow":["GET"]}}],"collection":[{"href":"https:\/\/www.cfaebooks.com\/cs\/wp-json\/wp\/v2\/product"}],"about":[{"href":"https:\/\/www.cfaebooks.com\/cs\/wp-json\/wp\/v2\/types\/product"}],"replies":[{"embeddable":true,"href":"https:\/\/www.cfaebooks.com\/cs\/wp-json\/wp\/v2\/comments?post=9993"}],"wp:featuredmedia":[{"embeddable":true,"href":"https:\/\/www.cfaebooks.com\/cs\/wp-json\/wp\/v2\/media\/9994"}],"wp:attachment":[{"href":"https:\/\/www.cfaebooks.com\/cs\/wp-json\/wp\/v2\/media?parent=9993"}],"wp:term":[{"taxonomy":"product_brand","embeddable":true,"href":"https:\/\/www.cfaebooks.com\/cs\/wp-json\/wp\/v2\/product_brand?post=9993"},{"taxonomy":"product_cat","embeddable":true,"href":"https:\/\/www.cfaebooks.com\/cs\/wp-json\/wp\/v2\/product_cat?post=9993"},{"taxonomy":"product_tag","embeddable":true,"href":"https:\/\/www.cfaebooks.com\/cs\/wp-json\/wp\/v2\/product_tag?post=9993"}],"curies":[{"name":"wp","href":"https:\/\/api.w.org\/{rel}","templated":true}]}}