{"id":9934,"date":"2024-08-06T06:54:25","date_gmt":"2024-08-06T06:54:25","guid":{"rendered":"https:\/\/www.cfaebooks.com\/?post_type=product&#038;p=9934"},"modified":"2026-04-03T07:58:51","modified_gmt":"2026-04-03T07:58:51","slug":"2025-cfa-ift-studijni-poznamky-3-urovne-soukromeho-majetku","status":"publish","type":"product","link":"https:\/\/www.cfaebooks.com\/cs\/products\/2025-cfa-ift-studijni-poznamky-3-urovne-soukromeho-majetku\/","title":{"rendered":"2025 Studijn\u00ed pozn\u00e1mky CFA IFT Level 3 Private Wealth Pathway"},"content":{"rendered":"<p>For sale is an e-Book 2025 CFA Level 3 IFT Study Notes Private Wealth Pathway PDF.<\/p>\n\n\n\n<p>Zahrnuje n\u00e1sleduj\u00edc\u00ed t\u00e9mata: <em>Private Wealth Pathway, 1. d\u00edl, 2. d\u00edl, 3. d\u00edl, 4. d\u00edl a 5. d\u00edl.<\/em><\/p>\n\n\n\n<ul class=\"wp-block-list\">\n<li>Po objedn\u00e1n\u00ed si m\u016f\u017eete e-knihu okam\u017eit\u011b st\u00e1hnout.<\/li>\n\n\n\n<li>Nejedn\u00e1 se o fyzickou knihu, ale o digit\u00e1ln\u00ed kopii ve form\u00e1tu PDF. Pros\u00edm, nekupujte si ji, pokud chcete fyzickou ti\u0161t\u011bnou kopii.<\/li>\n<\/ul>","protected":false},"excerpt":{"rendered":"<p>For sale is an e-Book 2025 CFA Level 3 IFT Study Notes Private Wealth Pathway PDF. Includes the following topics: Private Wealth Pathway, Volume 1, Volume 2, Volume 3, Volume 4 and Volume 5.<\/p>","protected":false},"featured_media":10332,"comment_status":"closed","ping_status":"closed","template":"","meta":[],"product_brand":[],"product_cat":[265],"product_tag":[261,93,88,90,180,267,306,91,92,167,168],"class_list":{"0":"post-9934","1":"product","2":"type-product","3":"status-publish","4":"has-post-thumbnail","6":"product_cat-cfa-level-3","7":"product_tag-cfa-2025","8":"product_tag-cfa-books","9":"product_tag-cfa-ebooks","10":"product_tag-cfa-exam","11":"product_tag-cfa-level-3","12":"product_tag-cfa-level-3-2025","13":"product_tag-cfa-level-3-private-wealth-pathway","14":"product_tag-cfa-prep","15":"product_tag-cfa-test","16":"product_tag-ift","17":"product_tag-study-notes","19":"first","20":"instock","21":"downloadable","22":"virtual","23":"sold-individually","24":"purchasable","25":"product-type-simple"},"_links":{"self":[{"href":"https:\/\/www.cfaebooks.com\/cs\/wp-json\/wp\/v2\/product\/9934","targetHints":{"allow":["GET"]}}],"collection":[{"href":"https:\/\/www.cfaebooks.com\/cs\/wp-json\/wp\/v2\/product"}],"about":[{"href":"https:\/\/www.cfaebooks.com\/cs\/wp-json\/wp\/v2\/types\/product"}],"replies":[{"embeddable":true,"href":"https:\/\/www.cfaebooks.com\/cs\/wp-json\/wp\/v2\/comments?post=9934"}],"wp:featuredmedia":[{"embeddable":true,"href":"https:\/\/www.cfaebooks.com\/cs\/wp-json\/wp\/v2\/media\/10332"}],"wp:attachment":[{"href":"https:\/\/www.cfaebooks.com\/cs\/wp-json\/wp\/v2\/media?parent=9934"}],"wp:term":[{"taxonomy":"product_brand","embeddable":true,"href":"https:\/\/www.cfaebooks.com\/cs\/wp-json\/wp\/v2\/product_brand?post=9934"},{"taxonomy":"product_cat","embeddable":true,"href":"https:\/\/www.cfaebooks.com\/cs\/wp-json\/wp\/v2\/product_cat?post=9934"},{"taxonomy":"product_tag","embeddable":true,"href":"https:\/\/www.cfaebooks.com\/cs\/wp-json\/wp\/v2\/product_tag?post=9934"}],"curies":[{"name":"wp","href":"https:\/\/api.w.org\/{rel}","templated":true}]}}