{"id":9247,"date":"2024-05-27T05:50:08","date_gmt":"2024-05-27T05:50:08","guid":{"rendered":"https:\/\/www.cfaebooks.com\/?post_type=product&#038;p=9247"},"modified":"2026-04-03T07:58:11","modified_gmt":"2026-04-03T07:58:11","slug":"pruvodce-studiem-caia-2020-2021-uroven-i-2","status":"publish","type":"product","link":"https:\/\/www.cfaebooks.com\/cs\/products\/pruvodce-studiem-caia-2020-2021-uroven-i-2\/","title":{"rendered":"Studijn\u00ed p\u0159\u00edru\u010dka CAIA 2020-2021 Level I"},"content":{"rendered":"<p>For sale is an e-Book CAIA Level 1 Study Guide 2020-2021  PDF.<\/p>\n\n\n\n<p>Nejedn\u00e1 se o fyzickou knihu, ale o digit\u00e1ln\u00ed kopii ve form\u00e1tu PDF. Pokud chcete fyzickou kopii, nekupujte ji. Po objedn\u00e1n\u00ed si m\u016f\u017eete elektronickou knihu okam\u017eit\u011b st\u00e1hnout.<\/p>","protected":false},"excerpt":{"rendered":"<p>For sale is an e-Book CAIA Level 1 Study Guide 2020-2021 PDF. This is not a physical book it is a&nbsp;PDF&nbsp;digital copy. Please do not purchase if you want a physical hard copy. After checkout you can download the e-Book instantly.<\/p>","protected":false},"featured_media":9248,"comment_status":"closed","ping_status":"closed","template":"","meta":[],"product_brand":[],"product_cat":[317],"product_tag":[247,251,250,248,246,252,254,249],"class_list":{"0":"post-9247","1":"product","2":"type-product","3":"status-publish","4":"has-post-thumbnail","6":"product_cat-caia-level-1","7":"product_tag-caia","8":"product_tag-caia-books","9":"product_tag-caia-ebooks","10":"product_tag-caia-exam","11":"product_tag-caia-level-i","12":"product_tag-caia-prep","13":"product_tag-caia-study-guide","14":"product_tag-caia-test","16":"first","17":"instock","18":"downloadable","19":"virtual","20":"sold-individually","21":"purchasable","22":"product-type-simple"},"_links":{"self":[{"href":"https:\/\/www.cfaebooks.com\/cs\/wp-json\/wp\/v2\/product\/9247","targetHints":{"allow":["GET"]}}],"collection":[{"href":"https:\/\/www.cfaebooks.com\/cs\/wp-json\/wp\/v2\/product"}],"about":[{"href":"https:\/\/www.cfaebooks.com\/cs\/wp-json\/wp\/v2\/types\/product"}],"replies":[{"embeddable":true,"href":"https:\/\/www.cfaebooks.com\/cs\/wp-json\/wp\/v2\/comments?post=9247"}],"wp:featuredmedia":[{"embeddable":true,"href":"https:\/\/www.cfaebooks.com\/cs\/wp-json\/wp\/v2\/media\/9248"}],"wp:attachment":[{"href":"https:\/\/www.cfaebooks.com\/cs\/wp-json\/wp\/v2\/media?parent=9247"}],"wp:term":[{"taxonomy":"product_brand","embeddable":true,"href":"https:\/\/www.cfaebooks.com\/cs\/wp-json\/wp\/v2\/product_brand?post=9247"},{"taxonomy":"product_cat","embeddable":true,"href":"https:\/\/www.cfaebooks.com\/cs\/wp-json\/wp\/v2\/product_cat?post=9247"},{"taxonomy":"product_tag","embeddable":true,"href":"https:\/\/www.cfaebooks.com\/cs\/wp-json\/wp\/v2\/product_tag?post=9247"}],"curies":[{"name":"wp","href":"https:\/\/api.w.org\/{rel}","templated":true}]}}