{"id":8436,"date":"2024-03-08T03:47:10","date_gmt":"2024-03-08T03:47:10","guid":{"rendered":"https:\/\/www.cfaebooks.com\/?post_type=product&#038;p=8436"},"modified":"2026-04-03T07:57:12","modified_gmt":"2026-04-03T07:57:12","slug":"2024-cfa-uworld-level-2-qbank-questions-answers-mock-exam","status":"publish","type":"product","link":"https:\/\/www.cfaebooks.com\/cs\/products\/2024-cfa-uworld-level-2-qbank-questions-answers-mock-exam\/","title":{"rendered":"2024 CFA UWorld Level 2 Qbank (Ot\u00e1zky Odpov\u011bdi) + Mock Exam"},"content":{"rendered":"<p>Na prodej je elektronick\u00e1 kniha 2024 CFA UWorld Question Bank and Mock Exams Level 2 ve form\u00e1tu PDF. <\/p>\n\n\n\n<p>Zahrnuje datab\u00e1zi ot\u00e1zek \u2013 v\u00edce ne\u017e 400 ot\u00e1zek a odpov\u011bd\u00ed ke ka\u017ed\u00e9 ot\u00e1zce. Zahrnuje tak\u00e9 2 cvi\u010dn\u00e9 testy s ot\u00e1zkami a odpov\u011b\u010fmi. Pokr\u00fdv\u00e1 cel\u00fd u\u010debn\u00ed pl\u00e1n \u2013 ot\u00e1zky ke ka\u017ed\u00e9mu t\u00e9matu.<\/p>\n\n\n\n<p>Nejedn\u00e1 se o fyzickou knihu, ale o digit\u00e1ln\u00ed kopii ve form\u00e1tu PDF. Pokud chcete fyzickou kopii, nekupujte ji. Po objedn\u00e1n\u00ed si m\u016f\u017eete elektronickou knihu okam\u017eit\u011b st\u00e1hnout.<\/p>","protected":false},"excerpt":{"rendered":"<p>For sale is an e-Book 2024 CFA UWorld Question Bank and Mock Exams Level 2 PDF. Includes Question Bank &#8211; Over 400+ Questions and Answers for every question. Also includes 2 Mock exams with questions and answers. Covers entire curriculum &#8211; Questions for each topic This is not a physical book it is a\u00a0PDF\u00a0digital copy. [&hellip;]<\/p>\n","protected":false},"featured_media":8437,"comment_status":"closed","ping_status":"closed","template":"","meta":[],"product_brand":[],"product_cat":[266],"product_tag":[86,93,88,90,178,91,166,92,162,161],"class_list":{"0":"post-8436","1":"product","2":"type-product","3":"status-publish","4":"has-post-thumbnail","6":"product_cat-cfa-level-2","7":"product_tag-cfa-2024","8":"product_tag-cfa-books","9":"product_tag-cfa-ebooks","10":"product_tag-cfa-exam","11":"product_tag-cfa-level-2","12":"product_tag-cfa-prep","13":"product_tag-cfa-question-bank","14":"product_tag-cfa-test","15":"product_tag-qbank","16":"product_tag-question-bank","18":"first","19":"instock","20":"downloadable","21":"virtual","22":"sold-individually","23":"purchasable","24":"product-type-simple"},"_links":{"self":[{"href":"https:\/\/www.cfaebooks.com\/cs\/wp-json\/wp\/v2\/product\/8436","targetHints":{"allow":["GET"]}}],"collection":[{"href":"https:\/\/www.cfaebooks.com\/cs\/wp-json\/wp\/v2\/product"}],"about":[{"href":"https:\/\/www.cfaebooks.com\/cs\/wp-json\/wp\/v2\/types\/product"}],"replies":[{"embeddable":true,"href":"https:\/\/www.cfaebooks.com\/cs\/wp-json\/wp\/v2\/comments?post=8436"}],"wp:featuredmedia":[{"embeddable":true,"href":"https:\/\/www.cfaebooks.com\/cs\/wp-json\/wp\/v2\/media\/8437"}],"wp:attachment":[{"href":"https:\/\/www.cfaebooks.com\/cs\/wp-json\/wp\/v2\/media?parent=8436"}],"wp:term":[{"taxonomy":"product_brand","embeddable":true,"href":"https:\/\/www.cfaebooks.com\/cs\/wp-json\/wp\/v2\/product_brand?post=8436"},{"taxonomy":"product_cat","embeddable":true,"href":"https:\/\/www.cfaebooks.com\/cs\/wp-json\/wp\/v2\/product_cat?post=8436"},{"taxonomy":"product_tag","embeddable":true,"href":"https:\/\/www.cfaebooks.com\/cs\/wp-json\/wp\/v2\/product_tag?post=8436"}],"curies":[{"name":"wp","href":"https:\/\/api.w.org\/{rel}","templated":true}]}}