{"id":8350,"date":"2024-03-06T03:56:16","date_gmt":"2024-03-06T03:56:16","guid":{"rendered":"https:\/\/www.cfaebooks.com\/?post_type=product&#038;p=8350"},"modified":"2026-04-03T07:56:57","modified_gmt":"2026-04-03T07:56:57","slug":"2024-cfa-level-3-schweser-notes","status":"publish","type":"product","link":"https:\/\/www.cfaebooks.com\/cs\/products\/2024-cfa-level-3-schweser-notes\/","title":{"rendered":"2024 CFA Level 3 Schweser Notes"},"content":{"rendered":"<p>Na prodej je elektronick\u00e1 kniha 2024 CFA Level 3 Schweser Notes PDF. <\/p>\n\n\n\n<p>Obsahuje sadu 5 knih: <\/p>\n\n\n\n<ul class=\"wp-block-list\">\n<li>Kniha 1: O\u010dek\u00e1v\u00e1n\u00ed kapit\u00e1lov\u00e9ho trhu a alokace aktiv<\/li>\n\n\n\n<li>Kniha 2: Deriv\u00e1ty a spr\u00e1va m\u011bn<\/li>\n\n\n\n<li>Kniha 3: Pevn\u00fd v\u00fdnos a akcie<\/li>\n\n\n\n<li>Kniha 4: Alternativn\u00ed investice, spr\u00e1va soukrom\u00e9ho majetku a institucion\u00e1ln\u00ed investo\u0159i<\/li>\n\n\n\n<li>Kniha 5: Obchodov\u00e1n\u00ed, hodnocen\u00ed v\u00fdkonnosti, v\u00fdb\u011br mana\u017eer\u016f, p\u0159\u00edpadov\u00e9 studie a etick\u00e9 a profesn\u00ed standardy.<\/li>\n<\/ul>\n\n\n\n<p>Nejedn\u00e1 se o fyzickou knihu, ale o digit\u00e1ln\u00ed kopii ve form\u00e1tu PDF. Pokud chcete fyzickou kopii, nekupujte ji. Po objedn\u00e1n\u00ed si m\u016f\u017eete elektronickou knihu okam\u017eit\u011b st\u00e1hnout.<\/p>","protected":false},"excerpt":{"rendered":"<p>For sale is an e-Book 2024 CFA Level 3 Schweser Notes PDF. Includes Set of 5 books: This is not a physical book it is a\u00a0PDF\u00a0digital copy. Please do not purchase if you want a physical hard copy. After checkout you can download the e-Book instantly.<\/p>","protected":false},"featured_media":8353,"comment_status":"closed","ping_status":"closed","template":"","meta":[],"product_brand":[],"product_cat":[351],"product_tag":[86,93,88,90,180,91,92,158,179],"class_list":{"0":"post-8350","1":"product","2":"type-product","3":"status-publish","4":"has-post-thumbnail","6":"product_cat-cfa-level-3-2024","7":"product_tag-cfa-2024","8":"product_tag-cfa-books","9":"product_tag-cfa-ebooks","10":"product_tag-cfa-exam","11":"product_tag-cfa-level-3","12":"product_tag-cfa-prep","13":"product_tag-cfa-test","14":"product_tag-kaplan-schweser","15":"product_tag-schweser-notes","17":"first","18":"instock","19":"downloadable","20":"virtual","21":"sold-individually","22":"purchasable","23":"product-type-simple"},"_links":{"self":[{"href":"https:\/\/www.cfaebooks.com\/cs\/wp-json\/wp\/v2\/product\/8350","targetHints":{"allow":["GET"]}}],"collection":[{"href":"https:\/\/www.cfaebooks.com\/cs\/wp-json\/wp\/v2\/product"}],"about":[{"href":"https:\/\/www.cfaebooks.com\/cs\/wp-json\/wp\/v2\/types\/product"}],"replies":[{"embeddable":true,"href":"https:\/\/www.cfaebooks.com\/cs\/wp-json\/wp\/v2\/comments?post=8350"}],"wp:featuredmedia":[{"embeddable":true,"href":"https:\/\/www.cfaebooks.com\/cs\/wp-json\/wp\/v2\/media\/8353"}],"wp:attachment":[{"href":"https:\/\/www.cfaebooks.com\/cs\/wp-json\/wp\/v2\/media?parent=8350"}],"wp:term":[{"taxonomy":"product_brand","embeddable":true,"href":"https:\/\/www.cfaebooks.com\/cs\/wp-json\/wp\/v2\/product_brand?post=8350"},{"taxonomy":"product_cat","embeddable":true,"href":"https:\/\/www.cfaebooks.com\/cs\/wp-json\/wp\/v2\/product_cat?post=8350"},{"taxonomy":"product_tag","embeddable":true,"href":"https:\/\/www.cfaebooks.com\/cs\/wp-json\/wp\/v2\/product_tag?post=8350"}],"curies":[{"name":"wp","href":"https:\/\/api.w.org\/{rel}","templated":true}]}}