{"id":8328,"date":"2024-03-05T13:57:53","date_gmt":"2024-03-05T13:57:53","guid":{"rendered":"https:\/\/www.cfaebooks.com\/?post_type=product&#038;p=8328"},"modified":"2026-04-03T07:56:52","modified_gmt":"2026-04-03T07:56:52","slug":"2024-cfa-program-curriculum-level-iii-box-set","status":"publish","type":"product","link":"https:\/\/www.cfaebooks.com\/cs\/products\/2024-cfa-program-curriculum-level-iii-box-set\/","title":{"rendered":"2024 CFA Program Curriculum Level III Box Set"},"content":{"rendered":"<p>Na prodej je e-kniha 2024 CFA Program Curriculum Level III Box Set PDF. <\/p>\n\n\n\n<p>Obsahuje sadu 6 svazk\u016f: <\/p>\n\n\n\n<ul class=\"wp-block-list\">\n<li>Svazek 1: Behavior\u00e1ln\u00ed finance, o\u010dek\u00e1v\u00e1n\u00ed kapit\u00e1lov\u00e9ho trhu a alokace aktiv<\/li>\n\n\n\n<li>Svazek 2: Deriv\u00e1ty, spr\u00e1va m\u011bn a pevn\u00e9 v\u00fdnosy<\/li>\n\n\n\n<li>Svazek 3: Spr\u00e1va portfolia s pevn\u00fdm v\u00fdnosem a akciov\u00e9ho portfolia<\/li>\n\n\n\n<li>Svazek 4: Alternativn\u00ed investice, spr\u00e1va portfolia a spr\u00e1va soukrom\u00e9ho majetku<\/li>\n\n\n\n<li>Svazek 5: Institucion\u00e1ln\u00ed investo\u0159i, dal\u0161\u00ed t\u00e9mata v oblasti spr\u00e1vy portfolia a p\u0159\u00edpadov\u00e9 studie<\/li>\n\n\n\n<li>Svazek 6: Etika a profesn\u00ed standardy<\/li>\n<\/ul>\n\n\n\n<p>Nejedn\u00e1 se o fyzickou knihu, ale o digit\u00e1ln\u00ed kopii ve form\u00e1tu PDF. Pokud chcete fyzickou kopii, nekupujte ji. Po objedn\u00e1n\u00ed si m\u016f\u017eete elektronickou knihu okam\u017eit\u011b st\u00e1hnout.<\/p>","protected":false},"excerpt":{"rendered":"<p>For sale is an e-Book 2024 CFA Program Curriculum Level III Box Set PDF. Includes Set of 6 volumes: This is not a physical book it is a\u00a0PDF\u00a0digital copy. Please do not purchase if you want a physical hard copy. After checkout you can download the e-Book instantly.<\/p>","protected":false},"featured_media":8329,"comment_status":"closed","ping_status":"closed","template":"","meta":[],"product_brand":[],"product_cat":[351],"product_tag":[86,93,88,90,174,180,91,89,92,169],"class_list":{"0":"post-8328","1":"product","2":"type-product","3":"status-publish","4":"has-post-thumbnail","6":"product_cat-cfa-level-3-2024","7":"product_tag-cfa-2024","8":"product_tag-cfa-books","9":"product_tag-cfa-ebooks","10":"product_tag-cfa-exam","11":"product_tag-cfa-institute","12":"product_tag-cfa-level-3","13":"product_tag-cfa-prep","14":"product_tag-cfa-program-curriculum","15":"product_tag-cfa-test","16":"product_tag-wiley","18":"first","19":"instock","20":"downloadable","21":"virtual","22":"sold-individually","23":"purchasable","24":"product-type-simple"},"_links":{"self":[{"href":"https:\/\/www.cfaebooks.com\/cs\/wp-json\/wp\/v2\/product\/8328","targetHints":{"allow":["GET"]}}],"collection":[{"href":"https:\/\/www.cfaebooks.com\/cs\/wp-json\/wp\/v2\/product"}],"about":[{"href":"https:\/\/www.cfaebooks.com\/cs\/wp-json\/wp\/v2\/types\/product"}],"replies":[{"embeddable":true,"href":"https:\/\/www.cfaebooks.com\/cs\/wp-json\/wp\/v2\/comments?post=8328"}],"wp:featuredmedia":[{"embeddable":true,"href":"https:\/\/www.cfaebooks.com\/cs\/wp-json\/wp\/v2\/media\/8329"}],"wp:attachment":[{"href":"https:\/\/www.cfaebooks.com\/cs\/wp-json\/wp\/v2\/media?parent=8328"}],"wp:term":[{"taxonomy":"product_brand","embeddable":true,"href":"https:\/\/www.cfaebooks.com\/cs\/wp-json\/wp\/v2\/product_brand?post=8328"},{"taxonomy":"product_cat","embeddable":true,"href":"https:\/\/www.cfaebooks.com\/cs\/wp-json\/wp\/v2\/product_cat?post=8328"},{"taxonomy":"product_tag","embeddable":true,"href":"https:\/\/www.cfaebooks.com\/cs\/wp-json\/wp\/v2\/product_tag?post=8328"}],"curies":[{"name":"wp","href":"https:\/\/api.w.org\/{rel}","templated":true}]}}