{"id":8287,"date":"2024-03-04T15:19:29","date_gmt":"2024-03-04T15:19:29","guid":{"rendered":"https:\/\/www.cfaebooks.com\/?post_type=product&#038;p=8287"},"modified":"2026-04-03T07:56:39","modified_gmt":"2026-04-03T07:56:39","slug":"2024-cfa-level-2-schweser-notes","status":"publish","type":"product","link":"https:\/\/www.cfaebooks.com\/cs\/products\/2024-cfa-level-2-schweser-notes\/","title":{"rendered":"2024 CFA Level 2 Schweser Notes"},"content":{"rendered":"<p>Na prodej je elektronick\u00e1 kniha 2024 CFA Level 2 Schweser Notes PDF. Obsahuje sadu 5 knih: Kniha 1: Kniha 1: Kvantitativn\u00ed metody a ekonomie, Kniha 2: Anal\u00fdza finan\u010dn\u00edch v\u00fdkaz\u016f a korpor\u00e1tn\u00ed emitenti, Kniha 3: Oce\u0148ov\u00e1n\u00ed akci\u00ed, Kniha 4: Pevn\u00fd v\u00fdnos, deriv\u00e1ty a alternativn\u00ed investice, Kniha 5: \u0158\u00edzen\u00ed portfolia a etick\u00e9 a profesion\u00e1ln\u00ed<\/p>\n\n\n\n<ul class=\"wp-block-list\">\n<li>Nejedn\u00e1 se o fyzickou knihu, ale o digit\u00e1ln\u00ed PDF. Pros\u00edm, nekupujte si ji, pokud chcete fyzickou ti\u0161t\u011bnou kopii.<\/li>\n\n\n\n<li>Po pokladn\u011b si m\u016f\u017eete e-knihu okam\u017eit\u011b st\u00e1hnout.<\/li>\n<\/ul>","protected":false},"excerpt":{"rendered":"<p>Na prodej je elektronick\u00e1 kniha 2024 CFA Level 2 Schweser Notes PDF. Obsahuje sadu 5 knih: Kniha 1: Kniha 1: Kvantitativn\u00ed metody a ekonomie, Kniha 2: Anal\u00fdza finan\u010dn\u00edch v\u00fdkaz\u016f a korpor\u00e1tn\u00ed emitenti, Kniha 3: Oce\u0148ov\u00e1n\u00ed akci\u00ed, Kniha 4: Pevn\u00fd v\u00fdnos, deriv\u00e1ty a alternativn\u00ed investice, Kniha 5: \u0158\u00edzen\u00ed portfolia a etick\u00e9 a profesion\u00e1ln\u00ed<\/p>","protected":false},"featured_media":8291,"comment_status":"closed","ping_status":"closed","template":"","meta":[],"product_brand":[],"product_cat":[350],"product_tag":[86,93,88,90,178,91,92,158,179],"class_list":{"0":"post-8287","1":"product","2":"type-product","3":"status-publish","4":"has-post-thumbnail","6":"product_cat-cfa-level-2-2024","7":"product_tag-cfa-2024","8":"product_tag-cfa-books","9":"product_tag-cfa-ebooks","10":"product_tag-cfa-exam","11":"product_tag-cfa-level-2","12":"product_tag-cfa-prep","13":"product_tag-cfa-test","14":"product_tag-kaplan-schweser","15":"product_tag-schweser-notes","17":"first","18":"instock","19":"downloadable","20":"virtual","21":"sold-individually","22":"purchasable","23":"product-type-simple"},"_links":{"self":[{"href":"https:\/\/www.cfaebooks.com\/cs\/wp-json\/wp\/v2\/product\/8287","targetHints":{"allow":["GET"]}}],"collection":[{"href":"https:\/\/www.cfaebooks.com\/cs\/wp-json\/wp\/v2\/product"}],"about":[{"href":"https:\/\/www.cfaebooks.com\/cs\/wp-json\/wp\/v2\/types\/product"}],"replies":[{"embeddable":true,"href":"https:\/\/www.cfaebooks.com\/cs\/wp-json\/wp\/v2\/comments?post=8287"}],"wp:featuredmedia":[{"embeddable":true,"href":"https:\/\/www.cfaebooks.com\/cs\/wp-json\/wp\/v2\/media\/8291"}],"wp:attachment":[{"href":"https:\/\/www.cfaebooks.com\/cs\/wp-json\/wp\/v2\/media?parent=8287"}],"wp:term":[{"taxonomy":"product_brand","embeddable":true,"href":"https:\/\/www.cfaebooks.com\/cs\/wp-json\/wp\/v2\/product_brand?post=8287"},{"taxonomy":"product_cat","embeddable":true,"href":"https:\/\/www.cfaebooks.com\/cs\/wp-json\/wp\/v2\/product_cat?post=8287"},{"taxonomy":"product_tag","embeddable":true,"href":"https:\/\/www.cfaebooks.com\/cs\/wp-json\/wp\/v2\/product_tag?post=8287"}],"curies":[{"name":"wp","href":"https:\/\/api.w.org\/{rel}","templated":true}]}}