{"id":8191,"date":"2024-03-03T07:11:13","date_gmt":"2024-03-03T07:11:13","guid":{"rendered":"https:\/\/www.cfaebooks.com\/?post_type=product&#038;p=8191"},"modified":"2026-04-03T07:56:20","modified_gmt":"2026-04-03T07:56:20","slug":"2024-uworld-level-1-cfa-program-study-guide-notes-complete-set","status":"publish","type":"product","link":"https:\/\/www.cfaebooks.com\/cs\/products\/2024-uworld-level-1-cfa-program-study-guide-notes-complete-set\/","title":{"rendered":"2024 UWorld Level 1 CFA Program Study Guide Notes Complete Set + Formula Sheet"},"content":{"rendered":"<p>Na prodej je elektronick\u00e1 kniha 2024 CFA Level 1 UWorld Program Study Guide Notes Complete Set + Formula Sheet PDF.<\/p>\n\n\n\n<p>Obsahuje sadu 6 svazk\u016f: <\/p>\n\n\n\n<p>Svazek 1: Kvantitativn\u00ed metody, Svazek 2: Ekonomika a anal\u00fdza finan\u010dn\u00edch v\u00fdkaz\u016f, Svazek 3: Anal\u00fdza finan\u010dn\u00edch v\u00fdkaz\u016f a korpor\u00e1tn\u00ed emitenti, Svazek 4: Korpor\u00e1tn\u00ed emitenti, kapit\u00e1lov\u00e9 investice a pevn\u00e9 v\u00fdnosy, Svazek 5: Pevn\u00e9 v\u00fdnosy, deriv\u00e1ty, alternativn\u00ed investice a spr\u00e1va portfolia, Svazek 6: Spr\u00e1va portfolia a etick\u00e9 a profesn\u00ed standardy<\/p>\n\n\n\n<ul class=\"wp-block-list\">\n<li>Nejedn\u00e1 se o fyzickou knihu, ale o digit\u00e1ln\u00ed kopii ve form\u00e1tu PDF. Pros\u00edm, nekupujte si ji, pokud chcete fyzickou ti\u0161t\u011bnou kopii.<\/li>\n\n\n\n<li>Po pokladn\u011b si m\u016f\u017eete e-knihu okam\u017eit\u011b st\u00e1hnout.<\/li>\n<\/ul>","protected":false},"excerpt":{"rendered":"<p>For sale is an e-Book 2024 CFA Level 1 UWorld Program Study Guide Notes Complete Set + Formula Sheet PDF. Includes Set of 6 volumes: Volume 1: Quantitative Methods, Volume 2: Economics and Financial Statement Analysis, Volume 3: Financial Statement Analysis and Corporate Issuers, Volume 4: Corporate Issuers, Equity Investments, and Fixed Income, Volume 5: [&hellip;]<\/p>\n","protected":false},"featured_media":8192,"comment_status":"closed","ping_status":"closed","template":"","meta":[],"product_brand":[],"product_cat":[260],"product_tag":[86,93,88,90,87,91,92,171,169],"class_list":{"0":"post-8191","1":"product","2":"type-product","3":"status-publish","4":"has-post-thumbnail","6":"product_cat-cfa-level-1","7":"product_tag-cfa-2024","8":"product_tag-cfa-books","9":"product_tag-cfa-ebooks","10":"product_tag-cfa-exam","11":"product_tag-cfa-level-i","12":"product_tag-cfa-prep","13":"product_tag-cfa-test","14":"product_tag-study-guide","15":"product_tag-wiley","17":"first","18":"instock","19":"downloadable","20":"virtual","21":"sold-individually","22":"purchasable","23":"product-type-simple"},"_links":{"self":[{"href":"https:\/\/www.cfaebooks.com\/cs\/wp-json\/wp\/v2\/product\/8191","targetHints":{"allow":["GET"]}}],"collection":[{"href":"https:\/\/www.cfaebooks.com\/cs\/wp-json\/wp\/v2\/product"}],"about":[{"href":"https:\/\/www.cfaebooks.com\/cs\/wp-json\/wp\/v2\/types\/product"}],"replies":[{"embeddable":true,"href":"https:\/\/www.cfaebooks.com\/cs\/wp-json\/wp\/v2\/comments?post=8191"}],"wp:featuredmedia":[{"embeddable":true,"href":"https:\/\/www.cfaebooks.com\/cs\/wp-json\/wp\/v2\/media\/8192"}],"wp:attachment":[{"href":"https:\/\/www.cfaebooks.com\/cs\/wp-json\/wp\/v2\/media?parent=8191"}],"wp:term":[{"taxonomy":"product_brand","embeddable":true,"href":"https:\/\/www.cfaebooks.com\/cs\/wp-json\/wp\/v2\/product_brand?post=8191"},{"taxonomy":"product_cat","embeddable":true,"href":"https:\/\/www.cfaebooks.com\/cs\/wp-json\/wp\/v2\/product_cat?post=8191"},{"taxonomy":"product_tag","embeddable":true,"href":"https:\/\/www.cfaebooks.com\/cs\/wp-json\/wp\/v2\/product_tag?post=8191"}],"curies":[{"name":"wp","href":"https:\/\/api.w.org\/{rel}","templated":true}]}}