{"id":17282,"date":"2026-04-01T06:38:09","date_gmt":"2026-04-01T06:38:09","guid":{"rendered":"https:\/\/www.cfaebooks.com\/?post_type=product&#038;p=17282"},"modified":"2026-04-03T08:10:45","modified_gmt":"2026-04-03T08:10:45","slug":"cfa-2026-schweser-videos-level-3-portfolio-management-pathway","status":"publish","type":"product","link":"https:\/\/www.cfaebooks.com\/cs\/products\/cfa-2026-schweser-videos-level-3-portfolio-management-pathway\/","title":{"rendered":"CFA 2026 Schweser Videos Level 3 &#8211; Portfolio Management Pathway"},"content":{"rendered":"<p>For sale is the CFA 2026 Schweser Videos Level 3 &#8211; Portfolio Management Pathway.<\/p>\n\n\n\n<p>Zahrnuje n\u00e1sleduj\u00edc\u00ed t\u00e9mata: <\/p>\n\n\n\n<ul class=\"wp-block-list\">\n<li><em>Alokace aktiv<\/em><\/li>\n\n\n\n<li><em>V\u00fdstavba portfolia<\/em><\/li>\n\n\n\n<li><em>M\u011b\u0159en\u00ed v\u00fdkonu<\/em><\/li>\n\n\n\n<li><em>Deriv\u00e1ty a \u0159\u00edzen\u00ed rizik<\/em><\/li>\n\n\n\n<li><em>Etick\u00e9 a profesn\u00ed normy<\/em><\/li>\n\n\n\n<li><em>Cesta k \u0159\u00edzen\u00ed portfolia<\/em>.<\/li>\n<\/ul>\n\n\n\n<p>Po objedn\u00e1n\u00ed si m\u016f\u017eete okam\u017eit\u011b st\u00e1hnout video a pracovn\u00ed se\u0161it.<\/p>","protected":false},"excerpt":{"rendered":"<p>For sale is the CFA 2026 Schweser Videos Level 3 &#8211; Portfolio Management Pathway. Includes the following topics: After checkout you can download the video and workbook immediately.<\/p>","protected":false},"featured_media":17283,"comment_status":"closed","ping_status":"closed","template":"","meta":[],"product_brand":[],"product_cat":[265,269],"product_tag":[369,90,371,91,92,302,175,271],"class_list":{"0":"post-17282","1":"product","2":"type-product","3":"status-publish","4":"has-post-thumbnail","6":"product_cat-cfa-level-3","7":"product_cat-cfa-video-lectures","8":"product_tag-cfa-2026","9":"product_tag-cfa-exam","10":"product_tag-cfa-level-3-2026","11":"product_tag-cfa-prep","12":"product_tag-cfa-test","13":"product_tag-cfa-video-lectures","14":"product_tag-video","15":"product_tag-video-lectures","17":"first","18":"instock","19":"downloadable","20":"virtual","21":"sold-individually","22":"purchasable","23":"product-type-simple"},"_links":{"self":[{"href":"https:\/\/www.cfaebooks.com\/cs\/wp-json\/wp\/v2\/product\/17282","targetHints":{"allow":["GET"]}}],"collection":[{"href":"https:\/\/www.cfaebooks.com\/cs\/wp-json\/wp\/v2\/product"}],"about":[{"href":"https:\/\/www.cfaebooks.com\/cs\/wp-json\/wp\/v2\/types\/product"}],"replies":[{"embeddable":true,"href":"https:\/\/www.cfaebooks.com\/cs\/wp-json\/wp\/v2\/comments?post=17282"}],"wp:featuredmedia":[{"embeddable":true,"href":"https:\/\/www.cfaebooks.com\/cs\/wp-json\/wp\/v2\/media\/17283"}],"wp:attachment":[{"href":"https:\/\/www.cfaebooks.com\/cs\/wp-json\/wp\/v2\/media?parent=17282"}],"wp:term":[{"taxonomy":"product_brand","embeddable":true,"href":"https:\/\/www.cfaebooks.com\/cs\/wp-json\/wp\/v2\/product_brand?post=17282"},{"taxonomy":"product_cat","embeddable":true,"href":"https:\/\/www.cfaebooks.com\/cs\/wp-json\/wp\/v2\/product_cat?post=17282"},{"taxonomy":"product_tag","embeddable":true,"href":"https:\/\/www.cfaebooks.com\/cs\/wp-json\/wp\/v2\/product_tag?post=17282"}],"curies":[{"name":"wp","href":"https:\/\/api.w.org\/{rel}","templated":true}]}}