{"id":16605,"date":"2026-03-02T05:21:18","date_gmt":"2026-03-02T05:21:18","guid":{"rendered":"https:\/\/www.cfaebooks.com\/?post_type=product&#038;p=16605"},"modified":"2026-04-03T08:09:51","modified_gmt":"2026-04-03T08:09:51","slug":"cfa-2026-level-2-uworld-study-guides-with-formula-sheet","status":"publish","type":"product","link":"https:\/\/www.cfaebooks.com\/cs\/products\/cfa-2026-level-2-uworld-study-guides-with-formula-sheet\/","title":{"rendered":"CFA 2026 Level 2 UWorld Study Guides with Formula Sheet"},"content":{"rendered":"<p>For sale is an e-Book CFA 2026 Level 2 UWorld Study Guides with Formula Sheet PDF.<\/p>\n\n\n\n<ul class=\"wp-block-list\">\n<li>Zahrnuje n\u00e1sleduj\u00edc\u00ed t\u00e9mata:\n<ol class=\"wp-block-list\">\n<li><strong><em>Kvantitativn\u00ed metody<\/em><\/strong><\/li>\n\n\n\n<li><strong><em>Ekonomika<\/em><\/strong><\/li>\n\n\n\n<li><strong><em>Anal\u00fdza finan\u010dn\u00edch v\u00fdkaz\u016f<\/em><\/strong><\/li>\n\n\n\n<li><strong><em>Corporate Issuers.<\/em><\/strong><\/li>\n\n\n\n<li><strong>Oce\u0148ov\u00e1n\u00ed vlastn\u00edho kapit\u00e1lu<\/strong><\/li>\n\n\n\n<li><strong>Pevn\u00fd v\u00fdnos<\/strong><\/li>\n\n\n\n<li><strong>Deriv\u00e1ty<\/strong><\/li>\n\n\n\n<li><strong>Alternativn\u00ed investice<\/strong><\/li>\n\n\n\n<li><strong>Spr\u00e1va portfolia<\/strong><\/li>\n\n\n\n<li><strong>Etick\u00e9 a profesn\u00ed normy<\/strong><\/li>\n<\/ol>\n<\/li>\n\n\n\n<li><strong>Tabulka vzorc\u016f<\/strong> is 24 pages in total<\/li>\n<\/ul>\n\n\n\n<p>Nejedn\u00e1 se o fyzickou knihu, ale o digit\u00e1ln\u00ed kopii ve form\u00e1tu PDF. Pokud chcete fyzickou kopii, nekupujte ji. Po objedn\u00e1n\u00ed si m\u016f\u017eete elektronickou knihu ihned st\u00e1hnout.<\/p>","protected":false},"excerpt":{"rendered":"<p>For sale is an e-Book CFA 2026 Level 2 UWorld Study Guides with Formula Sheet PDF. This is not a physical book it is a&nbsp;PDF&nbsp;digital copy. Please do not purchase if you want a physical hard copy. After checkout you can download the e-Book immediately.<\/p>","protected":false},"featured_media":16614,"comment_status":"closed","ping_status":"closed","template":"","meta":[],"product_brand":[],"product_cat":[266],"product_tag":[369,93,88,90,375,91,363,92,365,170],"class_list":{"0":"post-16605","1":"product","2":"type-product","3":"status-publish","4":"has-post-thumbnail","6":"product_cat-cfa-level-2","7":"product_tag-cfa-2026","8":"product_tag-cfa-books","9":"product_tag-cfa-ebooks","10":"product_tag-cfa-exam","11":"product_tag-cfa-level-2-2026","12":"product_tag-cfa-prep","13":"product_tag-cfa-study-notes","14":"product_tag-cfa-test","15":"product_tag-cfa-uworld","16":"product_tag-uworld","18":"first","19":"instock","20":"downloadable","21":"virtual","22":"sold-individually","23":"purchasable","24":"product-type-simple"},"_links":{"self":[{"href":"https:\/\/www.cfaebooks.com\/cs\/wp-json\/wp\/v2\/product\/16605","targetHints":{"allow":["GET"]}}],"collection":[{"href":"https:\/\/www.cfaebooks.com\/cs\/wp-json\/wp\/v2\/product"}],"about":[{"href":"https:\/\/www.cfaebooks.com\/cs\/wp-json\/wp\/v2\/types\/product"}],"replies":[{"embeddable":true,"href":"https:\/\/www.cfaebooks.com\/cs\/wp-json\/wp\/v2\/comments?post=16605"}],"wp:featuredmedia":[{"embeddable":true,"href":"https:\/\/www.cfaebooks.com\/cs\/wp-json\/wp\/v2\/media\/16614"}],"wp:attachment":[{"href":"https:\/\/www.cfaebooks.com\/cs\/wp-json\/wp\/v2\/media?parent=16605"}],"wp:term":[{"taxonomy":"product_brand","embeddable":true,"href":"https:\/\/www.cfaebooks.com\/cs\/wp-json\/wp\/v2\/product_brand?post=16605"},{"taxonomy":"product_cat","embeddable":true,"href":"https:\/\/www.cfaebooks.com\/cs\/wp-json\/wp\/v2\/product_cat?post=16605"},{"taxonomy":"product_tag","embeddable":true,"href":"https:\/\/www.cfaebooks.com\/cs\/wp-json\/wp\/v2\/product_tag?post=16605"}],"curies":[{"name":"wp","href":"https:\/\/api.w.org\/{rel}","templated":true}]}}