{"id":15393,"date":"2025-12-11T06:00:00","date_gmt":"2025-12-11T06:00:00","guid":{"rendered":"https:\/\/www.cfaebooks.com\/?post_type=product&#038;p=15393"},"modified":"2026-04-03T08:08:09","modified_gmt":"2026-04-03T08:08:09","slug":"2026-cfa-program-curriculum-level-ii-box-set","status":"publish","type":"product","link":"https:\/\/www.cfaebooks.com\/cs\/products\/2026-cfa-program-curriculum-level-ii-box-set\/","title":{"rendered":"Sada u\u010debn\u00edch materi\u00e1l\u016f CFA programu \u00farovn\u011b II pro rok 2026"},"content":{"rendered":"<p>For sale is an e-Book 2026 CFA Program Curriculum Level II Box Set PDF.<\/p>\n\n\n\n<p><strong>Includes 10 volumes:<\/strong><\/p>\n\n\n\n<ul class=\"wp-block-list\">\n<li><em>Svazek 1: Kvantitativn\u00ed metody<\/em><\/li>\n\n\n\n<li><em>Svazek 2: Ekonomika<\/em><\/li>\n\n\n\n<li><em>Svazek 3: Anal\u00fdza finan\u010dn\u00edch v\u00fdkaz\u016f<\/em><\/li>\n\n\n\n<li><em>Volume 4: Corporate Issuers<\/em><\/li>\n\n\n\n<li><em>Volume 5: Equity Investments<\/em><\/li>\n\n\n\n<li><em>Svazek 6: Pevn\u00fd v\u00fdnos<\/em><\/li>\n\n\n\n<li><em>Svazek7: Deriv\u00e1ty<\/em><\/li>\n\n\n\n<li><em>Svazek8: Alternativn\u00ed investice<\/em><\/li>\n\n\n\n<li><em>Svazek 9: \u0158\u00edzen\u00ed portfolia<\/em><\/li>\n\n\n\n<li><em>Svazek 10: Etika a profesn\u00ed standardy\u00a0<\/em><\/li>\n<\/ul>\n\n\n\n<p>The text is searchable using the find feature on your computer keyboard \u2018ctrl+f\u2019 and through search on your smartphone\/tablet.  This is not a physical book it is a\u00a0PDF\u00a0digital copy. Please do not purchase if you want a physical hard copy.<\/p>\n\n\n\n<p>Po objedn\u00e1n\u00ed si m\u016f\u017eete e-knihu okam\u017eit\u011b st\u00e1hnout.<\/p>","protected":false},"excerpt":{"rendered":"<p>For sale is an e-Book 2026 CFA Program Curriculum Level II Box Set PDF. Includes 10 volumes: The text is searchable using the find feature on your computer keyboard \u2018ctrl+f\u2019 and through search on your smartphone\/tablet. This is not a physical book it is a\u00a0PDF\u00a0digital copy. Please do not purchase if you want a physical [&hellip;]<\/p>\n","protected":false},"featured_media":15395,"comment_status":"closed","ping_status":"closed","template":"","meta":[],"product_brand":[],"product_cat":[266],"product_tag":[369,93,88,90,174,178,375,91,89,92,168],"class_list":{"0":"post-15393","1":"product","2":"type-product","3":"status-publish","4":"has-post-thumbnail","6":"product_cat-cfa-level-2","7":"product_tag-cfa-2026","8":"product_tag-cfa-books","9":"product_tag-cfa-ebooks","10":"product_tag-cfa-exam","11":"product_tag-cfa-institute","12":"product_tag-cfa-level-2","13":"product_tag-cfa-level-2-2026","14":"product_tag-cfa-prep","15":"product_tag-cfa-program-curriculum","16":"product_tag-cfa-test","17":"product_tag-study-notes","19":"first","20":"instock","21":"downloadable","22":"virtual","23":"sold-individually","24":"purchasable","25":"product-type-simple"},"_links":{"self":[{"href":"https:\/\/www.cfaebooks.com\/cs\/wp-json\/wp\/v2\/product\/15393","targetHints":{"allow":["GET"]}}],"collection":[{"href":"https:\/\/www.cfaebooks.com\/cs\/wp-json\/wp\/v2\/product"}],"about":[{"href":"https:\/\/www.cfaebooks.com\/cs\/wp-json\/wp\/v2\/types\/product"}],"replies":[{"embeddable":true,"href":"https:\/\/www.cfaebooks.com\/cs\/wp-json\/wp\/v2\/comments?post=15393"}],"wp:featuredmedia":[{"embeddable":true,"href":"https:\/\/www.cfaebooks.com\/cs\/wp-json\/wp\/v2\/media\/15395"}],"wp:attachment":[{"href":"https:\/\/www.cfaebooks.com\/cs\/wp-json\/wp\/v2\/media?parent=15393"}],"wp:term":[{"taxonomy":"product_brand","embeddable":true,"href":"https:\/\/www.cfaebooks.com\/cs\/wp-json\/wp\/v2\/product_brand?post=15393"},{"taxonomy":"product_cat","embeddable":true,"href":"https:\/\/www.cfaebooks.com\/cs\/wp-json\/wp\/v2\/product_cat?post=15393"},{"taxonomy":"product_tag","embeddable":true,"href":"https:\/\/www.cfaebooks.com\/cs\/wp-json\/wp\/v2\/product_tag?post=15393"}],"curies":[{"name":"wp","href":"https:\/\/api.w.org\/{rel}","templated":true}]}}