{"id":15362,"date":"2025-12-08T04:55:56","date_gmt":"2025-12-08T04:55:56","guid":{"rendered":"https:\/\/www.cfaebooks.com\/?post_type=product&#038;p=15362"},"modified":"2026-04-03T08:08:07","modified_gmt":"2026-04-03T08:08:07","slug":"2026-cfa-level-2-schweser-question-bank-module-quiz-checkpoint-exam-and-topic-quiz","status":"publish","type":"product","link":"https:\/\/www.cfaebooks.com\/cs\/products\/2026-cfa-level-2-schweser-question-bank-module-quiz-checkpoint-exam-and-topic-quiz\/","title":{"rendered":"2026 CFA Level 2 Schweser Question Bank, Module Quiz, Checkpoint Exam and Topic Quiz"},"content":{"rendered":"<p>For sale is an e-Book CFA 2026 Level 2 Schweser Question Bank, Module Quiz,  Checkpoint Exam and Topic Quiz.<\/p>\n\n\n\n<p><strong>Zahrnuje n\u00e1sleduj\u00edc\u00ed t\u00e9mata:<\/strong><\/p>\n\n\n\n<ol class=\"wp-block-list\">\n<li><em>Kvantitativn\u00ed metody<\/em><\/li>\n\n\n\n<li><em>Ekonomika<\/em><\/li>\n\n\n\n<li><em>Anal\u00fdza finan\u010dn\u00edch v\u00fdkaz\u016f<\/em><\/li>\n\n\n\n<li><em>Podnikov\u00ed emitenti<\/em><\/li>\n\n\n\n<li><em>Oce\u0148ov\u00e1n\u00ed vlastn\u00edho kapit\u00e1lu<\/em><\/li>\n\n\n\n<li><em>Pevn\u00fd v\u00fdnos<\/em><\/li>\n\n\n\n<li><em>Deriv\u00e1ty<\/em><\/li>\n\n\n\n<li><em>Alternativn\u00ed investice<\/em><\/li>\n\n\n\n<li><em>Spr\u00e1va portfolia<\/em><\/li>\n\n\n\n<li><em>Ethics and Professional Standards<\/em>.<\/li>\n<\/ol>\n\n\n\n<ul class=\"wp-block-list\">\n<li>Obsahuje samostatn\u00fd soubor s ot\u00e1zkami a odpov\u011b\u010fmi, tak\u017ee m\u016f\u017eete nejprve zodpov\u011bd\u011bt ot\u00e1zky a pot\u00e9 porovnat sv\u00e9 odpov\u011bdi.<\/li>\n\n\n\n<li>Text lze vyhled\u00e1vat pomoc\u00ed funkce vyhled\u00e1v\u00e1n\u00ed na kl\u00e1vesnici po\u010d\u00edta\u010de \"ctrl+f\" a pomoc\u00ed vyhled\u00e1v\u00e1n\u00ed na smartphonu\/tabletu.<\/li>\n\n\n\n<li>Nejedn\u00e1 se o fyzickou knihu, ale o digit\u00e1ln\u00ed kopii ve form\u00e1tu PDF. Pokud chcete fyzickou knihu, nekupujte tento produkt.<\/li>\n\n\n\n<li>Po objedn\u00e1n\u00ed si m\u016f\u017eete e-knihu okam\u017eit\u011b st\u00e1hnout.<\/li>\n<\/ul>","protected":false},"excerpt":{"rendered":"<p>For sale is an e-Book CFA 2026 Level 2 Schweser Question Bank, Module Quiz, Checkpoint Exam and Topic Quiz. Includes the following topics:<\/p>","protected":false},"featured_media":15363,"comment_status":"closed","ping_status":"closed","template":"","meta":[],"product_brand":[],"product_cat":[266],"product_tag":[369,93,88,90,178,375,91,166,92,162,161,394,163],"class_list":{"0":"post-15362","1":"product","2":"type-product","3":"status-publish","4":"has-post-thumbnail","6":"product_cat-cfa-level-2","7":"product_tag-cfa-2026","8":"product_tag-cfa-books","9":"product_tag-cfa-ebooks","10":"product_tag-cfa-exam","11":"product_tag-cfa-level-2","12":"product_tag-cfa-level-2-2026","13":"product_tag-cfa-prep","14":"product_tag-cfa-question-bank","15":"product_tag-cfa-test","16":"product_tag-qbank","17":"product_tag-question-bank","18":"product_tag-schweser","19":"product_tag-schweser-qbank","21":"first","22":"instock","23":"downloadable","24":"virtual","25":"sold-individually","26":"purchasable","27":"product-type-simple"},"_links":{"self":[{"href":"https:\/\/www.cfaebooks.com\/cs\/wp-json\/wp\/v2\/product\/15362","targetHints":{"allow":["GET"]}}],"collection":[{"href":"https:\/\/www.cfaebooks.com\/cs\/wp-json\/wp\/v2\/product"}],"about":[{"href":"https:\/\/www.cfaebooks.com\/cs\/wp-json\/wp\/v2\/types\/product"}],"replies":[{"embeddable":true,"href":"https:\/\/www.cfaebooks.com\/cs\/wp-json\/wp\/v2\/comments?post=15362"}],"wp:featuredmedia":[{"embeddable":true,"href":"https:\/\/www.cfaebooks.com\/cs\/wp-json\/wp\/v2\/media\/15363"}],"wp:attachment":[{"href":"https:\/\/www.cfaebooks.com\/cs\/wp-json\/wp\/v2\/media?parent=15362"}],"wp:term":[{"taxonomy":"product_brand","embeddable":true,"href":"https:\/\/www.cfaebooks.com\/cs\/wp-json\/wp\/v2\/product_brand?post=15362"},{"taxonomy":"product_cat","embeddable":true,"href":"https:\/\/www.cfaebooks.com\/cs\/wp-json\/wp\/v2\/product_cat?post=15362"},{"taxonomy":"product_tag","embeddable":true,"href":"https:\/\/www.cfaebooks.com\/cs\/wp-json\/wp\/v2\/product_tag?post=15362"}],"curies":[{"name":"wp","href":"https:\/\/api.w.org\/{rel}","templated":true}]}}