{"id":14877,"date":"2025-11-03T00:04:27","date_gmt":"2025-11-03T00:04:27","guid":{"rendered":"https:\/\/www.cfaebooks.com\/?post_type=product&#038;p=14877"},"modified":"2026-04-03T08:07:08","modified_gmt":"2026-04-03T08:07:08","slug":"cfa-2026-schweser-notes-level-2-with-quicksheet","status":"publish","type":"product","link":"https:\/\/www.cfaebooks.com\/cs\/products\/cfa-2026-schweser-notes-level-2-with-quicksheet\/","title":{"rendered":"CFA 2026 Schweser Notes Level 2 s Quicksheet"},"content":{"rendered":"<p>For sale is an e-Book 2026 CFA Schweser Notes Level 2 with Quicksheet.<\/p>\n\n\n\n<ul class=\"wp-block-list\">\n<li>Obsahuje sadu 5 knih:\n<ul class=\"wp-block-list\">\n<li><strong><em>Kniha 1: Kvantitativn\u00ed metody a ekonomie<\/em><\/strong><\/li>\n\n\n\n<li><strong><em>Kniha 2: Anal\u00fdza finan\u010dn\u00edch v\u00fdkaz\u016f a emitenti podnik\u016f<\/em><\/strong><\/li>\n\n\n\n<li><strong><em>Kniha 3: Oce\u0148ov\u00e1n\u00ed vlastn\u00edho kapit\u00e1lu<\/em><\/strong><\/li>\n\n\n\n<li><strong><em>Kniha 4: Pevn\u00fd v\u00fdnos, deriv\u00e1ty a alternativn\u00ed investice<\/em><\/strong><\/li>\n\n\n\n<li><strong><em>Kniha 5: Spr\u00e1va portfolia a etick\u00e9 a profesn\u00ed standardy<\/em><\/strong>.<\/li>\n<\/ul>\n<\/li>\n\n\n\n<li>Quicksheet m\u00e1 celkem 6 stran<\/li>\n\n\n\n<li>The package includes pdf, epub, and web version.<\/li>\n<\/ul>\n\n\n\n<p>Nejedn\u00e1 se o fyzickou knihu, ale o digit\u00e1ln\u00ed kopii ve form\u00e1tu PDF. Pokud chcete fyzickou kopii, nekupujte ji. Po objedn\u00e1n\u00ed si m\u016f\u017eete elektronickou knihu ihned st\u00e1hnout.<\/p>","protected":false},"excerpt":{"rendered":"<p>For sale is an e-Book 2026 CFA Schweser Notes Level 2 with Quicksheet. This is not a physical book it is a&nbsp;PDF&nbsp;digital copy. Please do not purchase if you want a physical hard copy. After checkout you can download the e-Book immediately.<\/p>","protected":false},"featured_media":14878,"comment_status":"closed","ping_status":"closed","template":"","meta":[],"product_brand":[],"product_cat":[266],"product_tag":[369,93,88,90,375,91,363,92,158,179],"class_list":{"0":"post-14877","1":"product","2":"type-product","3":"status-publish","4":"has-post-thumbnail","6":"product_cat-cfa-level-2","7":"product_tag-cfa-2026","8":"product_tag-cfa-books","9":"product_tag-cfa-ebooks","10":"product_tag-cfa-exam","11":"product_tag-cfa-level-2-2026","12":"product_tag-cfa-prep","13":"product_tag-cfa-study-notes","14":"product_tag-cfa-test","15":"product_tag-kaplan-schweser","16":"product_tag-schweser-notes","18":"first","19":"instock","20":"downloadable","21":"virtual","22":"sold-individually","23":"purchasable","24":"product-type-simple"},"_links":{"self":[{"href":"https:\/\/www.cfaebooks.com\/cs\/wp-json\/wp\/v2\/product\/14877","targetHints":{"allow":["GET"]}}],"collection":[{"href":"https:\/\/www.cfaebooks.com\/cs\/wp-json\/wp\/v2\/product"}],"about":[{"href":"https:\/\/www.cfaebooks.com\/cs\/wp-json\/wp\/v2\/types\/product"}],"replies":[{"embeddable":true,"href":"https:\/\/www.cfaebooks.com\/cs\/wp-json\/wp\/v2\/comments?post=14877"}],"wp:featuredmedia":[{"embeddable":true,"href":"https:\/\/www.cfaebooks.com\/cs\/wp-json\/wp\/v2\/media\/14878"}],"wp:attachment":[{"href":"https:\/\/www.cfaebooks.com\/cs\/wp-json\/wp\/v2\/media?parent=14877"}],"wp:term":[{"taxonomy":"product_brand","embeddable":true,"href":"https:\/\/www.cfaebooks.com\/cs\/wp-json\/wp\/v2\/product_brand?post=14877"},{"taxonomy":"product_cat","embeddable":true,"href":"https:\/\/www.cfaebooks.com\/cs\/wp-json\/wp\/v2\/product_cat?post=14877"},{"taxonomy":"product_tag","embeddable":true,"href":"https:\/\/www.cfaebooks.com\/cs\/wp-json\/wp\/v2\/product_tag?post=14877"}],"curies":[{"name":"wp","href":"https:\/\/api.w.org\/{rel}","templated":true}]}}