{"id":14339,"date":"2025-10-13T01:11:39","date_gmt":"2025-10-13T01:11:39","guid":{"rendered":"https:\/\/www.cfaebooks.com\/?post_type=product&#038;p=14339"},"modified":"2026-04-03T08:06:52","modified_gmt":"2026-04-03T08:06:52","slug":"2026-cfa-level-1-finquiz-question-bank","status":"publish","type":"product","link":"https:\/\/www.cfaebooks.com\/cs\/products\/2026-cfa-level-1-finquiz-question-bank\/","title":{"rendered":"2026 CFA \u00farove\u0148 1 Finquiz ot\u00e1zkov\u00e1 banka"},"content":{"rendered":"<p>Na prodej je e-kniha <strong>2026 CFA Finquiz Question Bank Level 1 <\/strong>PDF.<\/p>\n\n\n\n<ul class=\"wp-block-list\">\n<li>Pokryt\u00e9 t\u00e9ma:\n<ol class=\"wp-block-list\">\n<li>Kvantitativn\u00ed metody<\/li>\n\n\n\n<li>Ekonomika<\/li>\n\n\n\n<li>Podnikov\u00ed emitenti<\/li>\n\n\n\n<li>Anal\u00fdza finan\u010dn\u00edch v\u00fdkaz\u016f<\/li>\n\n\n\n<li>Kapit\u00e1lov\u00e9 investice<\/li>\n\n\n\n<li>Pevn\u00fd v\u00fdnos<\/li>\n\n\n\n<li>Derivative Investments<\/li>\n\n\n\n<li>Alternativn\u00ed investice <\/li>\n\n\n\n<li>Spr\u00e1va portfolia<\/li>\n\n\n\n<li>Etick\u00e9 a profesn\u00ed normy<\/li>\n<\/ol>\n<\/li>\n\n\n\n<li>Includes seperate file for questions and answers so that you can do questions then compare your answers <\/li>\n\n\n\n<li>Text lze vyhled\u00e1vat pomoc\u00ed funkce vyhled\u00e1v\u00e1n\u00ed na kl\u00e1vesnici po\u010d\u00edta\u010de \"ctrl+f\" a pomoc\u00ed vyhled\u00e1v\u00e1n\u00ed na smartphonu\/tabletu.<\/li>\n\n\n\n<li>Nejedn\u00e1 se o fyzickou knihu, ale o digit\u00e1ln\u00ed kopii ve form\u00e1tu PDF. Pokud chcete fyzickou knihu, nekupujte tento produkt.<\/li>\n\n\n\n<li>Po objedn\u00e1n\u00ed si m\u016f\u017eete e-knihu okam\u017eit\u011b st\u00e1hnout.<\/li>\n<\/ul>","protected":false},"excerpt":{"rendered":"<p>For sale is an e-Book 2026 CFA Finquiz Question Bank Level 1 PDF.<\/p>","protected":false},"featured_media":14340,"comment_status":"closed","ping_status":"closed","template":"","meta":[],"product_brand":[],"product_cat":[260],"product_tag":[369,93,88,90,370,87,91,92,162,161,163],"class_list":{"0":"post-14339","1":"product","2":"type-product","3":"status-publish","4":"has-post-thumbnail","6":"product_cat-cfa-level-1","7":"product_tag-cfa-2026","8":"product_tag-cfa-books","9":"product_tag-cfa-ebooks","10":"product_tag-cfa-exam","11":"product_tag-cfa-level-1-2026","12":"product_tag-cfa-level-i","13":"product_tag-cfa-prep","14":"product_tag-cfa-test","15":"product_tag-qbank","16":"product_tag-question-bank","17":"product_tag-schweser-qbank","19":"first","20":"instock","21":"downloadable","22":"virtual","23":"sold-individually","24":"purchasable","25":"product-type-simple"},"_links":{"self":[{"href":"https:\/\/www.cfaebooks.com\/cs\/wp-json\/wp\/v2\/product\/14339","targetHints":{"allow":["GET"]}}],"collection":[{"href":"https:\/\/www.cfaebooks.com\/cs\/wp-json\/wp\/v2\/product"}],"about":[{"href":"https:\/\/www.cfaebooks.com\/cs\/wp-json\/wp\/v2\/types\/product"}],"replies":[{"embeddable":true,"href":"https:\/\/www.cfaebooks.com\/cs\/wp-json\/wp\/v2\/comments?post=14339"}],"wp:featuredmedia":[{"embeddable":true,"href":"https:\/\/www.cfaebooks.com\/cs\/wp-json\/wp\/v2\/media\/14340"}],"wp:attachment":[{"href":"https:\/\/www.cfaebooks.com\/cs\/wp-json\/wp\/v2\/media?parent=14339"}],"wp:term":[{"taxonomy":"product_brand","embeddable":true,"href":"https:\/\/www.cfaebooks.com\/cs\/wp-json\/wp\/v2\/product_brand?post=14339"},{"taxonomy":"product_cat","embeddable":true,"href":"https:\/\/www.cfaebooks.com\/cs\/wp-json\/wp\/v2\/product_cat?post=14339"},{"taxonomy":"product_tag","embeddable":true,"href":"https:\/\/www.cfaebooks.com\/cs\/wp-json\/wp\/v2\/product_tag?post=14339"}],"curies":[{"name":"wp","href":"https:\/\/api.w.org\/{rel}","templated":true}]}}