{"id":14132,"date":"2025-10-05T00:57:45","date_gmt":"2025-10-05T00:57:45","guid":{"rendered":"https:\/\/www.cfaebooks.com\/?post_type=product&#038;p=14132"},"modified":"2026-04-03T08:06:28","modified_gmt":"2026-04-03T08:06:28","slug":"cfa-2026-level-1-schweser-notes-with-quicksheet","status":"publish","type":"product","link":"https:\/\/www.cfaebooks.com\/cs\/products\/cfa-2026-level-1-schweser-notes-with-quicksheet\/","title":{"rendered":"CFA 2026 \u00darove\u0148 1 Schweser Notes s Quicksheet"},"content":{"rendered":"<p>For sale is an e-Book 2026 CFA Schweser Notes Level 1 with Quicksheet PDF.<\/p>\n\n\n\n<ul class=\"wp-block-list\">\n<li>Obsahuje sadu 4 knih:\n<ul class=\"wp-block-list\">\n<li>Book 1: Quantitative Methods, Economics and Corporate Issuers<\/li>\n\n\n\n<li>Book 2: Financial Statement Analysis and Equity Investments<\/li>\n\n\n\n<li>Book 3: Fixed Income and Derivatives<\/li>\n\n\n\n<li>Book 4: Alternative Investments, Portfolio Management and Ethical and Professional Standards<\/li>\n<\/ul>\n<\/li>\n\n\n\n<li>Quicksheet m\u00e1 celkem 6 stran<\/li>\n\n\n\n<li>Text lze vyhled\u00e1vat pomoc\u00ed funkce vyhled\u00e1v\u00e1n\u00ed na kl\u00e1vesnici po\u010d\u00edta\u010de \"ctrl+f\" a pomoc\u00ed vyhled\u00e1v\u00e1n\u00ed na smartphonu\/tabletu.<\/li>\n\n\n\n<li>These are not physical books they are eBooks.<\/li>\n\n\n\n<li>The package includes pdf, epub, and web version.<\/li>\n\n\n\n<li>Po pokladn\u011b si m\u016f\u017eete e-knihu okam\u017eit\u011b st\u00e1hnout.<\/li>\n<\/ul>","protected":false},"excerpt":{"rendered":"<p>For sale is an e-Book 2026 CFA Schweser Notes Level 1 with Quicksheet PDF.<\/p>","protected":false},"featured_media":14134,"comment_status":"closed","ping_status":"closed","template":"","meta":[],"product_brand":[],"product_cat":[260],"product_tag":[369,93,88,90,370,87,91,363,92,158,179],"class_list":{"0":"post-14132","1":"product","2":"type-product","3":"status-publish","4":"has-post-thumbnail","6":"product_cat-cfa-level-1","7":"product_tag-cfa-2026","8":"product_tag-cfa-books","9":"product_tag-cfa-ebooks","10":"product_tag-cfa-exam","11":"product_tag-cfa-level-1-2026","12":"product_tag-cfa-level-i","13":"product_tag-cfa-prep","14":"product_tag-cfa-study-notes","15":"product_tag-cfa-test","16":"product_tag-kaplan-schweser","17":"product_tag-schweser-notes","19":"first","20":"instock","21":"downloadable","22":"virtual","23":"sold-individually","24":"purchasable","25":"product-type-simple"},"_links":{"self":[{"href":"https:\/\/www.cfaebooks.com\/cs\/wp-json\/wp\/v2\/product\/14132","targetHints":{"allow":["GET"]}}],"collection":[{"href":"https:\/\/www.cfaebooks.com\/cs\/wp-json\/wp\/v2\/product"}],"about":[{"href":"https:\/\/www.cfaebooks.com\/cs\/wp-json\/wp\/v2\/types\/product"}],"replies":[{"embeddable":true,"href":"https:\/\/www.cfaebooks.com\/cs\/wp-json\/wp\/v2\/comments?post=14132"}],"wp:featuredmedia":[{"embeddable":true,"href":"https:\/\/www.cfaebooks.com\/cs\/wp-json\/wp\/v2\/media\/14134"}],"wp:attachment":[{"href":"https:\/\/www.cfaebooks.com\/cs\/wp-json\/wp\/v2\/media?parent=14132"}],"wp:term":[{"taxonomy":"product_brand","embeddable":true,"href":"https:\/\/www.cfaebooks.com\/cs\/wp-json\/wp\/v2\/product_brand?post=14132"},{"taxonomy":"product_cat","embeddable":true,"href":"https:\/\/www.cfaebooks.com\/cs\/wp-json\/wp\/v2\/product_cat?post=14132"},{"taxonomy":"product_tag","embeddable":true,"href":"https:\/\/www.cfaebooks.com\/cs\/wp-json\/wp\/v2\/product_tag?post=14132"}],"curies":[{"name":"wp","href":"https:\/\/api.w.org\/{rel}","templated":true}]}}