{"id":14110,"date":"2025-10-04T23:22:50","date_gmt":"2025-10-04T23:22:50","guid":{"rendered":"https:\/\/www.cfaebooks.com\/?post_type=product&#038;p=14110"},"modified":"2026-04-03T08:06:25","modified_gmt":"2026-04-03T08:06:25","slug":"2026-cfa-level-1-schweser-prerequisite-program-notes-qbank-video","status":"publish","type":"product","link":"https:\/\/www.cfaebooks.com\/cs\/products\/2026-cfa-level-1-schweser-prerequisite-program-notes-qbank-video\/","title":{"rendered":"2026 CFA \u00farove\u0148 1 Schweser p\u0159\u00edpravn\u00fd program (pozn\u00e1mky, Qbank, video)"},"content":{"rendered":"<p>Na prodej je program CFA Schweser Prerequisite Program Level 1 (pozn\u00e1mky, Qbank, video) pro rok 2026.<\/p>\n\n\n\n<p>Zahrnuje n\u00e1sleduj\u00edc\u00ed t\u00e9mata:&nbsp;<\/p>\n\n\n\n<ul class=\"wp-block-list\">\n<li><strong>Kvantitativn\u00ed metody<\/strong><\/li>\n\n\n\n<li><strong>Ekonomika<\/strong><\/li>\n\n\n\n<li><strong>Anal\u00fdza finan\u010dn\u00edch v\u00fdkaz\u016f<\/strong>. <\/li>\n<\/ul>\n\n\n\n<p>V balen\u00ed je obsa\u017eeno <strong>Pozn\u00e1mky, datab\u00e1ze ot\u00e1zek a videop\u0159edn\u00e1\u0161ky<\/strong><\/p>\n\n\n\n<ul class=\"wp-block-list\">\n<li>Qbank: obsahuje samostatn\u00fd soubor pro ot\u00e1zky a odpov\u011bdi, tak\u017ee m\u016f\u017eete nejprve zodpov\u011bd\u011bt ot\u00e1zky a pot\u00e9 porovnat sv\u00e9 odpov\u011bdi.<\/li>\n\n\n\n<li>Text lze vyhled\u00e1vat pomoc\u00ed funkce vyhled\u00e1v\u00e1n\u00ed na kl\u00e1vesnici po\u010d\u00edta\u010de \"ctrl+f\" a pomoc\u00ed vyhled\u00e1v\u00e1n\u00ed na smartphonu\/tabletu.<\/li>\n\n\n\n<li>Po dokon\u010den\u00ed platby si m\u016f\u017eete produkt okam\u017eit\u011b st\u00e1hnout.<\/li>\n<\/ul>","protected":false},"excerpt":{"rendered":"<p>For sale is the 2026 CFA Schweser Prerequisite Program Level 1 (Notes, Qbank, Video). Includes the following topics:&nbsp; In the package, it including Notes, Question Bank and Video Lectures<\/p>","protected":false},"featured_media":14111,"comment_status":"closed","ping_status":"closed","template":"","meta":[],"product_brand":[],"product_cat":[260,269],"product_tag":[369,378,93,88,370,91,158,272,179,271,270],"class_list":{"0":"post-14110","1":"product","2":"type-product","3":"status-publish","4":"has-post-thumbnail","6":"product_cat-cfa-level-1","7":"product_cat-cfa-video-lectures","8":"product_tag-cfa-2026","9":"product_tag-cfa-2026-video-lectures","10":"product_tag-cfa-books","11":"product_tag-cfa-ebooks","12":"product_tag-cfa-level-1-2026","13":"product_tag-cfa-prep","14":"product_tag-kaplan-schweser","15":"product_tag-prerequisite-program","16":"product_tag-schweser-notes","17":"product_tag-video-lectures","18":"product_tag-video-lessons","20":"first","21":"instock","22":"downloadable","23":"virtual","24":"sold-individually","25":"purchasable","26":"product-type-simple"},"_links":{"self":[{"href":"https:\/\/www.cfaebooks.com\/cs\/wp-json\/wp\/v2\/product\/14110","targetHints":{"allow":["GET"]}}],"collection":[{"href":"https:\/\/www.cfaebooks.com\/cs\/wp-json\/wp\/v2\/product"}],"about":[{"href":"https:\/\/www.cfaebooks.com\/cs\/wp-json\/wp\/v2\/types\/product"}],"replies":[{"embeddable":true,"href":"https:\/\/www.cfaebooks.com\/cs\/wp-json\/wp\/v2\/comments?post=14110"}],"wp:featuredmedia":[{"embeddable":true,"href":"https:\/\/www.cfaebooks.com\/cs\/wp-json\/wp\/v2\/media\/14111"}],"wp:attachment":[{"href":"https:\/\/www.cfaebooks.com\/cs\/wp-json\/wp\/v2\/media?parent=14110"}],"wp:term":[{"taxonomy":"product_brand","embeddable":true,"href":"https:\/\/www.cfaebooks.com\/cs\/wp-json\/wp\/v2\/product_brand?post=14110"},{"taxonomy":"product_cat","embeddable":true,"href":"https:\/\/www.cfaebooks.com\/cs\/wp-json\/wp\/v2\/product_cat?post=14110"},{"taxonomy":"product_tag","embeddable":true,"href":"https:\/\/www.cfaebooks.com\/cs\/wp-json\/wp\/v2\/product_tag?post=14110"}],"curies":[{"name":"wp","href":"https:\/\/api.w.org\/{rel}","templated":true}]}}