{"id":14107,"date":"2025-10-04T15:37:46","date_gmt":"2025-10-04T15:37:46","guid":{"rendered":"https:\/\/www.cfaebooks.com\/?post_type=product&#038;p=14107"},"modified":"2026-04-03T08:06:23","modified_gmt":"2026-04-03T08:06:23","slug":"cfa-2026-level-3-salt-solutions-mock-exams-all-pathways","status":"publish","type":"product","link":"https:\/\/www.cfaebooks.com\/cs\/products\/cfa-2026-level-3-salt-solutions-mock-exams-all-pathways\/","title":{"rendered":"CFA 2026 \u00darove\u0148 3 Salt Solutions Zku\u0161ebn\u00ed testy (v\u0161echny cesty)"},"content":{"rendered":"<p>For sale is an e-Book 2026 CFA Salt Solutions Mock Exams Level 3 All Pathways PDF.<\/p>\n\n\n\n<ul class=\"wp-block-list\">\n<li>Including 9 mock exams, each with 2 sessions.<\/li>\n\n\n\n<li>Including: \n<ul class=\"wp-block-list\">\n<li>Cesta k \u0159\u00edzen\u00ed portfolia<\/li>\n\n\n\n<li>Cesta soukrom\u00fdch trh\u016f<\/li>\n\n\n\n<li>Cesta k soukrom\u00e9mu bohatstv\u00ed<\/li>\n<\/ul>\n<\/li>\n\n\n\n<li>Obsahuje samostatn\u00fd soubor s ot\u00e1zkami a odpov\u011b\u010fmi, tak\u017ee m\u016f\u017eete nejprve zodpov\u011bd\u011bt ot\u00e1zky a pot\u00e9 porovnat sv\u00e9 odpov\u011bdi.<\/li>\n\n\n\n<li>Text lze vyhled\u00e1vat pomoc\u00ed funkce vyhled\u00e1v\u00e1n\u00ed na kl\u00e1vesnici po\u010d\u00edta\u010de \"ctrl+f\" a pomoc\u00ed vyhled\u00e1v\u00e1n\u00ed na smartphonu\/tabletu.<\/li>\n\n\n\n<li>Nejedn\u00e1 se o fyzickou knihu, ale o digit\u00e1ln\u00ed kopii ve form\u00e1tu PDF. Pokud chcete fyzickou knihu, nekupujte tento produkt.<\/li>\n\n\n\n<li>Po pokladn\u011b si m\u016f\u017eete e-knihu okam\u017eit\u011b st\u00e1hnout.<\/li>\n<\/ul>","protected":false},"excerpt":{"rendered":"<p>For sale is an e-Book 2026 CFA Salt Solutions Mock Exams Level 3 All Pathways PDF.<\/p>","protected":false},"featured_media":14089,"comment_status":"closed","ping_status":"closed","template":"","meta":[],"product_brand":[],"product_cat":[265],"product_tag":[369,93,88,90,180,371,361,311,91,92],"class_list":{"0":"post-14107","1":"product","2":"type-product","3":"status-publish","4":"has-post-thumbnail","6":"product_cat-cfa-level-3","7":"product_tag-cfa-2026","8":"product_tag-cfa-books","9":"product_tag-cfa-ebooks","10":"product_tag-cfa-exam","11":"product_tag-cfa-level-3","12":"product_tag-cfa-level-3-2026","13":"product_tag-cfa-mock-exams","14":"product_tag-cfa-mocks","15":"product_tag-cfa-prep","16":"product_tag-cfa-test","18":"first","19":"instock","20":"downloadable","21":"virtual","22":"sold-individually","23":"purchasable","24":"product-type-simple"},"_links":{"self":[{"href":"https:\/\/www.cfaebooks.com\/cs\/wp-json\/wp\/v2\/product\/14107","targetHints":{"allow":["GET"]}}],"collection":[{"href":"https:\/\/www.cfaebooks.com\/cs\/wp-json\/wp\/v2\/product"}],"about":[{"href":"https:\/\/www.cfaebooks.com\/cs\/wp-json\/wp\/v2\/types\/product"}],"replies":[{"embeddable":true,"href":"https:\/\/www.cfaebooks.com\/cs\/wp-json\/wp\/v2\/comments?post=14107"}],"wp:featuredmedia":[{"embeddable":true,"href":"https:\/\/www.cfaebooks.com\/cs\/wp-json\/wp\/v2\/media\/14089"}],"wp:attachment":[{"href":"https:\/\/www.cfaebooks.com\/cs\/wp-json\/wp\/v2\/media?parent=14107"}],"wp:term":[{"taxonomy":"product_brand","embeddable":true,"href":"https:\/\/www.cfaebooks.com\/cs\/wp-json\/wp\/v2\/product_brand?post=14107"},{"taxonomy":"product_cat","embeddable":true,"href":"https:\/\/www.cfaebooks.com\/cs\/wp-json\/wp\/v2\/product_cat?post=14107"},{"taxonomy":"product_tag","embeddable":true,"href":"https:\/\/www.cfaebooks.com\/cs\/wp-json\/wp\/v2\/product_tag?post=14107"}],"curies":[{"name":"wp","href":"https:\/\/api.w.org\/{rel}","templated":true}]}}