{"id":13451,"date":"2025-08-17T05:47:12","date_gmt":"2025-08-17T05:47:12","guid":{"rendered":"https:\/\/www.cfaebooks.com\/?post_type=product&#038;p=13451"},"modified":"2026-04-03T08:05:40","modified_gmt":"2026-04-03T08:05:40","slug":"frm-2025-part-2-bionic-turtle-practice-questions-and-mock-exams","status":"publish","type":"product","link":"https:\/\/www.cfaebooks.com\/cs\/products\/frm-2025-part-2-bionic-turtle-practice-questions-and-mock-exams\/","title":{"rendered":"FRM 2025 \u010d\u00e1st 2 Bionick\u00e1 \u017eelva Praktick\u00e9 ot\u00e1zky a zku\u0161ebn\u00ed testy"},"content":{"rendered":"<p>For sale is an e-Book 2025 FRM Part 2 Bionic Turtle Practice Questions and Mock Exams PDF.<\/p>\n\n\n\n<p><strong>Zahrnut\u00e1 t\u00e9mata:<\/strong><\/p>\n\n\n\n<ul class=\"wp-block-list\">\n<li><strong>Market Risk Measurement &amp; Management<\/strong><\/li>\n\n\n\n<li><strong>Credit Risk Measurement &amp; Management<\/strong><\/li>\n\n\n\n<li><strong>Operational &amp; Integrated Risk Management<\/strong><\/li>\n\n\n\n<li><strong>Liquidity &amp; Treasury Risk Measurement &amp; Management<\/strong><\/li>\n\n\n\n<li><strong>Risk Management &amp; Investment Management<\/strong><\/li>\n<\/ul>\n\n\n\n<p>Nejedn\u00e1 se o fyzickou knihu, ale o digit\u00e1ln\u00ed kopii ve form\u00e1tu PDF. Pokud chcete fyzickou knihu, nekupujte tento produkt.<\/p>\n\n\n\n<p>Po pokladn\u011b si m\u016f\u017eete e-knihu okam\u017eit\u011b st\u00e1hnout.<\/p>","protected":false},"excerpt":{"rendered":"<p>For sale is an e-Book 2025 FRM Part 2 Bionic Turtle Practice Questions and Mock Exams PDF. Topics Covered: This is not a physical book it is a&nbsp;PDF&nbsp;digital copy. Please do not purchase if you want a physical hard copy. After checkout you can download the e-Book instantly.<\/p>","protected":false},"featured_media":13452,"comment_status":"closed","ping_status":"closed","template":"","meta":[],"product_brand":[],"product_cat":[325],"product_tag":[263,374,326,185,186,181,188,329,182,204,183],"class_list":{"0":"post-13451","1":"product","2":"type-product","3":"status-publish","4":"has-post-thumbnail","6":"product_cat-frm-part-2","7":"product_tag-bionic-turtle","8":"product_tag-bionic-turtle-frm","9":"product_tag-frm-2025","10":"product_tag-frm-books","11":"product_tag-frm-ebooks","12":"product_tag-frm-exam","13":"product_tag-frm-part-2","14":"product_tag-frm-part-2-2025","15":"product_tag-frm-prep","16":"product_tag-frm-question-bank","17":"product_tag-frm-test","19":"first","20":"instock","21":"downloadable","22":"virtual","23":"sold-individually","24":"purchasable","25":"product-type-simple"},"_links":{"self":[{"href":"https:\/\/www.cfaebooks.com\/cs\/wp-json\/wp\/v2\/product\/13451","targetHints":{"allow":["GET"]}}],"collection":[{"href":"https:\/\/www.cfaebooks.com\/cs\/wp-json\/wp\/v2\/product"}],"about":[{"href":"https:\/\/www.cfaebooks.com\/cs\/wp-json\/wp\/v2\/types\/product"}],"replies":[{"embeddable":true,"href":"https:\/\/www.cfaebooks.com\/cs\/wp-json\/wp\/v2\/comments?post=13451"}],"wp:featuredmedia":[{"embeddable":true,"href":"https:\/\/www.cfaebooks.com\/cs\/wp-json\/wp\/v2\/media\/13452"}],"wp:attachment":[{"href":"https:\/\/www.cfaebooks.com\/cs\/wp-json\/wp\/v2\/media?parent=13451"}],"wp:term":[{"taxonomy":"product_brand","embeddable":true,"href":"https:\/\/www.cfaebooks.com\/cs\/wp-json\/wp\/v2\/product_brand?post=13451"},{"taxonomy":"product_cat","embeddable":true,"href":"https:\/\/www.cfaebooks.com\/cs\/wp-json\/wp\/v2\/product_cat?post=13451"},{"taxonomy":"product_tag","embeddable":true,"href":"https:\/\/www.cfaebooks.com\/cs\/wp-json\/wp\/v2\/product_tag?post=13451"}],"curies":[{"name":"wp","href":"https:\/\/api.w.org\/{rel}","templated":true}]}}