{"id":13396,"date":"2025-08-14T03:55:00","date_gmt":"2025-08-14T03:55:00","guid":{"rendered":"https:\/\/www.cfaebooks.com\/?post_type=product&#038;p=13396"},"modified":"2026-04-03T08:05:25","modified_gmt":"2026-04-03T08:05:25","slug":"cfa-2026-ift-study-notes-level-3-private-markets-pathway-with-formula-sheet","status":"publish","type":"product","link":"https:\/\/www.cfaebooks.com\/cs\/products\/cfa-2026-ift-study-notes-level-3-private-markets-pathway-with-formula-sheet\/","title":{"rendered":"CFA 2026 IFT Studijn\u00ed pozn\u00e1mky 3. \u00farovn\u011b Cesty na soukrom\u00e9 trhy s listem vzorc\u016f"},"content":{"rendered":"<p>For sale is an e-Book 2026 CFA Level 3 IFT Study Notes Private Markets Pathway with Formula Sheet PDF.<\/p>\n\n\n\n<p>Zahrnuje n\u00e1sleduj\u00edc\u00ed t\u00e9mata:<\/p>\n\n\n\n<ul class=\"wp-block-list\">\n<li>Svazek 1 - Alokace aktiv<\/li>\n\n\n\n<li><em>Svazek 2 - Tvorba portfolia<\/em><\/li>\n\n\n\n<li><em>Svazek 3 - M\u011b\u0159en\u00ed v\u00fdkonu<\/em><\/li>\n\n\n\n<li><em>Svazek 4 - Deriv\u00e1ty a \u0159\u00edzen\u00ed rizik<\/em><\/li>\n\n\n\n<li><em>Svazek 5 - Etick\u00e9 a profesn\u00ed normy<\/em><\/li>\n\n\n\n<li>Cesta soukrom\u00fdch trh\u016f<\/li>\n\n\n\n<li><em>2026 Level III Fact and Formula Sheet (P\u0159ehled fakt\u016f a vzorc\u016f)<\/em><\/li>\n<\/ul>\n\n\n\n<p>Text lze vyhled\u00e1vat pomoc\u00ed funkce vyhled\u00e1v\u00e1n\u00ed na kl\u00e1vesnici po\u010d\u00edta\u010de \"ctrl f\" a pomoc\u00ed vyhled\u00e1v\u00e1n\u00ed na smartphonu\/tabletu.<\/p>\n\n\n\n<p>Z\u00edsk\u00e1te podrobn\u00e9 studijn\u00ed pozn\u00e1mky, kter\u00e9 se t\u00fdkaj\u00ed v\u0161ech LOS a kter\u00e9 zahrnuj\u00ed:&nbsp;<strong><em>Shrnut\u00ed jednotliv\u00fdch \u010dten\u00ed a p\u0159\u00edklady<\/em><\/strong><\/p>\n\n\n\n<ul class=\"wp-block-list\">\n<li>Po objedn\u00e1n\u00ed si m\u016f\u017eete e-knihu okam\u017eit\u011b st\u00e1hnout.<\/li>\n\n\n\n<li>Nejedn\u00e1 se o fyzickou knihu, ale o digit\u00e1ln\u00ed kopii ve form\u00e1tu PDF. Pros\u00edm, nekupujte si ji, pokud chcete fyzickou ti\u0161t\u011bnou kopii.<\/li>\n<\/ul>","protected":false},"excerpt":{"rendered":"<p>For sale is an e-Book 2026 CFA Level 3 IFT Study Notes Private Markets Pathway with Formula Sheet PDF. Includes the following topics: The text is searchable using the find feature on your computer keyboard &#8216;ctrl f&#8217; and through search on your smartphone\/tablet. You will get detailed Study Notes covering all LOS, and which include:&nbsp;Summary [&hellip;]<\/p>\n","protected":false},"featured_media":13397,"comment_status":"closed","ping_status":"closed","template":"","meta":[],"product_brand":[],"product_cat":[265],"product_tag":[369,93,88,90,180,371,91,363,92,372,168],"class_list":{"0":"post-13396","1":"product","2":"type-product","3":"status-publish","4":"has-post-thumbnail","6":"product_cat-cfa-level-3","7":"product_tag-cfa-2026","8":"product_tag-cfa-books","9":"product_tag-cfa-ebooks","10":"product_tag-cfa-exam","11":"product_tag-cfa-level-3","12":"product_tag-cfa-level-3-2026","13":"product_tag-cfa-prep","14":"product_tag-cfa-study-notes","15":"product_tag-cfa-test","16":"product_tag-ift-study-notes","17":"product_tag-study-notes","19":"first","20":"instock","21":"downloadable","22":"virtual","23":"sold-individually","24":"purchasable","25":"product-type-simple"},"_links":{"self":[{"href":"https:\/\/www.cfaebooks.com\/cs\/wp-json\/wp\/v2\/product\/13396","targetHints":{"allow":["GET"]}}],"collection":[{"href":"https:\/\/www.cfaebooks.com\/cs\/wp-json\/wp\/v2\/product"}],"about":[{"href":"https:\/\/www.cfaebooks.com\/cs\/wp-json\/wp\/v2\/types\/product"}],"replies":[{"embeddable":true,"href":"https:\/\/www.cfaebooks.com\/cs\/wp-json\/wp\/v2\/comments?post=13396"}],"wp:featuredmedia":[{"embeddable":true,"href":"https:\/\/www.cfaebooks.com\/cs\/wp-json\/wp\/v2\/media\/13397"}],"wp:attachment":[{"href":"https:\/\/www.cfaebooks.com\/cs\/wp-json\/wp\/v2\/media?parent=13396"}],"wp:term":[{"taxonomy":"product_brand","embeddable":true,"href":"https:\/\/www.cfaebooks.com\/cs\/wp-json\/wp\/v2\/product_brand?post=13396"},{"taxonomy":"product_cat","embeddable":true,"href":"https:\/\/www.cfaebooks.com\/cs\/wp-json\/wp\/v2\/product_cat?post=13396"},{"taxonomy":"product_tag","embeddable":true,"href":"https:\/\/www.cfaebooks.com\/cs\/wp-json\/wp\/v2\/product_tag?post=13396"}],"curies":[{"name":"wp","href":"https:\/\/api.w.org\/{rel}","templated":true}]}}