{"id":13238,"date":"2025-07-31T03:18:33","date_gmt":"2025-07-31T03:18:33","guid":{"rendered":"https:\/\/www.cfaebooks.com\/?post_type=product&#038;p=13238"},"modified":"2026-04-03T08:05:13","modified_gmt":"2026-04-03T08:05:13","slug":"cfa-2026-level-1-ift-study-notes-with-formula-sheet","status":"publish","type":"product","link":"https:\/\/www.cfaebooks.com\/cs\/products\/cfa-2026-level-1-ift-study-notes-with-formula-sheet\/","title":{"rendered":"CFA 2026 Level 1 IFT Studijn\u00ed pozn\u00e1mky s formul\u00ed Sheet"},"content":{"rendered":"<p>For sale is an e-Book 2026 CFA Level 1 IFT Study Notes with Formula Sheet PDF.<\/p>\n\n\n\n<p>Zahrnuje n\u00e1sleduj\u00edc\u00ed t\u00e9mata: <\/p>\n\n\n\n<ol class=\"wp-block-list\">\n<li>Prerequisite Readings<\/li>\n\n\n\n<li><em>Kvantitativn\u00ed metody<\/em><\/li>\n\n\n\n<li><em>Ekonomika<\/em><\/li>\n\n\n\n<li><em>Podnikov\u00ed emitenti<\/em><\/li>\n\n\n\n<li><em>Anal\u00fdza finan\u010dn\u00edch v\u00fdkaz\u016f<\/em><\/li>\n\n\n\n<li><em>Kapit\u00e1lov\u00e9 investice<\/em><\/li>\n\n\n\n<li><em>Pevn\u00fd v\u00fdnos<\/em><\/li>\n\n\n\n<li><em>Deriv\u00e1ty<\/em><\/li>\n\n\n\n<li><em>Alternativn\u00ed investice<\/em><\/li>\n\n\n\n<li><em>Spr\u00e1va portfolia<\/em><\/li>\n\n\n\n<li><em>Etick\u00e9 a profesn\u00ed normy<\/em>.<\/li>\n<\/ol>\n\n\n\n<p>Z\u00edsk\u00e1te podrobn\u00e9 studijn\u00ed pozn\u00e1mky, kter\u00e9 se t\u00fdkaj\u00ed v\u0161ech LOS a kter\u00e9 zahrnuj\u00ed: <strong><em>Shrnut\u00ed jednotliv\u00fdch \u010dten\u00ed a p\u0159\u00edklady<\/em><\/strong><\/p>\n\n\n\n<ul class=\"wp-block-list\">\n<li>Po objedn\u00e1n\u00ed si m\u016f\u017eete e-knihu okam\u017eit\u011b st\u00e1hnout.<\/li>\n\n\n\n<li>Nejedn\u00e1 se o fyzickou knihu, ale o digit\u00e1ln\u00ed kopii ve form\u00e1tu PDF. Pros\u00edm, nekupujte si ji, pokud chcete fyzickou ti\u0161t\u011bnou kopii.<\/li>\n<\/ul>","protected":false},"excerpt":{"rendered":"<p>For sale is an e-Book 2026 CFA Level 1 IFT Study Notes with Formula Sheet PDF. Includes the following topics: You will get detailed Study Notes covering all LOS, and which include: Summary of each reading and Examples<\/p>","protected":false},"featured_media":13387,"comment_status":"closed","ping_status":"closed","template":"","meta":[],"product_brand":[],"product_cat":[260],"product_tag":[369,93,88,90,370,87,91,92,167,168],"class_list":{"0":"post-13238","1":"product","2":"type-product","3":"status-publish","4":"has-post-thumbnail","6":"product_cat-cfa-level-1","7":"product_tag-cfa-2026","8":"product_tag-cfa-books","9":"product_tag-cfa-ebooks","10":"product_tag-cfa-exam","11":"product_tag-cfa-level-1-2026","12":"product_tag-cfa-level-i","13":"product_tag-cfa-prep","14":"product_tag-cfa-test","15":"product_tag-ift","16":"product_tag-study-notes","18":"first","19":"instock","20":"downloadable","21":"virtual","22":"sold-individually","23":"purchasable","24":"product-type-simple"},"_links":{"self":[{"href":"https:\/\/www.cfaebooks.com\/cs\/wp-json\/wp\/v2\/product\/13238","targetHints":{"allow":["GET"]}}],"collection":[{"href":"https:\/\/www.cfaebooks.com\/cs\/wp-json\/wp\/v2\/product"}],"about":[{"href":"https:\/\/www.cfaebooks.com\/cs\/wp-json\/wp\/v2\/types\/product"}],"replies":[{"embeddable":true,"href":"https:\/\/www.cfaebooks.com\/cs\/wp-json\/wp\/v2\/comments?post=13238"}],"wp:featuredmedia":[{"embeddable":true,"href":"https:\/\/www.cfaebooks.com\/cs\/wp-json\/wp\/v2\/media\/13387"}],"wp:attachment":[{"href":"https:\/\/www.cfaebooks.com\/cs\/wp-json\/wp\/v2\/media?parent=13238"}],"wp:term":[{"taxonomy":"product_brand","embeddable":true,"href":"https:\/\/www.cfaebooks.com\/cs\/wp-json\/wp\/v2\/product_brand?post=13238"},{"taxonomy":"product_cat","embeddable":true,"href":"https:\/\/www.cfaebooks.com\/cs\/wp-json\/wp\/v2\/product_cat?post=13238"},{"taxonomy":"product_tag","embeddable":true,"href":"https:\/\/www.cfaebooks.com\/cs\/wp-json\/wp\/v2\/product_tag?post=13238"}],"curies":[{"name":"wp","href":"https:\/\/api.w.org\/{rel}","templated":true}]}}