{"id":12974,"date":"2025-06-26T08:21:49","date_gmt":"2025-06-26T08:21:49","guid":{"rendered":"https:\/\/www.cfaebooks.com\/?post_type=product&#038;p=12974"},"modified":"2026-04-03T08:05:11","modified_gmt":"2026-04-03T08:05:11","slug":"2026-ucebni-osnovy-programu-cfa-uroven-1-krabicova-sada-2","status":"publish","type":"product","link":"https:\/\/www.cfaebooks.com\/cs\/products\/2026-ucebni-osnovy-programu-cfa-uroven-1-krabicova-sada-2\/","title":{"rendered":"2026 CFA Program Curriculum Level 1 Box Set"},"content":{"rendered":"<p>Na prodej je elektronick\u00e1 kniha 2026 CFA Program Curriculum Level I Box Set.<\/p>\n\n\n\n<p>Svazky obsahuj\u00ed:<\/p>\n\n\n\n<ul class=\"wp-block-list\">\n<li>Svazek 1: Kvantitativn\u00ed metody<\/li>\n\n\n\n<li>Svazek 2: Ekonomika<\/li>\n\n\n\n<li>Svazek 3: Podnikov\u00ed emitenti<\/li>\n\n\n\n<li>Svazek 4: Anal\u00fdza finan\u010dn\u00edch v\u00fdkaz\u016f<\/li>\n\n\n\n<li>Svazek 5: Kapit\u00e1lov\u00e9 investice<\/li>\n\n\n\n<li>Svazek 6: Pevn\u00fd v\u00fdnos<\/li>\n\n\n\n<li>Svazek 7:  Deriv\u00e1ty<\/li>\n\n\n\n<li>Svazek 8: Alternativn\u00ed investice<\/li>\n\n\n\n<li>Svazek 9: \u0158\u00edzen\u00ed portfolia<\/li>\n\n\n\n<li>Svazek 10: Etick\u00e9 a profesn\u00ed normy&nbsp;<\/li>\n<\/ul>\n\n\n\n<p>Nejedn\u00e1 se o fyzickou knihu, ale o digit\u00e1ln\u00ed soubor ve form\u00e1tu PDF. Pokud chcete fyzickou knihu, nekupujte tento produkt. Po dokon\u010den\u00ed platby si m\u016f\u017eete e-knihu okam\u017eit\u011b st\u00e1hnout.<\/p>","protected":false},"excerpt":{"rendered":"<p>For sale is an e-Book 2026 CFA Program Curriculum Level I Box Set. Volumes include: This is not a physical book it is a&nbsp;PDF&nbsp;digital. Please do not purchase if you want a physical hard copy. After checkout you can download the e-Book immediately.<\/p>","protected":false},"featured_media":12980,"comment_status":"closed","ping_status":"closed","template":"","meta":[],"product_brand":[],"product_cat":[260],"product_tag":[369,93,88,90,370,87,91,89,92,241,168],"class_list":{"0":"post-12974","1":"product","2":"type-product","3":"status-publish","4":"has-post-thumbnail","6":"product_cat-cfa-level-1","7":"product_tag-cfa-2026","8":"product_tag-cfa-books","9":"product_tag-cfa-ebooks","10":"product_tag-cfa-exam","11":"product_tag-cfa-level-1-2026","12":"product_tag-cfa-level-i","13":"product_tag-cfa-prep","14":"product_tag-cfa-program-curriculum","15":"product_tag-cfa-test","16":"product_tag-level-1","17":"product_tag-study-notes","19":"first","20":"instock","21":"downloadable","22":"virtual","23":"sold-individually","24":"purchasable","25":"product-type-simple"},"_links":{"self":[{"href":"https:\/\/www.cfaebooks.com\/cs\/wp-json\/wp\/v2\/product\/12974","targetHints":{"allow":["GET"]}}],"collection":[{"href":"https:\/\/www.cfaebooks.com\/cs\/wp-json\/wp\/v2\/product"}],"about":[{"href":"https:\/\/www.cfaebooks.com\/cs\/wp-json\/wp\/v2\/types\/product"}],"replies":[{"embeddable":true,"href":"https:\/\/www.cfaebooks.com\/cs\/wp-json\/wp\/v2\/comments?post=12974"}],"wp:featuredmedia":[{"embeddable":true,"href":"https:\/\/www.cfaebooks.com\/cs\/wp-json\/wp\/v2\/media\/12980"}],"wp:attachment":[{"href":"https:\/\/www.cfaebooks.com\/cs\/wp-json\/wp\/v2\/media?parent=12974"}],"wp:term":[{"taxonomy":"product_brand","embeddable":true,"href":"https:\/\/www.cfaebooks.com\/cs\/wp-json\/wp\/v2\/product_brand?post=12974"},{"taxonomy":"product_cat","embeddable":true,"href":"https:\/\/www.cfaebooks.com\/cs\/wp-json\/wp\/v2\/product_cat?post=12974"},{"taxonomy":"product_tag","embeddable":true,"href":"https:\/\/www.cfaebooks.com\/cs\/wp-json\/wp\/v2\/product_tag?post=12974"}],"curies":[{"name":"wp","href":"https:\/\/api.w.org\/{rel}","templated":true}]}}