{"id":12864,"date":"2025-06-20T14:20:18","date_gmt":"2025-06-20T14:20:18","guid":{"rendered":"https:\/\/www.cfaebooks.com\/?post_type=product&#038;p=12864"},"modified":"2026-04-03T08:04:27","modified_gmt":"2026-04-03T08:04:27","slug":"cfa-2025-uworld-video-lectures-level-3-private-markets-pathway","status":"publish","type":"product","link":"https:\/\/www.cfaebooks.com\/cs\/products\/cfa-2025-uworld-video-lectures-level-3-private-markets-pathway\/","title":{"rendered":"CFA 2025 UWorld Video p\u0159edn\u00e1\u0161ky 3. \u00farovn\u011b Cesty na soukrom\u00e9 trhy"},"content":{"rendered":"<p>Na prodej je <strong>2025 CFA UWorld Video Lectures Level 3 Private Markets Pathway<\/strong>.<\/p>\n\n\n\n<p>Zahrnuje n\u00e1sleduj\u00edc\u00ed t\u00e9mata:&nbsp;<\/p>\n\n\n\n<ul class=\"wp-block-list\">\n<li>Alokace aktiv<\/li>\n\n\n\n<li>V\u00fdstavba portfolia<\/li>\n\n\n\n<li>\u0158\u00edzen\u00ed v\u00fdkonu<\/li>\n\n\n\n<li>Deriv\u00e1ty a \u0159\u00edzen\u00ed rizik<\/li>\n\n\n\n<li>Etick\u00e9 a profesn\u00ed normy<\/li>\n\n\n\n<li><strong>Cesta soukrom\u00fdch trh\u016f<\/strong><\/li>\n<\/ul>\n\n\n\n<p>V\u0161echna videa jsou ve form\u00e1tu .mp4. Po objedn\u00e1n\u00ed si m\u016f\u017eete video ihned st\u00e1hnout.<\/p>","protected":false},"excerpt":{"rendered":"<p>For sale is the 2025 CFA UWorld Video Lectures Level 3 Private Markets Pathway. Includes the following topics:&nbsp; All videos are in .mp4 format. After checkout you can download the video immediately.<\/p>","protected":false},"featured_media":12865,"comment_status":"closed","ping_status":"closed","template":"","meta":[],"product_brand":[],"product_cat":[265,269],"product_tag":[261,93,88,90,180,91,92,365,271],"class_list":{"0":"post-12864","1":"product","2":"type-product","3":"status-publish","4":"has-post-thumbnail","6":"product_cat-cfa-level-3","7":"product_cat-cfa-video-lectures","8":"product_tag-cfa-2025","9":"product_tag-cfa-books","10":"product_tag-cfa-ebooks","11":"product_tag-cfa-exam","12":"product_tag-cfa-level-3","13":"product_tag-cfa-prep","14":"product_tag-cfa-test","15":"product_tag-cfa-uworld","16":"product_tag-video-lectures","18":"first","19":"instock","20":"downloadable","21":"virtual","22":"sold-individually","23":"purchasable","24":"product-type-simple"},"_links":{"self":[{"href":"https:\/\/www.cfaebooks.com\/cs\/wp-json\/wp\/v2\/product\/12864","targetHints":{"allow":["GET"]}}],"collection":[{"href":"https:\/\/www.cfaebooks.com\/cs\/wp-json\/wp\/v2\/product"}],"about":[{"href":"https:\/\/www.cfaebooks.com\/cs\/wp-json\/wp\/v2\/types\/product"}],"replies":[{"embeddable":true,"href":"https:\/\/www.cfaebooks.com\/cs\/wp-json\/wp\/v2\/comments?post=12864"}],"wp:featuredmedia":[{"embeddable":true,"href":"https:\/\/www.cfaebooks.com\/cs\/wp-json\/wp\/v2\/media\/12865"}],"wp:attachment":[{"href":"https:\/\/www.cfaebooks.com\/cs\/wp-json\/wp\/v2\/media?parent=12864"}],"wp:term":[{"taxonomy":"product_brand","embeddable":true,"href":"https:\/\/www.cfaebooks.com\/cs\/wp-json\/wp\/v2\/product_brand?post=12864"},{"taxonomy":"product_cat","embeddable":true,"href":"https:\/\/www.cfaebooks.com\/cs\/wp-json\/wp\/v2\/product_cat?post=12864"},{"taxonomy":"product_tag","embeddable":true,"href":"https:\/\/www.cfaebooks.com\/cs\/wp-json\/wp\/v2\/product_tag?post=12864"}],"curies":[{"name":"wp","href":"https:\/\/api.w.org\/{rel}","templated":true}]}}