{"id":12756,"date":"2025-06-06T04:09:23","date_gmt":"2025-06-06T04:09:23","guid":{"rendered":"https:\/\/www.cfaebooks.com\/?post_type=product&#038;p=12756"},"modified":"2026-04-03T08:04:14","modified_gmt":"2026-04-03T08:04:14","slug":"cfa-2025-analystprep-study-notes-with-formula-sheet-level-3-all-pathways","status":"publish","type":"product","link":"https:\/\/www.cfaebooks.com\/cs\/products\/cfa-2025-analystprep-study-notes-with-formula-sheet-level-3-all-pathways\/","title":{"rendered":"CFA 2025 AnalystPrep Studijn\u00ed pozn\u00e1mky se vzorcem Level 3 All Pathways"},"content":{"rendered":"<p>Na prodej je e-kniha <strong>2025 CFA AnalystPrep Study notes Level 3 with Formula sheet All pathways<\/strong> PDF.<\/p>\n\n\n\n<p>Zahrnuje n\u00e1sleduj\u00edc\u00ed t\u00e9mata:&nbsp;<\/p>\n\n\n\n<ul class=\"wp-block-list\">\n<li><strong>Kapitola 1:<\/strong> Alokace aktiv<\/li>\n\n\n\n<li><strong>Kapitola 2:<\/strong> V\u00fdstavba portfolia<\/li>\n\n\n\n<li><strong>Kapitola 3:<\/strong> \u0158\u00edzen\u00ed v\u00fdkonu<\/li>\n\n\n\n<li><strong>Kapitola 4:<\/strong> Deriv\u00e1ty a \u0159\u00edzen\u00ed rizik<\/li>\n\n\n\n<li><strong>Kapitola 5:<\/strong> Etick\u00e9 normy<\/li>\n\n\n\n<li><strong>Cesta k \u0159\u00edzen\u00ed portfolia<\/strong><\/li>\n\n\n\n<li><strong>Cesta soukrom\u00fdch trh\u016f<\/strong><\/li>\n\n\n\n<li><strong>Cesta k soukrom\u00e9mu bohatstv\u00ed<\/strong><\/li>\n\n\n\n<li><strong>Tabulka vzorc\u016f<\/strong><\/li>\n<\/ul>\n\n\n\n<p>Nejedn\u00e1 se o fyzickou knihu, ale o digit\u00e1ln\u00ed kopii ve form\u00e1tu PDF. Pokud chcete fyzickou kopii, nekupujte ji. Po objedn\u00e1n\u00ed si m\u016f\u017eete elektronickou knihu ihned st\u00e1hnout.<\/p>","protected":false},"excerpt":{"rendered":"<p>For sale is an e-Book 2025 CFA AnalystPrep Study notes Level 3 with Formula sheet All pathways PDF. Includes the following topics:&nbsp; This is not a physical book it is a&nbsp;PDF&nbsp;digital copy. Please do not purchase if you want a physical hard copy. After checkout you can download the e-Book immediately.<\/p>","protected":false},"featured_media":12600,"comment_status":"closed","ping_status":"closed","template":"","meta":[],"product_brand":[],"product_cat":[265],"product_tag":[261,93,88,90,180,91,363,92,164,176,168],"class_list":{"0":"post-12756","1":"product","2":"type-product","3":"status-publish","4":"has-post-thumbnail","6":"product_cat-cfa-level-3","7":"product_tag-cfa-2025","8":"product_tag-cfa-books","9":"product_tag-cfa-ebooks","10":"product_tag-cfa-exam","11":"product_tag-cfa-level-3","12":"product_tag-cfa-prep","13":"product_tag-cfa-study-notes","14":"product_tag-cfa-test","15":"product_tag-formula-sheet","16":"product_tag-mock-exam","17":"product_tag-study-notes","19":"first","20":"instock","21":"downloadable","22":"virtual","23":"sold-individually","24":"purchasable","25":"product-type-simple"},"_links":{"self":[{"href":"https:\/\/www.cfaebooks.com\/cs\/wp-json\/wp\/v2\/product\/12756","targetHints":{"allow":["GET"]}}],"collection":[{"href":"https:\/\/www.cfaebooks.com\/cs\/wp-json\/wp\/v2\/product"}],"about":[{"href":"https:\/\/www.cfaebooks.com\/cs\/wp-json\/wp\/v2\/types\/product"}],"replies":[{"embeddable":true,"href":"https:\/\/www.cfaebooks.com\/cs\/wp-json\/wp\/v2\/comments?post=12756"}],"wp:featuredmedia":[{"embeddable":true,"href":"https:\/\/www.cfaebooks.com\/cs\/wp-json\/wp\/v2\/media\/12600"}],"wp:attachment":[{"href":"https:\/\/www.cfaebooks.com\/cs\/wp-json\/wp\/v2\/media?parent=12756"}],"wp:term":[{"taxonomy":"product_brand","embeddable":true,"href":"https:\/\/www.cfaebooks.com\/cs\/wp-json\/wp\/v2\/product_brand?post=12756"},{"taxonomy":"product_cat","embeddable":true,"href":"https:\/\/www.cfaebooks.com\/cs\/wp-json\/wp\/v2\/product_cat?post=12756"},{"taxonomy":"product_tag","embeddable":true,"href":"https:\/\/www.cfaebooks.com\/cs\/wp-json\/wp\/v2\/product_tag?post=12756"}],"curies":[{"name":"wp","href":"https:\/\/api.w.org\/{rel}","templated":true}]}}