{"id":12599,"date":"2025-05-12T10:34:58","date_gmt":"2025-05-12T10:34:58","guid":{"rendered":"https:\/\/www.cfaebooks.com\/?post_type=product&#038;p=12599"},"modified":"2026-04-03T08:04:02","modified_gmt":"2026-04-03T08:04:02","slug":"frm-2025-cast-2-analystprep-studijni-poznamky-qbank-se-vzorcem-listu","status":"publish","type":"product","link":"https:\/\/www.cfaebooks.com\/cs\/products\/frm-2025-cast-2-analystprep-studijni-poznamky-qbank-se-vzorcem-listu\/","title":{"rendered":"FRM 2025 Part 2 AnalystPrep Studijn\u00ed pozn\u00e1mky, QBank s Formula Sheet"},"content":{"rendered":"<p>For sale is an e-Book 2025 FRM Part 2 AnalystPrep Study notes, Question bank and Formula sheet PDF.<\/p>\n\n\n\n<p><strong>Zahrnut\u00e1 t\u00e9mata:<\/strong><\/p>\n\n\n\n<ul class=\"wp-block-list\">\n<li><strong>Market Risk Measurement &amp; Management<\/strong><\/li>\n\n\n\n<li><strong>Credit Risk Measurement &amp; Management<\/strong><\/li>\n\n\n\n<li><strong>Operational &amp; Integrated Risk Management<\/strong><\/li>\n\n\n\n<li><strong>Liquidity &amp; Treasury Risk Measurement &amp; Management<\/strong><\/li>\n\n\n\n<li><strong>Risk Management &amp; Investment Management<\/strong><\/li>\n\n\n\n<li><strong>Aktu\u00e1ln\u00ed probl\u00e9my na finan\u010dn\u00edch trz\u00edch<\/strong><\/li>\n<\/ul>\n\n\n\n<p>Nejedn\u00e1 se o fyzickou knihu, ale o digit\u00e1ln\u00ed kopii ve form\u00e1tu PDF. Pokud chcete fyzickou knihu, nekupujte tento produkt.<\/p>\n\n\n\n<p>Po pokladn\u011b si m\u016f\u017eete e-knihu okam\u017eit\u011b st\u00e1hnout.<\/p>","protected":false},"excerpt":{"rendered":"<p>For sale is an e-Book 2025 FRM Part 2 AnalystPrep Study notes, Question bank and Formula sheet PDF. Topics Covered: This is not a physical book it is a&nbsp;PDF&nbsp;digital copy. Please do not purchase if you want a physical hard copy. After checkout you can download the e-Book instantly.<\/p>","protected":false},"featured_media":12600,"comment_status":"closed","ping_status":"closed","template":"","meta":[],"product_brand":[],"product_cat":[325],"product_tag":[184,326,185,186,181,188,329,182,204,362,183],"class_list":{"0":"post-12599","1":"product","2":"type-product","3":"status-publish","4":"has-post-thumbnail","6":"product_cat-frm-part-2","7":"product_tag-frm","8":"product_tag-frm-2025","9":"product_tag-frm-books","10":"product_tag-frm-ebooks","11":"product_tag-frm-exam","12":"product_tag-frm-part-2","13":"product_tag-frm-part-2-2025","14":"product_tag-frm-prep","15":"product_tag-frm-question-bank","16":"product_tag-frm-study-notes","17":"product_tag-frm-test","19":"first","20":"instock","21":"downloadable","22":"virtual","23":"sold-individually","24":"purchasable","25":"product-type-simple"},"_links":{"self":[{"href":"https:\/\/www.cfaebooks.com\/cs\/wp-json\/wp\/v2\/product\/12599","targetHints":{"allow":["GET"]}}],"collection":[{"href":"https:\/\/www.cfaebooks.com\/cs\/wp-json\/wp\/v2\/product"}],"about":[{"href":"https:\/\/www.cfaebooks.com\/cs\/wp-json\/wp\/v2\/types\/product"}],"replies":[{"embeddable":true,"href":"https:\/\/www.cfaebooks.com\/cs\/wp-json\/wp\/v2\/comments?post=12599"}],"wp:featuredmedia":[{"embeddable":true,"href":"https:\/\/www.cfaebooks.com\/cs\/wp-json\/wp\/v2\/media\/12600"}],"wp:attachment":[{"href":"https:\/\/www.cfaebooks.com\/cs\/wp-json\/wp\/v2\/media?parent=12599"}],"wp:term":[{"taxonomy":"product_brand","embeddable":true,"href":"https:\/\/www.cfaebooks.com\/cs\/wp-json\/wp\/v2\/product_brand?post=12599"},{"taxonomy":"product_cat","embeddable":true,"href":"https:\/\/www.cfaebooks.com\/cs\/wp-json\/wp\/v2\/product_cat?post=12599"},{"taxonomy":"product_tag","embeddable":true,"href":"https:\/\/www.cfaebooks.com\/cs\/wp-json\/wp\/v2\/product_tag?post=12599"}],"curies":[{"name":"wp","href":"https:\/\/api.w.org\/{rel}","templated":true}]}}