{"id":12560,"date":"2025-05-09T08:51:29","date_gmt":"2025-05-09T08:51:29","guid":{"rendered":"https:\/\/www.cfaebooks.com\/?post_type=product&#038;p=12560"},"modified":"2026-04-03T08:03:51","modified_gmt":"2026-04-03T08:03:51","slug":"cfa-level-3-oficialni-zkusebni-zkousky-2020-2025-s-odpovedmi-2","status":"publish","type":"product","link":"https:\/\/www.cfaebooks.com\/cs\/products\/cfa-level-3-oficialni-zkusebni-zkousky-2020-2025-s-odpovedmi-2\/","title":{"rendered":"Ofici\u00e1ln\u00ed zku\u0161ebn\u00ed testy CFA Level 3 2020 - 2025 s odpov\u011b\u010fmi"},"content":{"rendered":"<p>Na prodej je e-kniha <strong>Ofici\u00e1ln\u00ed zku\u0161ebn\u00ed testy CFA Level 3 2020 - 2025 s odpov\u011b\u010fmi<\/strong> PDF.<\/p>\n\n\n\n<p><strong>Ka\u017ed\u00e1 zkou\u0161ka obsahuje ot\u00e1zky a odpov\u011bdi.<\/strong><\/p>\n\n\n\n<ul class=\"wp-block-list\">\n<li>Nejedn\u00e1 se o fyzickou knihu, ale o digit\u00e1ln\u00ed kopii ve form\u00e1tu PDF. <\/li>\n\n\n\n<li>Pokud si p\u0159ejete fyzickou kopii, nekupujte ji. Po objedn\u00e1n\u00ed si m\u016f\u017eete e-knihu ihned st\u00e1hnout.<\/li>\n<\/ul>","protected":false},"excerpt":{"rendered":"<p>For sale is an e-Book CFA Level 3 Official Mock Exams 2020 &#8211; 2025 with Answers PDF. Each mock exam includes questions and answers.<\/p>","protected":false},"featured_media":12561,"comment_status":"closed","ping_status":"closed","template":"","meta":[],"product_brand":[],"product_cat":[265],"product_tag":[261,93,88,90,180,360,91,92,176],"class_list":{"0":"post-12560","1":"product","2":"type-product","3":"status-publish","4":"has-post-thumbnail","6":"product_cat-cfa-level-3","7":"product_tag-cfa-2025","8":"product_tag-cfa-books","9":"product_tag-cfa-ebooks","10":"product_tag-cfa-exam","11":"product_tag-cfa-level-3","12":"product_tag-cfa-level-3-mock-exams","13":"product_tag-cfa-prep","14":"product_tag-cfa-test","15":"product_tag-mock-exam","17":"first","18":"instock","19":"downloadable","20":"virtual","21":"sold-individually","22":"purchasable","23":"product-type-simple"},"_links":{"self":[{"href":"https:\/\/www.cfaebooks.com\/cs\/wp-json\/wp\/v2\/product\/12560","targetHints":{"allow":["GET"]}}],"collection":[{"href":"https:\/\/www.cfaebooks.com\/cs\/wp-json\/wp\/v2\/product"}],"about":[{"href":"https:\/\/www.cfaebooks.com\/cs\/wp-json\/wp\/v2\/types\/product"}],"replies":[{"embeddable":true,"href":"https:\/\/www.cfaebooks.com\/cs\/wp-json\/wp\/v2\/comments?post=12560"}],"wp:featuredmedia":[{"embeddable":true,"href":"https:\/\/www.cfaebooks.com\/cs\/wp-json\/wp\/v2\/media\/12561"}],"wp:attachment":[{"href":"https:\/\/www.cfaebooks.com\/cs\/wp-json\/wp\/v2\/media?parent=12560"}],"wp:term":[{"taxonomy":"product_brand","embeddable":true,"href":"https:\/\/www.cfaebooks.com\/cs\/wp-json\/wp\/v2\/product_brand?post=12560"},{"taxonomy":"product_cat","embeddable":true,"href":"https:\/\/www.cfaebooks.com\/cs\/wp-json\/wp\/v2\/product_cat?post=12560"},{"taxonomy":"product_tag","embeddable":true,"href":"https:\/\/www.cfaebooks.com\/cs\/wp-json\/wp\/v2\/product_tag?post=12560"}],"curies":[{"name":"wp","href":"https:\/\/api.w.org\/{rel}","templated":true}]}}