{"id":12335,"date":"2025-04-09T06:58:22","date_gmt":"2025-04-09T06:58:22","guid":{"rendered":"https:\/\/www.cfaebooks.com\/?post_type=product&#038;p=12335"},"modified":"2026-04-03T08:03:32","modified_gmt":"2026-04-03T08:03:32","slug":"cfa-2025-schweser-mock-exams-level-3-private-markets-pathway","status":"publish","type":"product","link":"https:\/\/www.cfaebooks.com\/cs\/products\/cfa-2025-schweser-mock-exams-level-3-private-markets-pathway\/","title":{"rendered":"CFA 2025 Schweser Mock Exams Level 3 Private Markets Pathway"},"content":{"rendered":"<p>Na prodej je e-kniha\u00a0<strong>2025 CFA Schweser\u00a0Mock Exams Level 3 Private Markets Pathway<\/strong>\u00a0PDF<\/p>\n\n\n\n<ul class=\"wp-block-list\">\n<li>Zahrnuje 6 zku\u0161ebn\u00edch test\u016f<\/li>\n\n\n\n<li>V\u00edce ne\u017e 500 ot\u00e1zek a odpov\u011bd\u00ed<\/li>\n\n\n\n<li>Obsahuje ot\u00e1zky a odpov\u011bdi na ka\u017edou ot\u00e1zku<\/li>\n<\/ul>\n\n\n\n<p>Text lze vyhled\u00e1vat pomoc\u00ed funkce vyhled\u00e1v\u00e1n\u00ed na kl\u00e1vesnici po\u010d\u00edta\u010de \"ctrl+f\" a pomoc\u00ed vyhled\u00e1v\u00e1n\u00ed na smartphonu\/tabletu.<\/p>\n\n\n\n<p>Po objedn\u00e1n\u00ed si m\u016f\u017eete e-knihu okam\u017eit\u011b st\u00e1hnout.<\/p>","protected":false},"excerpt":{"rendered":"<p>For sale is an e-Book\u00a02025 CFA Schweser\u00a0Mock Exams Level 3 Private Markets Pathway\u00a0PDF The text is searchable using the find feature on your computer keyboard \u2018ctrl+f\u2019 and through search on your smartphone\/tablet After checkout you can download the e-Book immediately.<\/p>","protected":false},"featured_media":12336,"comment_status":"closed","ping_status":"closed","template":"","meta":[],"product_brand":[],"product_cat":[265],"product_tag":[261,93,88,90,180,267,311,91,92],"class_list":{"0":"post-12335","1":"product","2":"type-product","3":"status-publish","4":"has-post-thumbnail","6":"product_cat-cfa-level-3","7":"product_tag-cfa-2025","8":"product_tag-cfa-books","9":"product_tag-cfa-ebooks","10":"product_tag-cfa-exam","11":"product_tag-cfa-level-3","12":"product_tag-cfa-level-3-2025","13":"product_tag-cfa-mocks","14":"product_tag-cfa-prep","15":"product_tag-cfa-test","17":"first","18":"instock","19":"downloadable","20":"virtual","21":"sold-individually","22":"purchasable","23":"product-type-simple"},"_links":{"self":[{"href":"https:\/\/www.cfaebooks.com\/cs\/wp-json\/wp\/v2\/product\/12335","targetHints":{"allow":["GET"]}}],"collection":[{"href":"https:\/\/www.cfaebooks.com\/cs\/wp-json\/wp\/v2\/product"}],"about":[{"href":"https:\/\/www.cfaebooks.com\/cs\/wp-json\/wp\/v2\/types\/product"}],"replies":[{"embeddable":true,"href":"https:\/\/www.cfaebooks.com\/cs\/wp-json\/wp\/v2\/comments?post=12335"}],"wp:featuredmedia":[{"embeddable":true,"href":"https:\/\/www.cfaebooks.com\/cs\/wp-json\/wp\/v2\/media\/12336"}],"wp:attachment":[{"href":"https:\/\/www.cfaebooks.com\/cs\/wp-json\/wp\/v2\/media?parent=12335"}],"wp:term":[{"taxonomy":"product_brand","embeddable":true,"href":"https:\/\/www.cfaebooks.com\/cs\/wp-json\/wp\/v2\/product_brand?post=12335"},{"taxonomy":"product_cat","embeddable":true,"href":"https:\/\/www.cfaebooks.com\/cs\/wp-json\/wp\/v2\/product_cat?post=12335"},{"taxonomy":"product_tag","embeddable":true,"href":"https:\/\/www.cfaebooks.com\/cs\/wp-json\/wp\/v2\/product_tag?post=12335"}],"curies":[{"name":"wp","href":"https:\/\/api.w.org\/{rel}","templated":true}]}}