{"id":12289,"date":"2025-04-07T08:07:32","date_gmt":"2025-04-07T08:07:32","guid":{"rendered":"https:\/\/www.cfaebooks.com\/?post_type=product&#038;p=12289"},"modified":"2026-04-03T08:03:11","modified_gmt":"2026-04-03T08:03:11","slug":"frm-2025-mock-exams-part-2","status":"publish","type":"product","link":"https:\/\/www.cfaebooks.com\/cs\/products\/frm-2025-mock-exams-part-2\/","title":{"rendered":"FRM 2025 Mock Exams Part 2"},"content":{"rendered":"<p>For sale is an e-Book 2025 FRM Schweser Mock Exams Part 2 PDF.<\/p>\n\n\n\n<p>Zahrnuje n\u00e1sleduj\u00edc\u00ed t\u00e9mata:<\/p>\n\n\n\n<ul class=\"wp-block-list\">\n<li>M\u011b\u0159en\u00ed a \u0159\u00edzen\u00ed tr\u017en\u00edho rizika<\/li>\n\n\n\n<li>M\u011b\u0159en\u00ed a \u0159\u00edzen\u00ed \u00fav\u011brov\u00e9ho rizika<\/li>\n\n\n\n<li>Opera\u010dn\u00ed riziko a odolnost<\/li>\n\n\n\n<li>M\u011b\u0159en\u00ed a \u0159\u00edzen\u00ed rizika likvidity a pokladny<\/li>\n\n\n\n<li>\u0158\u00edzen\u00ed rizik a \u0159\u00edzen\u00ed investic<\/li>\n\n\n\n<li>Aktu\u00e1ln\u00ed probl\u00e9my na finan\u010dn\u00edch trz\u00edch<\/li>\n<\/ul>\n\n\n\n<p><strong>Key Features:<\/strong><\/p>\n\n\n\n<ul class=\"wp-block-list\">\n<li>Realistic, exam-style questions with in-depth solutions<\/li>\n\n\n\n<li>Full coverage of all core FRM Part 2 topics<\/li>\n\n\n\n<li>Built to replicate the actual exam experience for effective preparation<\/li>\n<\/ul>\n\n\n\n<p>After checkout you can download the e-Book instantly. This is not a physical book it is a\u00a0PDF\u00a0digital copy. Please do not purchase if you want a physical hard copy.<\/p>","protected":false},"excerpt":{"rendered":"<p>For sale is an e-Book 2025 FRM Schweser Mock Exams Part 2 PDF. Includes the following topics: Key Features: After checkout you can download the e-Book instantly. This is not a physical book it is a\u00a0PDF\u00a0digital copy. Please do not purchase if you want a physical hard copy.<\/p>","protected":false},"featured_media":12290,"comment_status":"closed","ping_status":"closed","template":"","meta":[],"product_brand":[],"product_cat":[325],"product_tag":[184,326,185,186,181,339,188,329,182,183],"class_list":{"0":"post-12289","1":"product","2":"type-product","3":"status-publish","4":"has-post-thumbnail","6":"product_cat-frm-part-2","7":"product_tag-frm","8":"product_tag-frm-2025","9":"product_tag-frm-books","10":"product_tag-frm-ebooks","11":"product_tag-frm-exam","12":"product_tag-frm-mock-exam","13":"product_tag-frm-part-2","14":"product_tag-frm-part-2-2025","15":"product_tag-frm-prep","16":"product_tag-frm-test","18":"first","19":"instock","20":"downloadable","21":"virtual","22":"sold-individually","23":"purchasable","24":"product-type-simple"},"_links":{"self":[{"href":"https:\/\/www.cfaebooks.com\/cs\/wp-json\/wp\/v2\/product\/12289","targetHints":{"allow":["GET"]}}],"collection":[{"href":"https:\/\/www.cfaebooks.com\/cs\/wp-json\/wp\/v2\/product"}],"about":[{"href":"https:\/\/www.cfaebooks.com\/cs\/wp-json\/wp\/v2\/types\/product"}],"replies":[{"embeddable":true,"href":"https:\/\/www.cfaebooks.com\/cs\/wp-json\/wp\/v2\/comments?post=12289"}],"wp:featuredmedia":[{"embeddable":true,"href":"https:\/\/www.cfaebooks.com\/cs\/wp-json\/wp\/v2\/media\/12290"}],"wp:attachment":[{"href":"https:\/\/www.cfaebooks.com\/cs\/wp-json\/wp\/v2\/media?parent=12289"}],"wp:term":[{"taxonomy":"product_brand","embeddable":true,"href":"https:\/\/www.cfaebooks.com\/cs\/wp-json\/wp\/v2\/product_brand?post=12289"},{"taxonomy":"product_cat","embeddable":true,"href":"https:\/\/www.cfaebooks.com\/cs\/wp-json\/wp\/v2\/product_cat?post=12289"},{"taxonomy":"product_tag","embeddable":true,"href":"https:\/\/www.cfaebooks.com\/cs\/wp-json\/wp\/v2\/product_tag?post=12289"}],"curies":[{"name":"wp","href":"https:\/\/api.w.org\/{rel}","templated":true}]}}