{"id":12284,"date":"2025-04-07T07:51:06","date_gmt":"2025-04-07T07:51:06","guid":{"rendered":"https:\/\/www.cfaebooks.com\/?post_type=product&#038;p=12284"},"modified":"2026-04-03T08:03:08","modified_gmt":"2026-04-03T08:03:08","slug":"frm-2026-schweser-videa-cast-2-s-pracovnim-sesitem","status":"publish","type":"product","link":"https:\/\/www.cfaebooks.com\/cs\/products\/frm-2026-schweser-videa-cast-2-s-pracovnim-sesitem\/","title":{"rendered":"FRM 2026 Schweser Videa 2. \u010d\u00e1st s pracovn\u00edm se\u0161item"},"content":{"rendered":"<p>Nab\u00edz\u00edm k prodeji video p\u0159edn\u00e1\u0161ky FRM Schweser pro rok 2026, \u010d\u00e1st 2, v\u010detn\u011b pracovn\u00edho se\u0161itu.<\/p>\n\n\n\n<p><strong>Zahrnut\u00e1 t\u00e9mata:<\/strong><\/p>\n\n\n\n<ul class=\"wp-block-list\">\n<li>M\u011b\u0159en\u00ed a \u0159\u00edzen\u00ed tr\u017en\u00edho rizika<\/li>\n\n\n\n<li>M\u011b\u0159en\u00ed a \u0159\u00edzen\u00ed \u00fav\u011brov\u00e9ho rizika<\/li>\n\n\n\n<li>Opera\u010dn\u00ed riziko a odolnost<\/li>\n\n\n\n<li>M\u011b\u0159en\u00ed a \u0159\u00edzen\u00ed rizika likvidity a pokladny<\/li>\n\n\n\n<li>Risk Management, Investment Management, and Current Issues in Financial Markets<\/li>\n<\/ul>\n\n\n\n<p><strong>Co je sou\u010d\u00e1st\u00ed balen\u00ed:<\/strong><\/p>\n\n\n\n<ul class=\"wp-block-list\">\n<li><strong>Videop\u0159edn\u00e1\u0161ky<\/strong>: In-depth presentations by experienced instructors, covering all essential Part 2 topics.<\/li>\n\n\n\n<li><strong>Workbook<\/strong>: Well-structured slides summarising key points, perfect for quick and effective revision.<\/li>\n<\/ul>\n\n\n\n<p>Po dokon\u010den\u00ed platby si m\u016f\u017eete produkt okam\u017eit\u011b st\u00e1hnout.<\/p>","protected":false},"excerpt":{"rendered":"<p>For sale is the 2026 FRM Schweser Video Lectures Part 2 with Workbook. Topics Covered: What\u2019s Included: After checkout you can download instantly.<\/p>","protected":false},"featured_media":17229,"comment_status":"closed","ping_status":"closed","template":"","meta":[],"product_brand":[],"product_cat":[325],"product_tag":[184,409,181,411,182,183,175,271],"class_list":{"0":"post-12284","1":"product","2":"type-product","3":"status-publish","4":"has-post-thumbnail","6":"product_cat-frm-part-2","7":"product_tag-frm","8":"product_tag-frm-2026","9":"product_tag-frm-exam","10":"product_tag-frm-part-2-2026","11":"product_tag-frm-prep","12":"product_tag-frm-test","13":"product_tag-video","14":"product_tag-video-lectures","16":"first","17":"instock","18":"downloadable","19":"virtual","20":"sold-individually","21":"purchasable","22":"product-type-simple"},"_links":{"self":[{"href":"https:\/\/www.cfaebooks.com\/cs\/wp-json\/wp\/v2\/product\/12284","targetHints":{"allow":["GET"]}}],"collection":[{"href":"https:\/\/www.cfaebooks.com\/cs\/wp-json\/wp\/v2\/product"}],"about":[{"href":"https:\/\/www.cfaebooks.com\/cs\/wp-json\/wp\/v2\/types\/product"}],"replies":[{"embeddable":true,"href":"https:\/\/www.cfaebooks.com\/cs\/wp-json\/wp\/v2\/comments?post=12284"}],"wp:featuredmedia":[{"embeddable":true,"href":"https:\/\/www.cfaebooks.com\/cs\/wp-json\/wp\/v2\/media\/17229"}],"wp:attachment":[{"href":"https:\/\/www.cfaebooks.com\/cs\/wp-json\/wp\/v2\/media?parent=12284"}],"wp:term":[{"taxonomy":"product_brand","embeddable":true,"href":"https:\/\/www.cfaebooks.com\/cs\/wp-json\/wp\/v2\/product_brand?post=12284"},{"taxonomy":"product_cat","embeddable":true,"href":"https:\/\/www.cfaebooks.com\/cs\/wp-json\/wp\/v2\/product_cat?post=12284"},{"taxonomy":"product_tag","embeddable":true,"href":"https:\/\/www.cfaebooks.com\/cs\/wp-json\/wp\/v2\/product_tag?post=12284"}],"curies":[{"name":"wp","href":"https:\/\/api.w.org\/{rel}","templated":true}]}}