{"id":12217,"date":"2025-04-03T14:15:15","date_gmt":"2025-04-03T14:15:15","guid":{"rendered":"https:\/\/www.cfaebooks.com\/?post_type=product&#038;p=12217"},"modified":"2026-04-03T08:02:50","modified_gmt":"2026-04-03T08:02:50","slug":"cfa-2025-schweser-secret-sauce-level-3-private-markets-pathway","status":"publish","type":"product","link":"https:\/\/www.cfaebooks.com\/cs\/products\/cfa-2025-schweser-secret-sauce-level-3-private-markets-pathway\/","title":{"rendered":"CFA 2025 Schweser Secret Sauce Level 3 Private Markets Pathway"},"content":{"rendered":"<p>Na prodej je <strong>2025 CFA Schweser Secret Sauce Level 3 Private Markets Pathway<\/strong> PDF.<\/p>\n\n\n\n<p><strong>Zahrnuje n\u00e1sleduj\u00edc\u00ed t\u00e9mata:<\/strong><\/p>\n\n\n\n<ul class=\"wp-block-list\">\n<li>Alokace aktiv<\/li>\n\n\n\n<li>V\u00fdstavba portfolia<\/li>\n\n\n\n<li>M\u011b\u0159en\u00ed v\u00fdkonu<\/li>\n\n\n\n<li>Deriv\u00e1ty a \u0159\u00edzen\u00ed rizik<\/li>\n\n\n\n<li>Etick\u00e9 a profesn\u00ed normy<\/li>\n\n\n\n<li>Soukrom\u00e9 trhy<\/li>\n\n\n\n<li>Z\u00e1kladn\u00ed strategie pro zkou\u0161ky<\/li>\n<\/ul>\n\n\n\n<p>Text lze prohled\u00e1vat pomoc\u00ed funkce vyhled\u00e1v\u00e1n\u00ed na kl\u00e1vesnici po\u010d\u00edta\u010de \u2018ctrl+f\u2019 a pomoc\u00ed vyhled\u00e1v\u00e1n\u00ed na smartphonu\/tabletu. Nejedn\u00e1 se o fyzick\u00e9 knihy, ale o digit\u00e1ln\u00ed kopie ve form\u00e1tu PDF. Pokud chcete fyzickou ti\u0161t\u011bnou kopii, nekupujte pros\u00edm tento produkt.<\/p>\n\n\n\n<p>Po dokon\u010den\u00ed platby si m\u016f\u017eete e-knihu okam\u017eit\u011b st\u00e1hnout.<\/p>","protected":false},"excerpt":{"rendered":"<p>For sale is the 2025 CFA Schweser Secret Sauce Level 3 Private Markets Pathway PDF. Includes the following topics: The text is searchable using the find feature on your computer keyboard \u2018ctrl+f\u2019 and through search on your smartphone\/tablet. These are not physical books they are PDF digital copies. Please do not purchase if you want [&hellip;]<\/p>\n","protected":false},"featured_media":12218,"comment_status":"closed","ping_status":"closed","template":"","meta":[],"product_brand":[],"product_cat":[265],"product_tag":[261,93,88,90,180,267,91,92,159],"class_list":{"0":"post-12217","1":"product","2":"type-product","3":"status-publish","4":"has-post-thumbnail","6":"product_cat-cfa-level-3","7":"product_tag-cfa-2025","8":"product_tag-cfa-books","9":"product_tag-cfa-ebooks","10":"product_tag-cfa-exam","11":"product_tag-cfa-level-3","12":"product_tag-cfa-level-3-2025","13":"product_tag-cfa-prep","14":"product_tag-cfa-test","15":"product_tag-secret-sauce","17":"first","18":"instock","19":"downloadable","20":"virtual","21":"sold-individually","22":"purchasable","23":"product-type-simple"},"_links":{"self":[{"href":"https:\/\/www.cfaebooks.com\/cs\/wp-json\/wp\/v2\/product\/12217","targetHints":{"allow":["GET"]}}],"collection":[{"href":"https:\/\/www.cfaebooks.com\/cs\/wp-json\/wp\/v2\/product"}],"about":[{"href":"https:\/\/www.cfaebooks.com\/cs\/wp-json\/wp\/v2\/types\/product"}],"replies":[{"embeddable":true,"href":"https:\/\/www.cfaebooks.com\/cs\/wp-json\/wp\/v2\/comments?post=12217"}],"wp:featuredmedia":[{"embeddable":true,"href":"https:\/\/www.cfaebooks.com\/cs\/wp-json\/wp\/v2\/media\/12218"}],"wp:attachment":[{"href":"https:\/\/www.cfaebooks.com\/cs\/wp-json\/wp\/v2\/media?parent=12217"}],"wp:term":[{"taxonomy":"product_brand","embeddable":true,"href":"https:\/\/www.cfaebooks.com\/cs\/wp-json\/wp\/v2\/product_brand?post=12217"},{"taxonomy":"product_cat","embeddable":true,"href":"https:\/\/www.cfaebooks.com\/cs\/wp-json\/wp\/v2\/product_cat?post=12217"},{"taxonomy":"product_tag","embeddable":true,"href":"https:\/\/www.cfaebooks.com\/cs\/wp-json\/wp\/v2\/product_tag?post=12217"}],"curies":[{"name":"wp","href":"https:\/\/api.w.org\/{rel}","templated":true}]}}