{"id":12195,"date":"2025-04-02T14:14:39","date_gmt":"2025-04-02T14:14:39","guid":{"rendered":"https:\/\/www.cfaebooks.com\/?post_type=product&#038;p=12195"},"modified":"2026-04-03T08:02:35","modified_gmt":"2026-04-03T08:02:35","slug":"cfa-2025-analystprep-question-bank-level-2","status":"publish","type":"product","link":"https:\/\/www.cfaebooks.com\/cs\/products\/cfa-2025-analystprep-question-bank-level-2\/","title":{"rendered":"CFA 2025 AnalystPrep Question Bank Level 2"},"content":{"rendered":"<p>For sale is the 2025 CFA AnalystPrep Question Bank Level 2 PDF.<\/p>\n\n\n\n<p>1,200 Hard Practice Questions<\/p>\n\n\n\n<p>Obsahuje sadu 10 svazk\u016f:<\/p>\n\n\n\n<ul class=\"wp-block-list\">\n<li>Kvantitativn\u00ed metody<\/li>\n\n\n\n<li>Ekonomika<\/li>\n\n\n\n<li>Finan\u010dn\u00ed_zpr\u00e1vy a anal\u00fdzy<\/li>\n\n\n\n<li>Podnikov\u00ed emitenti<\/li>\n\n\n\n<li>Equity<\/li>\n\n\n\n<li>Pevn\u00fd v\u00fdnos<\/li>\n\n\n\n<li>Deriv\u00e1ty<\/li>\n\n\n\n<li>Alternativn\u00ed investice<\/li>\n\n\n\n<li>Spr\u00e1va portfolia<\/li>\n\n\n\n<li>Etika<\/li>\n<\/ul>\n\n\n\n<p>Pokud si p\u0159ejete fyzickou kopii, nekupujte ji. <\/p>\n\n\n\n<p>Po objedn\u00e1n\u00ed si m\u016f\u017eete materi\u00e1l okam\u017eit\u011b st\u00e1hnout.<\/p>","protected":false},"excerpt":{"rendered":"<p>For sale is the 2025 CFA AnalystPrep Question Bank Level 2 PDF. 1,200 Hard Practice Questions Includes Set of 10 volumes: Please do not purchase if you want a physical hard copy. After checkout you can download the material immediately.<\/p>","protected":false},"featured_media":12196,"comment_status":"closed","ping_status":"closed","template":"","meta":[],"product_brand":[],"product_cat":[266],"product_tag":[261,93,88,90,293,166,92,168],"class_list":{"0":"post-12195","1":"product","2":"type-product","3":"status-publish","4":"has-post-thumbnail","6":"product_cat-cfa-level-2","7":"product_tag-cfa-2025","8":"product_tag-cfa-books","9":"product_tag-cfa-ebooks","10":"product_tag-cfa-exam","11":"product_tag-cfa-level-2-2025","12":"product_tag-cfa-question-bank","13":"product_tag-cfa-test","14":"product_tag-study-notes","16":"first","17":"instock","18":"downloadable","19":"virtual","20":"sold-individually","21":"purchasable","22":"product-type-simple"},"_links":{"self":[{"href":"https:\/\/www.cfaebooks.com\/cs\/wp-json\/wp\/v2\/product\/12195","targetHints":{"allow":["GET"]}}],"collection":[{"href":"https:\/\/www.cfaebooks.com\/cs\/wp-json\/wp\/v2\/product"}],"about":[{"href":"https:\/\/www.cfaebooks.com\/cs\/wp-json\/wp\/v2\/types\/product"}],"replies":[{"embeddable":true,"href":"https:\/\/www.cfaebooks.com\/cs\/wp-json\/wp\/v2\/comments?post=12195"}],"wp:featuredmedia":[{"embeddable":true,"href":"https:\/\/www.cfaebooks.com\/cs\/wp-json\/wp\/v2\/media\/12196"}],"wp:attachment":[{"href":"https:\/\/www.cfaebooks.com\/cs\/wp-json\/wp\/v2\/media?parent=12195"}],"wp:term":[{"taxonomy":"product_brand","embeddable":true,"href":"https:\/\/www.cfaebooks.com\/cs\/wp-json\/wp\/v2\/product_brand?post=12195"},{"taxonomy":"product_cat","embeddable":true,"href":"https:\/\/www.cfaebooks.com\/cs\/wp-json\/wp\/v2\/product_cat?post=12195"},{"taxonomy":"product_tag","embeddable":true,"href":"https:\/\/www.cfaebooks.com\/cs\/wp-json\/wp\/v2\/product_tag?post=12195"}],"curies":[{"name":"wp","href":"https:\/\/api.w.org\/{rel}","templated":true}]}}