{"id":12184,"date":"2025-04-02T02:18:26","date_gmt":"2025-04-02T02:18:26","guid":{"rendered":"https:\/\/www.cfaebooks.com\/?post_type=product&#038;p=12184"},"modified":"2026-04-03T08:02:33","modified_gmt":"2026-04-03T08:02:33","slug":"cfa-level-2-2025-analystprep-studijni-poznamky","status":"publish","type":"product","link":"https:\/\/www.cfaebooks.com\/cs\/products\/cfa-level-2-2025-analystprep-studijni-poznamky\/","title":{"rendered":"CFA Level 2 2025 AnalystPrep Studijn\u00ed pozn\u00e1mky"},"content":{"rendered":"<p>For sale is the 2025 CFA AnalystPrep Study Notes Level 2 PDF.<\/p>\n\n\n\n<p>Obsahuje sadu 10 svazk\u016f:<\/p>\n\n\n\n<ul class=\"wp-block-list\">\n<li>Kvantitativn\u00ed metody<\/li>\n\n\n\n<li>Ekonomika<\/li>\n\n\n\n<li>Finan\u010dn\u00ed_zpr\u00e1vy a anal\u00fdzy<\/li>\n\n\n\n<li>Podnikov\u00ed emitenti<\/li>\n\n\n\n<li>Equity<\/li>\n\n\n\n<li>Pevn\u00fd v\u00fdnos<\/li>\n\n\n\n<li>Deriv\u00e1ty<\/li>\n\n\n\n<li>Alternativn\u00ed investice<\/li>\n\n\n\n<li>Spr\u00e1va portfolia<\/li>\n\n\n\n<li>Etika<\/li>\n<\/ul>\n\n\n\n<p>Pokud si p\u0159ejete fyzickou kopii, nekupujte ji. <\/p>\n\n\n\n<p>Po objedn\u00e1n\u00ed si m\u016f\u017eete materi\u00e1l okam\u017eit\u011b st\u00e1hnout.<\/p>","protected":false},"excerpt":{"rendered":"<p>For sale is the 2025 CFA AnalystPrep Study Notes Level 2 PDF. Includes Set of 10 volumes: Please do not purchase if you want a physical hard copy. After checkout you can download the material immediately.<\/p>","protected":false},"featured_media":12185,"comment_status":"closed","ping_status":"closed","template":"","meta":[],"product_brand":[],"product_cat":[266],"product_tag":[261,93,88,90,293,92,168],"class_list":{"0":"post-12184","1":"product","2":"type-product","3":"status-publish","4":"has-post-thumbnail","6":"product_cat-cfa-level-2","7":"product_tag-cfa-2025","8":"product_tag-cfa-books","9":"product_tag-cfa-ebooks","10":"product_tag-cfa-exam","11":"product_tag-cfa-level-2-2025","12":"product_tag-cfa-test","13":"product_tag-study-notes","15":"first","16":"instock","17":"downloadable","18":"virtual","19":"sold-individually","20":"purchasable","21":"product-type-simple"},"_links":{"self":[{"href":"https:\/\/www.cfaebooks.com\/cs\/wp-json\/wp\/v2\/product\/12184","targetHints":{"allow":["GET"]}}],"collection":[{"href":"https:\/\/www.cfaebooks.com\/cs\/wp-json\/wp\/v2\/product"}],"about":[{"href":"https:\/\/www.cfaebooks.com\/cs\/wp-json\/wp\/v2\/types\/product"}],"replies":[{"embeddable":true,"href":"https:\/\/www.cfaebooks.com\/cs\/wp-json\/wp\/v2\/comments?post=12184"}],"wp:featuredmedia":[{"embeddable":true,"href":"https:\/\/www.cfaebooks.com\/cs\/wp-json\/wp\/v2\/media\/12185"}],"wp:attachment":[{"href":"https:\/\/www.cfaebooks.com\/cs\/wp-json\/wp\/v2\/media?parent=12184"}],"wp:term":[{"taxonomy":"product_brand","embeddable":true,"href":"https:\/\/www.cfaebooks.com\/cs\/wp-json\/wp\/v2\/product_brand?post=12184"},{"taxonomy":"product_cat","embeddable":true,"href":"https:\/\/www.cfaebooks.com\/cs\/wp-json\/wp\/v2\/product_cat?post=12184"},{"taxonomy":"product_tag","embeddable":true,"href":"https:\/\/www.cfaebooks.com\/cs\/wp-json\/wp\/v2\/product_tag?post=12184"}],"curies":[{"name":"wp","href":"https:\/\/api.w.org\/{rel}","templated":true}]}}