{"id":12090,"date":"2025-03-12T07:14:04","date_gmt":"2025-03-12T07:14:04","guid":{"rendered":"https:\/\/www.cfaebooks.com\/?post_type=product&#038;p=12090"},"modified":"2026-04-03T08:02:23","modified_gmt":"2026-04-03T08:02:23","slug":"cfa-2025-level-2-collections-with-study-notes-qbank-mcqs-and-mocks","status":"publish","type":"product","link":"https:\/\/www.cfaebooks.com\/cs\/products\/cfa-2025-level-2-collections-with-study-notes-qbank-mcqs-and-mocks\/","title":{"rendered":"CFA 2025 Level 2 Collections se studijn\u00edmi pozn\u00e1mkami, Qbank, MCQs a Mocks"},"content":{"rendered":"<p>For sale is the 2025 CFA Level 2 Collection with Study Notes, Qbank, MCQs, and Mocks.<\/p>\n\n\n\n<p>Balen\u00ed obsahuje:<\/p>\n\n\n\n<ol class=\"wp-block-list\">\n<li>U\u010debn\u00ed osnovy Knihy 2025<\/li>\n\n\n\n<li>Kaplan Schweser 2025 + Quicksheet<\/li>\n\n\n\n<li>Kaplan Qbank 2025<\/li>\n\n\n\n<li>Etika 200 Mcqs<\/li>\n\n\n\n<li>CFA Web Paid Qbank<\/li>\n\n\n\n<li>Uworld Qbank <\/li>\n\n\n\n<li>Kaplan Mocks<\/li>\n\n\n\n<li>Uworld Mocks<\/li>\n\n\n\n<li>Mock Kevin Haria<\/li>\n\n\n\n<li>CFA Premium Mocks<\/li>\n\n\n\n<li>Extra Full Syllabus Mock<\/li>\n\n\n\n<li>Extra p\u0159edm\u011btov\u00e9 testy<\/li>\n\n\n\n<li>Shrnut\u00ed a vzorec<\/li>\n<\/ol>\n\n\n\n<p>Nejedn\u00e1 se o fyzickou knihu, ale o digit\u00e1ln\u00ed kopii ve form\u00e1tu PDF. Pros\u00edm, nekupujte si ji, pokud chcete fyzickou ti\u0161t\u011bnou kopii.<\/p>\n\n\n\n<p>Po objedn\u00e1n\u00ed si m\u016f\u017eete materi\u00e1l okam\u017eit\u011b st\u00e1hnout.<\/p>","protected":false},"excerpt":{"rendered":"<p>For sale is the 2025 CFA Level 2 Collection with Study Notes, Qbank, MCQs, and Mocks. In the package, it is include: This is not a physical book it is a&nbsp;PDF&nbsp;digital copy. Please do not purchase if you want a physical hard copy After checkout you can download the material immediately.<\/p>","protected":false},"featured_media":17102,"comment_status":"closed","ping_status":"closed","template":"","meta":[],"product_brand":[],"product_cat":[266,273],"product_tag":[261,93,88,90,178,293,312,311,91,92,176],"class_list":{"0":"post-12090","1":"product","2":"type-product","3":"status-publish","4":"has-post-thumbnail","6":"product_cat-cfa-level-2","7":"product_cat-cfa-bundles","8":"product_tag-cfa-2025","9":"product_tag-cfa-books","10":"product_tag-cfa-ebooks","11":"product_tag-cfa-exam","12":"product_tag-cfa-level-2","13":"product_tag-cfa-level-2-2025","14":"product_tag-cfa-level-2-mocks","15":"product_tag-cfa-mocks","16":"product_tag-cfa-prep","17":"product_tag-cfa-test","18":"product_tag-mock-exam","20":"first","21":"instock","22":"downloadable","23":"virtual","24":"sold-individually","25":"purchasable","26":"product-type-simple"},"_links":{"self":[{"href":"https:\/\/www.cfaebooks.com\/cs\/wp-json\/wp\/v2\/product\/12090","targetHints":{"allow":["GET"]}}],"collection":[{"href":"https:\/\/www.cfaebooks.com\/cs\/wp-json\/wp\/v2\/product"}],"about":[{"href":"https:\/\/www.cfaebooks.com\/cs\/wp-json\/wp\/v2\/types\/product"}],"replies":[{"embeddable":true,"href":"https:\/\/www.cfaebooks.com\/cs\/wp-json\/wp\/v2\/comments?post=12090"}],"wp:featuredmedia":[{"embeddable":true,"href":"https:\/\/www.cfaebooks.com\/cs\/wp-json\/wp\/v2\/media\/17102"}],"wp:attachment":[{"href":"https:\/\/www.cfaebooks.com\/cs\/wp-json\/wp\/v2\/media?parent=12090"}],"wp:term":[{"taxonomy":"product_brand","embeddable":true,"href":"https:\/\/www.cfaebooks.com\/cs\/wp-json\/wp\/v2\/product_brand?post=12090"},{"taxonomy":"product_cat","embeddable":true,"href":"https:\/\/www.cfaebooks.com\/cs\/wp-json\/wp\/v2\/product_cat?post=12090"},{"taxonomy":"product_tag","embeddable":true,"href":"https:\/\/www.cfaebooks.com\/cs\/wp-json\/wp\/v2\/product_tag?post=12090"}],"curies":[{"name":"wp","href":"https:\/\/api.w.org\/{rel}","templated":true}]}}